{"id":14666,"date":"2019-01-26T06:23:47","date_gmt":"2019-01-26T06:23:47","guid":{"rendered":"https:\/\/houstongoldexchange.com\/?page_id=14666"},"modified":"2019-01-26T06:29:02","modified_gmt":"2019-01-26T06:29:02","slug":"consultas-de-prensa","status":"publish","type":"page","link":"https:\/\/www.houstongoldexchange.com\/es\/information\/press-media-inquiries\/","title":{"rendered":"Prensa y medios de comunicaci\u00f3n"},"content":{"rendered":"<div class=\"row row-collapse row-full-width\"  id=\"row-1140963565\">\n\n\n\t<div id=\"col-338000929\" class=\"col medium-4 small-12 large-4\"  >\n\t\t\t\t<div class=\"col-inner\"  >\n\t\t\t\n\t\t\t\n\n\n  <div class=\"banner has-hover hide-for-small\" id=\"banner-917167036\">\n          <div class=\"banner-inner fill\">\n        <div class=\"banner-bg fill\" >\n            <img loading=\"lazy\" decoding=\"async\" width=\"800\" height=\"800\" src=\"https:\/\/tara.houstongoldexchange.com\/spio\/ret_img,q_cdnize,to_auto,s_webp:avif\/www.houstongoldexchange.com\/wp-content\/uploads\/2019\/01\/diamondrings10-800x800.jpg\" class=\"bg attachment-large size-large\" alt=\"\">                                    \n                    <\/div>\n\t\t\n        <div class=\"banner-layers container\">\n            <div class=\"fill banner-link\"><\/div>            \n\n\n        <\/div>\n      <\/div>\n\n            \n<style>\n#banner-917167036 {\n  padding-top: 520px;\n}\n@media (min-width:550px) {\n  #banner-917167036 {\n    padding-top: 550px;\n  }\n}\n<\/style>\n  <\/div>\n\n\n\n\t\t<\/div>\n\t\t\t\t\t<\/div>\n\n\t\n\n\t<div id=\"col-306808137\" class=\"col medium-4 small-12 large-4\"  >\n\t\t\t\t<div class=\"col-inner\"  >\n\t\t\t\n\t\t\t\n\n\n  <div class=\"banner has-hover\" id=\"banner-268012560\">\n          <div class=\"banner-inner fill\">\n        <div class=\"banner-bg fill\" >\n                                                \n                    <\/div>\n\t\t\n        <div class=\"banner-layers container\">\n            <div class=\"fill banner-link\"><\/div>            \n\n   <div id=\"text-box-1788445707\" class=\"text-box banner-layer x50 md-x50 lg-x50 y50 md-y50 lg-y50 res-text\">\n                                <div class=\"text-box-content text\">\n              \n              <div class=\"text-inner text-center\">\n                  \n\n<h1 class=\"uppercase\"><span style=\"font-size: 100%;\"><strong>Prensa y medios de comunicaci\u00f3n<\/strong><\/span><\/h1>\n<p><span style=\"font-size: 150%;\">Para cualquier consulta de los medios de comunicaci\u00f3n, env\u00edenos un correo electr\u00f3nico a info@houstongoldexchange.com. <\/span><\/p>\n<p><span style=\"font-size: 150%;\">Para cualquier consulta de prensa, p\u00f3ngase en contacto con <\/span><\/p>\n<p><span style=\"font-size: 150%;\">press@houstongoldexchange.com<\/span><\/p>\n<div class=\"social-icons follow-icons\" style=\"font-size:156%\"><a href=\"http:\/\/x\" target=\"_blank\" data-label=\"Facebook\" class=\"icon button circle is-outline tooltip facebook\" title=\"Seguir en Facebook\" aria-label=\"Seguir en Facebook\" rel=\"noopener nofollow\"><i class=\"icon-facebook\" aria-hidden=\"true\"><\/i><\/a><a href=\"http:\/\/x\" target=\"_blank\" data-label=\"Instagram\" class=\"icon button circle is-outline tooltip instagram\" title=\"Seguir en Instagram\" aria-label=\"Seguir en Instagram\" rel=\"noopener nofollow\"><i class=\"icon-instagram\" aria-hidden=\"true\"><\/i><\/a><a href=\"http:\/\/x\" data-label=\"Twitter\" target=\"_blank\" class=\"icon button circle is-outline tooltip twitter\" title=\"Seguir en Twitter\" aria-label=\"Seguir en Twitter\" rel=\"noopener nofollow\"><i class=\"icon-twitter\" aria-hidden=\"true\"><\/i><\/a><a href=\"mailto:x\" data-label=\"E-mail\" target=\"_blank\" class=\"icon button circle is-outline tooltip email\" title=\"Env\u00edenos un correo electr\u00f3nico\" aria-label=\"Env\u00edenos un correo electr\u00f3nico\" rel=\"nofollow noopener\"><i class=\"icon-envelop\" aria-hidden=\"true\"><\/i><\/a><a href=\"http:\/\/x\" data-label=\"LinkedIn\" target=\"_blank\" class=\"icon button circle is-outline tooltip linkedin\" title=\"Seguir en LinkedIn\" aria-label=\"Seguir en LinkedIn\" rel=\"noopener nofollow\"><i class=\"icon-linkedin\" aria-hidden=\"true\"><\/i><\/a><\/div>\n\n\n              <\/div>\n           <\/div>\n                            \n<style>\n#text-box-1788445707 {\n  width: 95%;\n}\n#text-box-1788445707 .text-box-content {\n  font-size: 100%;\n}\n@media (min-width:550px) {\n  #text-box-1788445707 {\n    width: 74%;\n  }\n  #text-box-1788445707 .text-box-content {\n    font-size: 130%;\n  }\n}\n<\/style>\n    <\/div>\n \n   <div id=\"text-box-665973540\" class=\"text-box banner-layer x95 md-x95 lg-x95 y10 md-y10 lg-y10 res-text\">\n                                <div class=\"text-box-content text\">\n              \n              <div class=\"text-inner text-left\">\n                  \n\n\t<div id=\"gap-450212492\" class=\"gap-element clearfix\" style=\"display:block; height:auto;\">\n\t\t\n<style>\n#gap-450212492 {\n  padding-top: 30px;\n}\n<\/style>\n\t<\/div>\n\t\n\n\n              <\/div>\n           <\/div>\n                            \n<style>\n#text-box-665973540 {\n  width: 80%;\n}\n#text-box-665973540 .text-box-content {\n  font-size: 100%;\n}\n<\/style>\n    <\/div>\n \n\n        <\/div>\n      <\/div>\n\n            \n<style>\n#banner-268012560 {\n  padding-top: 500px;\n  background-color: rgb(255,255,255);\n}\n@media (min-width:550px) {\n  #banner-268012560 {\n    padding-top: 550px;\n  }\n}\n<\/style>\n  <\/div>\n\n\n\n\t\t<\/div>\n\t\t\t\t\t<\/div>\n\n\t\n\n\t<div id=\"col-1189942229\" class=\"col medium-4 small-12 large-4\"  >\n\t\t\t\t<div class=\"col-inner\"  >\n\t\t\t\n\t\t\t\n\n\n  <div class=\"banner has-hover hide-for-small\" id=\"banner-2047179967\">\n          <div class=\"banner-inner fill\">\n        <div class=\"banner-bg fill\" >\n            <img loading=\"lazy\" decoding=\"async\" width=\"800\" height=\"800\" src=\"https:\/\/tara.houstongoldexchange.com\/spio\/ret_img,q_cdnize,to_auto,s_webp:avif\/www.houstongoldexchange.com\/wp-content\/uploads\/2019\/01\/diamondrings11-800x800.jpg\" class=\"bg attachment-large size-large\" alt=\"\">                                    \n                    <\/div>\n\t\t\n        <div class=\"banner-layers container\">\n            <div class=\"fill banner-link\"><\/div>            \n\n\n        <\/div>\n      <\/div>\n\n            \n<style>\n#banner-2047179967 {\n  padding-top: 519px;\n}\n@media (min-width:550px) {\n  #banner-2047179967 {\n    padding-top: 550px;\n  }\n}\n<\/style>\n  <\/div>\n\n\n\n\t\t<\/div>\n\t\t\t\t\t<\/div>\n\n\t\n\n<\/div>","protected":false},"excerpt":{"rendered":"","protected":false},"author":1,"featured_media":0,"parent":14817,"menu_order":5,"comment_status":"closed","ping_status":"closed","template":"page-blank.php","meta":{"inline_featured_image":false,"footnotes":""},"class_list":["post-14666","page","type-page","status-publish","hentry"],"desktop_mode_comment_count":0,"desktop_mode_lock":null,"desktop_mode_contributors":[],"_links":{"self":[{"href":"https:\/\/www.houstongoldexchange.com\/es\/wp-json\/wp\/v2\/pages\/14666","targetHints":{"allow":["GET"]}}],"collection":[{"href":"https:\/\/www.houstongoldexchange.com\/es\/wp-json\/wp\/v2\/pages"}],"about":[{"href":"https:\/\/www.houstongoldexchange.com\/es\/wp-json\/wp\/v2\/types\/page"}],"author":[{"embeddable":true,"href":"https:\/\/www.houstongoldexchange.com\/es\/wp-json\/wp\/v2\/users\/1"}],"replies":[{"embeddable":true,"href":"https:\/\/www.houstongoldexchange.com\/es\/wp-json\/wp\/v2\/comments?post=14666"}],"version-history":[{"count":0,"href":"https:\/\/www.houstongoldexchange.com\/es\/wp-json\/wp\/v2\/pages\/14666\/revisions"}],"up":[{"embeddable":true,"href":"https:\/\/www.houstongoldexchange.com\/es\/wp-json\/wp\/v2\/pages\/14817"}],"wp:attachment":[{"href":"https:\/\/www.houstongoldexchange.com\/es\/wp-json\/wp\/v2\/media?parent=14666"}],"curies":[{"name":"wp","href":"https:\/\/api.w.org\/{rel}","templated":true}]}}