{"id":36557,"date":"2019-01-30T01:51:57","date_gmt":"2019-01-30T01:51:57","guid":{"rendered":"https:\/\/houstongoldexchange.com\/?page_id=36557"},"modified":"2023-07-07T12:59:28","modified_gmt":"2023-07-07T12:59:28","slug":"informacion-de-entrega","status":"publish","type":"page","link":"https:\/\/www.houstongoldexchange.com\/es\/information\/delivery-information\/","title":{"rendered":"Informaci\u00f3n de entrega"},"content":{"rendered":"<section class=\"section dark\" id=\"section_1687418240\">\n\t\t<div class=\"section-bg fill\" >\n\t\t\t\t\t\t\t\t\t\n\t\t\t\n\n\t\t<\/div>\n\n\t\t\n\n\t\t<div class=\"section-content relative\">\n\t\t\t\n\t<div id=\"gap-316269955\" class=\"gap-element clearfix\" style=\"display:block; height:auto;\">\n\t\t\n<style>\n#gap-316269955 {\n  padding-top: 20px;\n}\n<\/style>\n\t<\/div>\n\t\n\t<div id=\"text-3460308812\" class=\"text\">\n\t\t\n<h2>Informaci\u00f3n de entrega<\/h2>\n<p><span style=\"font-size: 120%;\">Visi\u00f3n general<\/span><\/p>\n\t\t\n<style>\n#text-3460308812 {\n  text-align: center;\n}\n<\/style>\n\t<\/div>\n\t\n<div class=\"text-center\"><div class=\"is-divider divider clearfix\" style=\"margin-top:0.3em;margin-bottom:0.3em;\"><\/div><\/div>\n\t<div id=\"text-3640197618\" class=\"text\">\n\t\t\n<div id=\"statement_header\">\n<p><strong>Entrega est\u00e1ndar<\/strong><\/p>\n<p>El paquete llega en un plazo de 3 a 6 d\u00edas laborables.<br \/>Los env\u00edos a Alaska, Hawai, territorios de EE.UU. y direcciones APO\/FPO tardan un tiempo adicional.<br \/>Si el env\u00edo se realiza a m\u00e1s de una direcci\u00f3n, a\u00f1ada $5 por cada direcci\u00f3n adicional.<\/p>\n<p><strong>Entrega urgente*.<\/strong><\/p>\n<p>Los paquetes llegan en un plazo de 2-3 d\u00edas laborables, siempre que el pedido se realice antes de las 6 PM (ET).<br \/>Por cada direcci\u00f3n con al menos un art\u00edculo Rush, a\u00f1ada $7.50 a los gastos de env\u00edo est\u00e1ndar.<br \/>No disponible para env\u00edos a apartados de correos, territorios de EE.UU. y direcciones APO\/FPO.<br \/>No disponible para todos los art\u00edculos in situ. Consulta los detalles del producto para conocer las restricciones de env\u00edo.<\/p>\n<p><strong>Entrega al siguiente d\u00eda laborable*.<\/strong><\/p>\n<p>Los paquetes llegan en el plazo de 1 d\u00eda laborable, siempre que el pedido se realice antes de las 6 PM (ET).<br \/>Por cada direcci\u00f3n con al menos un art\u00edculo para entrega al siguiente d\u00eda laborable, a\u00f1ada $15.00 al cargo de entrega est\u00e1ndar.<br \/>No disponible para env\u00edos a apartados de correos, territorios de EE.UU. y direcciones APO\/FPO.<br \/>No disponible para todos los art\u00edculos in situ. Consulta los detalles del producto para conocer las restricciones de env\u00edo.<\/p>\n<p><strong>Entrega en s\u00e1bado*.<\/strong><\/p>\n<p>Los paquetes llegan el s\u00e1bado, siempre que el pedido se realice antes de las 18.00 horas (ET) del viernes.<br \/>Por cada direcci\u00f3n con al menos un art\u00edculo para el s\u00e1bado, a\u00f1ada $25,00 a los gastos de env\u00edo est\u00e1ndar.<br \/>No disponible para env\u00edos a apartados de correos, territorios de EE.UU. y direcciones APO\/FPO.<br \/>No disponible para todos los art\u00edculos in situ. Consulta los detalles del producto para conocer las restricciones de env\u00edo.<\/p>\n<\/div>\n\t\t\n<style>\n#text-3640197618 {\n  text-align: center;\n}\n<\/style>\n\t<\/div>\n\t\n\t<div id=\"gap-98824178\" class=\"gap-element clearfix\" style=\"display:block; height:auto;\">\n\t\t\n<style>\n#gap-98824178 {\n  padding-top: 20px;\n}\n<\/style>\n\t<\/div>\n\t\n\t\t<\/div>\n\n\t\t\n<style>\n#section_1687418240 {\n  padding-top: 30px;\n  padding-bottom: 30px;\n  background-color: #797979;\n}\n<\/style>\n\t<\/section>","protected":false},"excerpt":{"rendered":"","protected":false},"author":1,"featured_media":0,"parent":14817,"menu_order":1,"comment_status":"closed","ping_status":"closed","template":"","meta":{"inline_featured_image":false,"footnotes":""},"class_list":["post-36557","page","type-page","status-publish","hentry"],"desktop_mode_comment_count":0,"desktop_mode_lock":null,"desktop_mode_contributors":[],"_links":{"self":[{"href":"https:\/\/www.houstongoldexchange.com\/es\/wp-json\/wp\/v2\/pages\/36557","targetHints":{"allow":["GET"]}}],"collection":[{"href":"https:\/\/www.houstongoldexchange.com\/es\/wp-json\/wp\/v2\/pages"}],"about":[{"href":"https:\/\/www.houstongoldexchange.com\/es\/wp-json\/wp\/v2\/types\/page"}],"author":[{"embeddable":true,"href":"https:\/\/www.houstongoldexchange.com\/es\/wp-json\/wp\/v2\/users\/1"}],"replies":[{"embeddable":true,"href":"https:\/\/www.houstongoldexchange.com\/es\/wp-json\/wp\/v2\/comments?post=36557"}],"version-history":[{"count":0,"href":"https:\/\/www.houstongoldexchange.com\/es\/wp-json\/wp\/v2\/pages\/36557\/revisions"}],"up":[{"embeddable":true,"href":"https:\/\/www.houstongoldexchange.com\/es\/wp-json\/wp\/v2\/pages\/14817"}],"wp:attachment":[{"href":"https:\/\/www.houstongoldexchange.com\/es\/wp-json\/wp\/v2\/media?parent=36557"}],"curies":[{"name":"wp","href":"https:\/\/api.w.org\/{rel}","templated":true}]}}