{"id":44799,"date":"2023-07-07T10:37:48","date_gmt":"2023-07-07T10:37:48","guid":{"rendered":"https:\/\/www.houstongoldexchange.com\/?page_id=44799"},"modified":"2023-07-07T10:44:57","modified_gmt":"2023-07-07T10:44:57","slug":"suscripcion-al-boletin","status":"publish","type":"page","link":"https:\/\/www.houstongoldexchange.com\/es\/newsletter-signup\/","title":{"rendered":"Suscripci\u00f3n al bolet\u00edn de noticias"},"content":{"rendered":"<section class=\"section\" id=\"section_1468999200\">\n\t\t<div class=\"section-bg fill\" >\n\t\t\t\t\t\t\t\t\t\n\t\t\t\n\n\t\t<\/div>\n\n\t\t\n\n\t\t<div class=\"section-content relative\">\n\t\t\t\n\t<div id=\"gap-56357213\" class=\"gap-element clearfix\" style=\"display:block; height:auto;\">\n\t\t\n<style>\n#gap-56357213 {\n  padding-top: 30px;\n}\n<\/style>\n\t<\/div>\n\t\n<div class=\"row\"  id=\"row-721940129\">\n\n\t<div id=\"col-1810086009\" class=\"col medium-12 small-12 large-9\"  >\n\t\t\t\t<div class=\"col-inner dark\" style=\"background-color:#797979;\" >\n\t\t\t\n\t\t\t\n\t<div id=\"text-2518061057\" class=\"text\">\n\t\t\n<p>Siempre al d\u00eda<br \/>\n\t\t\n<style>\n#text-2518061057 {\n  line-height: 1.1;\n}\n<\/style>\n\t<\/div>\n\t\n\t<div id=\"gap-671791246\" class=\"gap-element clearfix\" style=\"display:block; height:auto;\">\n\t\t\n<style>\n#gap-671791246 {\n  padding-top: 10px;\n}\n<\/style>\n\t<\/div>\n\t\n\t<div id=\"text-249128746\" class=\"text\">\n\t\t\n<h3>Suscr\u00edbase a nuestro bolet\u00edn<\/h3>\n\t\t\n<style>\n#text-249128746 {\n  font-size: 2.5rem;\n  line-height: 1.1;\n}\n@media (min-width:550px) {\n  #text-249128746 {\n    font-size: 2.75rem;\n  }\n}\n<\/style>\n\t<\/div>\n\t\n<p class=\"lead\">Reg\u00edstrese para recibir anuncios de nuevos productos, ofertas y eventos especiales, y mucho m\u00e1s.<\/p>\n\t<div id=\"gap-448709300\" class=\"gap-element clearfix\" style=\"display:block; height:auto;\">\n\t\t\n<style>\n#gap-448709300 {\n  padding-top: 10px;\n}\n@media (min-width:550px) {\n  #gap-448709300 {\n    padding-top: 30px;\n  }\n}\n<\/style>\n\t<\/div>\n\t\n\n<div class=\"wpcf7 no-js\" id=\"wpcf7-f7-o1\" lang=\"en-US\" dir=\"ltr\" data-wpcf7-id=\"7\">\n<div class=\"screen-reader-response\"><p role=\"status\" aria-live=\"polite\" aria-atomic=\"true\"><\/p> <ul><\/ul><\/div>\n<form action=\"\/es\/wp-json\/wp\/v2\/pages\/44799#wpcf7-f7-o1\" method=\"post\" class=\"wpcf7-form init\" aria-label=\"Formulario de contacto\" novalidate=\"novalidate\" data-status=\"init\" data-trp-original-action=\"\/es\/wp-json\/wp\/v2\/pages\/44799#wpcf7-f7-o1\">\n<fieldset class=\"hidden-fields-container\"><input type=\"hidden\" name=\"_wpcf7\" value=\"7\" \/><input type=\"hidden\" name=\"_wpcf7_version\" value=\"6.1.5\" \/><input type=\"hidden\" name=\"_wpcf7_locale\" value=\"en_US\" \/><input type=\"hidden\" name=\"_wpcf7_unit_tag\" value=\"wpcf7-f7-o1\" \/><input type=\"hidden\" name=\"_wpcf7_container_post\" value=\"0\" \/><input type=\"hidden\" name=\"_wpcf7_posted_data_hash\" value=\"\" \/>\n<\/fieldset>\n<div class=\"wpcf7-turnstile cf-turnstile\" data-sitekey=\"0x4AAAAAABpZYkgpE3Ej4cSQ\" data-response-field-name=\"_wpcf7_turnstile_response\"><\/div>\n\n<div class=\"form-flat\">\n\t<p><span class=\"wpcf7-form-control-wrap\" data-name=\"your-email\"><input size=\"40\" maxlength=\"400\" class=\"wpcf7-form-control wpcf7-email wpcf7-validates-as-required wpcf7-text wpcf7-validates-as-email\" aria-required=\"true\" aria-invalid=\"false\" placeholder=\"Introduzca su direcci\u00f3n de correo electr\u00f3nico para recibir una notificaci\u00f3n\" value=\"\" type=\"email\" name=\"your-email\" \/><\/span>\n\t<\/p>\n\t<p><input class=\"wpcf7-form-control wpcf7-submit has-spinner button\" type=\"submit\" value=\"Enviar\" \/>\n\t<\/p>\n<\/div><div class=\"wpcf7-response-output\" aria-hidden=\"true\"><\/div><input type=\"hidden\" value=\"0\" class=\"cf7-thankyou-page-failed\" ><input type=\"hidden\" value=\"0\" class=\"cf7-thankyou-page-success\" >\n<input type=\"hidden\" name=\"trp-form-language\" value=\"es\"\/><\/form>\n<\/div>\n\n\t\t<\/div>\n\t\t\t\t\n<style>\n#col-1810086009 > .col-inner {\n  padding: 10% 10% 15% 10%;\n}\n@media (min-width:550px) {\n  #col-1810086009 > .col-inner {\n    padding: 10% 10% 12% 10%;\n  }\n}\n@media (min-width:850px) {\n  #col-1810086009 > .col-inner {\n    padding: 15% 40% 15% 10%;\n  }\n}\n<\/style>\n\t<\/div>\n\n\t\n<\/div>\n<div class=\"row align-right\"  id=\"row-2002807990\">\n\n\t<div id=\"col-1828176315\" class=\"col medium-12 small-12 large-6\"  >\n\t\t\t\t<div class=\"col-inner\"  >\n\t\t\t\n\t\t\t\n\n  <div class=\"banner has-hover\" id=\"banner-136846099\">\n          <div class=\"banner-inner fill\">\n        <div class=\"banner-bg fill\" >\n                                                \n                    <\/div>\n\t\t\n        <div class=\"banner-layers container\">\n            <div class=\"fill banner-link\"><\/div>            \n   <div id=\"text-box-1076129366\" class=\"text-box banner-layer x50 md-x50 lg-x50 y50 md-y50 lg-y50 res-text\">\n                                <div class=\"text-box-content text dark\">\n              \n              <div class=\"text-inner text-center\">\n                  \n\t<div class=\"img has-hover x md-x lg-x y md-y lg-y\" id=\"image_1970428000\">\n\t\t\t\t\t\t\t\t<div class=\"img-inner dark\" >\n\t\t\t<img loading=\"lazy\" decoding=\"async\" width=\"745\" height=\"730\" src=\"https:\/\/www.houstongoldexchange.com\/wp-content\/uploads\/2023\/06\/Custom-Jewelry-2.jpg\" class=\"attachment-large size-large\" alt=\"Anillo de diamantes y oro rosa sobre fondo negro.\" srcset=\"https:\/\/www.houstongoldexchange.com\/wp-content\/uploads\/2023\/06\/Custom-Jewelry-2.jpg.avif 745w, https:\/\/www.houstongoldexchange.com\/wp-content\/uploads\/2023\/06\/Custom-Jewelry-2-64x63.jpg 64w, https:\/\/www.houstongoldexchange.com\/wp-content\/uploads\/2023\/06\/Custom-Jewelry-2-408x400.jpg 408w, https:\/\/www.houstongoldexchange.com\/wp-content\/uploads\/2023\/06\/Custom-Jewelry-2-510x500.jpg 510w\" sizes=\"auto, (max-width: 745px) 100vw, 745px\" \/>\t\t\t\t\t\t\n\t\t\t\t\t<\/div>\n\t\t\t\t\t\t\t\t\n<style>\n#image_1970428000 {\n  width: 100%;\n}\n<\/style>\n\t<\/div>\n\t\n              <\/div>\n           <\/div>\n                            \n<style>\n#text-box-1076129366 {\n  width: 60%;\n}\n#text-box-1076129366 .text-box-content {\n  font-size: 100%;\n}\n<\/style>\n    <\/div>\n \n        <\/div>\n      <\/div>\n\n            \n<style>\n#banner-136846099 {\n  padding-top: 400px;\n  background-color: rgba(255, 255, 255, 0);\n}\n@media (min-width:550px) {\n  #banner-136846099 {\n    padding-top: 500px;\n  }\n}\n@media (min-width:850px) {\n  #banner-136846099 {\n    padding-top: 600px;\n  }\n}\n<\/style>\n  <\/div>\n\n\n\t\t<\/div>\n\t\t\t\t\n<style>\n#col-1828176315 > .col-inner {\n  margin: -60px 0px 0px 0px;\n}\n@media (min-width:850px) {\n  #col-1828176315 > .col-inner {\n    margin: -570px 0px 0px 0px;\n  }\n}\n<\/style>\n\t<\/div>\n\n\t\n<\/div>\n\t\t<\/div>\n\n\t\t\n<style>\n#section_1468999200 {\n  padding-top: 30px;\n  padding-bottom: 30px;\n}\n<\/style>\n\t<\/section>","protected":false},"excerpt":{"rendered":"","protected":false},"author":1,"featured_media":0,"parent":0,"menu_order":20,"comment_status":"closed","ping_status":"closed","template":"","meta":{"inline_featured_image":false,"footnotes":""},"class_list":["post-44799","page","type-page","status-publish","hentry"],"desktop_mode_comment_count":0,"desktop_mode_lock":null,"desktop_mode_contributors":[],"_links":{"self":[{"href":"https:\/\/www.houstongoldexchange.com\/es\/wp-json\/wp\/v2\/pages\/44799","targetHints":{"allow":["GET"]}}],"collection":[{"href":"https:\/\/www.houstongoldexchange.com\/es\/wp-json\/wp\/v2\/pages"}],"about":[{"href":"https:\/\/www.houstongoldexchange.com\/es\/wp-json\/wp\/v2\/types\/page"}],"author":[{"embeddable":true,"href":"https:\/\/www.houstongoldexchange.com\/es\/wp-json\/wp\/v2\/users\/1"}],"replies":[{"embeddable":true,"href":"https:\/\/www.houstongoldexchange.com\/es\/wp-json\/wp\/v2\/comments?post=44799"}],"version-history":[{"count":0,"href":"https:\/\/www.houstongoldexchange.com\/es\/wp-json\/wp\/v2\/pages\/44799\/revisions"}],"wp:attachment":[{"href":"https:\/\/www.houstongoldexchange.com\/es\/wp-json\/wp\/v2\/media?parent=44799"}],"curies":[{"name":"wp","href":"https:\/\/api.w.org\/{rel}","templated":true}]}}