{"id":44958,"date":"2024-08-19T03:44:49","date_gmt":"2024-08-19T03:44:49","guid":{"rendered":"https:\/\/www.houstongoldexchange.com\/?page_id=44958"},"modified":"2024-08-19T03:48:28","modified_gmt":"2024-08-19T03:48:28","slug":"bolsos-de-diseno","status":"publish","type":"page","link":"https:\/\/www.houstongoldexchange.com\/es\/designer-handbags\/","title":{"rendered":"Bolsos de dise\u00f1o"},"content":{"rendered":"<section class=\"section\" id=\"section_1337067169\">\n\t\t<div class=\"section-bg fill\" >\n\t\t\t\t\t\t\t\t\t\n\t\t\t\n\n\t\t<\/div>\n\n\t\t\n\n\t\t<div class=\"section-content relative\">\n\t\t\t\n<div class=\"row row-collapse\"  id=\"row-1634283922\">\n\n\t<div id=\"col-1236664723\" class=\"col medium-6 small-12 large-6\"  >\n\t\t\t\t<div class=\"col-inner\"  >\n\t\t\t\n\t\t\t\n\n  <div class=\"banner has-hover\" id=\"banner-280565822\">\n          <div class=\"banner-inner fill\">\n        <div class=\"banner-bg fill\" >\n                                                \n                    <\/div>\n\t\t\n        <div class=\"banner-layers container\">\n            <div class=\"fill banner-link\"><\/div>            \n\t<div class=\"img has-hover x50 md-x50 lg-x50 y50 md-y50 lg-y50\" id=\"image_1703588554\">\n\t\t\t\t\t\t\t\t<div class=\"img-inner dark\" style=\"margin:0px 0px 0px 5px0;\">\n\t\t\t<img loading=\"lazy\" decoding=\"async\" width=\"768\" height=\"768\" src=\"https:\/\/www.houstongoldexchange.com\/wp-content\/uploads\/2024\/08\/houston-designer-handbags-768x768.png\" class=\"attachment-medium_large size-medium_large\" alt=\"Bolso Birkin de lujo de Herm\u00e8s, de piel negra, con herrajes dorados y dijes.\" srcset=\"https:\/\/www.houstongoldexchange.com\/wp-content\/uploads\/2024\/08\/houston-designer-handbags-768x768.png 768w, https:\/\/www.houstongoldexchange.com\/wp-content\/uploads\/2024\/08\/houston-designer-handbags-64x64.png 64w, https:\/\/www.houstongoldexchange.com\/wp-content\/uploads\/2024\/08\/houston-designer-handbags-400x400.png 400w, https:\/\/www.houstongoldexchange.com\/wp-content\/uploads\/2024\/08\/houston-designer-handbags-800x800.png 800w, https:\/\/www.houstongoldexchange.com\/wp-content\/uploads\/2024\/08\/houston-designer-handbags-300x300.png 300w, https:\/\/www.houstongoldexchange.com\/wp-content\/uploads\/2024\/08\/houston-designer-handbags-510x510.png 510w, https:\/\/www.houstongoldexchange.com\/wp-content\/uploads\/2024\/08\/houston-designer-handbags-100x100.png 100w, https:\/\/www.houstongoldexchange.com\/wp-content\/uploads\/2024\/08\/houston-designer-handbags.png 1330w, https:\/\/www.houstongoldexchange.com\/wp-content\/uploads\/2024\/08\/houston-designer-handbags-300x300@2x.png 600w, https:\/\/www.houstongoldexchange.com\/wp-content\/uploads\/2024\/08\/houston-designer-handbags-510x510@2x.png 1020w, https:\/\/www.houstongoldexchange.com\/wp-content\/uploads\/2024\/08\/houston-designer-handbags-100x100@2x.png 200w\" sizes=\"auto, (max-width: 768px) 100vw, 768px\" \/>\t\t\t\t\t\t\n\t\t\t\t\t<\/div>\n\t\t\t\t\t\t\t\t\n<style>\n#image_1703588554 {\n  width: 52%;\n}\n@media (min-width:550px) {\n  #image_1703588554 {\n    width: 65%;\n  }\n}\n@media (min-width:850px) {\n  #image_1703588554 {\n    width: 75%;\n  }\n}\n<\/style>\n\t<\/div>\n\t\n        <\/div>\n      <\/div>\n\n            \n<style>\n#banner-280565822 {\n  padding-top: 291px;\n  background-color: #797979;\n}\n@media (min-width:550px) {\n  #banner-280565822 {\n    padding-top: 696px;\n  }\n}\n<\/style>\n  <\/div>\n\n\n\t\t<\/div>\n\t\t\t\t\t<\/div>\n\n\t\n\n\t<div id=\"col-263169079\" class=\"col medium-6 small-12 large-6\"  >\n\t\t\t\t<div class=\"col-inner\"  >\n\t\t\t\n\t\t\t\n\n  <div class=\"banner has-hover\" id=\"banner-260122668\">\n          <div class=\"banner-inner fill\">\n        <div class=\"banner-bg fill\" >\n                                                \n                    <\/div>\n\t\t\n        <div class=\"banner-layers container\">\n            <div class=\"fill banner-link\"><\/div>            \n   <div id=\"text-box-504761611\" class=\"text-box banner-layer x50 md-x50 lg-x50 y50 md-y50 lg-y50 res-text\">\n                                <div class=\"text-box-content text dark\">\n              \n              <div class=\"text-inner text-center\">\n                  \n<h1 class=\"uppercase\"><strong>Pr\u00f3ximamente.<\/strong><\/h1>\n<div class=\"is-divider divider clearfix\" style=\"max-width:40px;\"><\/div>\n<h4 class=\"lead\"><span style=\"font-size: 100%;\">Nuestro inventario de Bolsos de dise\u00f1o se encuentra actualmente en mantenimiento programado. Volveremos en breve. Gracias por su paciencia.<\/span><\/h4>\n\n<div class=\"wpcf7 no-js\" id=\"wpcf7-f7-o1\" lang=\"en-US\" dir=\"ltr\" data-wpcf7-id=\"7\">\n<div class=\"screen-reader-response\"><p role=\"status\" aria-live=\"polite\" aria-atomic=\"true\"><\/p> <ul><\/ul><\/div>\n<form action=\"\/es\/wp-json\/wp\/v2\/pages\/44958#wpcf7-f7-o1\" method=\"post\" class=\"wpcf7-form init\" aria-label=\"Formulario de contacto\" novalidate=\"novalidate\" data-status=\"init\" data-trp-original-action=\"\/es\/wp-json\/wp\/v2\/pages\/44958#wpcf7-f7-o1\">\n<fieldset class=\"hidden-fields-container\"><input type=\"hidden\" name=\"_wpcf7\" value=\"7\" \/><input type=\"hidden\" name=\"_wpcf7_version\" value=\"6.1.5\" \/><input type=\"hidden\" name=\"_wpcf7_locale\" value=\"en_US\" \/><input type=\"hidden\" name=\"_wpcf7_unit_tag\" value=\"wpcf7-f7-o1\" \/><input type=\"hidden\" name=\"_wpcf7_container_post\" value=\"0\" \/><input type=\"hidden\" name=\"_wpcf7_posted_data_hash\" value=\"\" \/>\n<\/fieldset>\n<div class=\"wpcf7-turnstile cf-turnstile\" data-sitekey=\"0x4AAAAAABpZYkgpE3Ej4cSQ\" data-response-field-name=\"_wpcf7_turnstile_response\"><\/div>\n\n<div class=\"form-flat\">\n\t<p><span class=\"wpcf7-form-control-wrap\" data-name=\"your-email\"><input size=\"40\" maxlength=\"400\" class=\"wpcf7-form-control wpcf7-email wpcf7-validates-as-required wpcf7-text wpcf7-validates-as-email\" aria-required=\"true\" aria-invalid=\"false\" placeholder=\"Introduzca su direcci\u00f3n de correo electr\u00f3nico para recibir una notificaci\u00f3n\" value=\"\" type=\"email\" name=\"your-email\" \/><\/span>\n\t<\/p>\n\t<p><input class=\"wpcf7-form-control wpcf7-submit has-spinner button\" type=\"submit\" value=\"Enviar\" \/>\n\t<\/p>\n<\/div><div class=\"wpcf7-response-output\" aria-hidden=\"true\"><\/div><input type=\"hidden\" value=\"0\" class=\"cf7-thankyou-page-failed\" ><input type=\"hidden\" value=\"0\" class=\"cf7-thankyou-page-success\" >\n<input type=\"hidden\" name=\"trp-form-language\" value=\"es\"\/><\/form>\n<\/div>\n\n              <\/div>\n           <\/div>\n                            \n<style>\n#text-box-504761611 {\n  width: 88%;\n}\n#text-box-504761611 .text-box-content {\n  font-size: 100%;\n}\n@media (min-width:550px) {\n  #text-box-504761611 {\n    width: 90%;\n  }\n}\n@media (min-width:850px) {\n  #text-box-504761611 {\n    width: 71%;\n  }\n}\n<\/style>\n    <\/div>\n \n        <\/div>\n      <\/div>\n\n            \n<style>\n#banner-260122668 {\n  padding-top: 400px;\n  background-color: rgb(39, 39, 39);\n}\n@media (min-width:550px) {\n  #banner-260122668 {\n    padding-top: 696px;\n  }\n}\n<\/style>\n  <\/div>\n\n\n\t\t<\/div>\n\t\t\t\t\t<\/div>\n\n\t\n<\/div>\n\t\t<\/div>\n\n\t\t\n<style>\n#section_1337067169 {\n  padding-top: 0px;\n  padding-bottom: 0px;\n}\n@media (min-width:550px) {\n  #section_1337067169 {\n    padding-top: 50px;\n    padding-bottom: 50px;\n  }\n}\n<\/style>\n\t<\/section>","protected":false},"excerpt":{"rendered":"","protected":false},"author":1,"featured_media":0,"parent":0,"menu_order":10,"comment_status":"closed","ping_status":"closed","template":"page-blank.php","meta":{"inline_featured_image":false,"footnotes":""},"class_list":["post-44958","page","type-page","status-publish","hentry"],"desktop_mode_comment_count":0,"desktop_mode_lock":null,"desktop_mode_contributors":[],"_links":{"self":[{"href":"https:\/\/www.houstongoldexchange.com\/es\/wp-json\/wp\/v2\/pages\/44958","targetHints":{"allow":["GET"]}}],"collection":[{"href":"https:\/\/www.houstongoldexchange.com\/es\/wp-json\/wp\/v2\/pages"}],"about":[{"href":"https:\/\/www.houstongoldexchange.com\/es\/wp-json\/wp\/v2\/types\/page"}],"author":[{"embeddable":true,"href":"https:\/\/www.houstongoldexchange.com\/es\/wp-json\/wp\/v2\/users\/1"}],"replies":[{"embeddable":true,"href":"https:\/\/www.houstongoldexchange.com\/es\/wp-json\/wp\/v2\/comments?post=44958"}],"version-history":[{"count":2,"href":"https:\/\/www.houstongoldexchange.com\/es\/wp-json\/wp\/v2\/pages\/44958\/revisions"}],"predecessor-version":[{"id":45089,"href":"https:\/\/www.houstongoldexchange.com\/es\/wp-json\/wp\/v2\/pages\/44958\/revisions\/45089"}],"wp:attachment":[{"href":"https:\/\/www.houstongoldexchange.com\/es\/wp-json\/wp\/v2\/media?parent=44958"}],"curies":[{"name":"wp","href":"https:\/\/api.w.org\/{rel}","templated":true}]}}