{"id":864,"date":"2019-01-25T03:35:15","date_gmt":"2019-01-25T03:35:15","guid":{"rendered":"https:\/\/houstongoldexchange.com\/?page_id=864"},"modified":"2023-06-21T00:16:09","modified_gmt":"2023-06-21T00:16:09","slug":"educacion-en-diamantes","status":"publish","type":"page","link":"https:\/\/www.houstongoldexchange.com\/es\/diamond-education\/","title":{"rendered":"Educaci\u00f3n Diamante"},"content":{"rendered":"<section class=\"section dark\" id=\"section_257702735\">\n\t\t<div class=\"section-bg fill\" >\n\t\t\t\t\t\t\t\t\t<div class=\"section-bg-overlay absolute fill\"><\/div>\n\t\t\t\n\n\t\t<\/div>\n\n\t\t\n\n\t\t<div class=\"section-content relative\">\n\t\t\t\n<div class=\"container section-title-container\" style=\"margin-top:40px;\"><h2 class=\"section-title section-title-bold-center\"><b aria-hidden=\"true\"><\/b><span class=\"section-title-main\" style=\"color:rgb(255, 255, 255);\">Conozca las 4C y c\u00f3mo elegir un diamante en Houston<\/span><b aria-hidden=\"true\"><\/b><\/h2><\/div>\n<div class=\"row row-large align-center\"  id=\"row-409759908\">\n\n\t<div id=\"col-1074748920\" class=\"col large-12\"  >\n\t\t\t\t<div class=\"col-inner\"  >\n\t\t\t\n\t\t\t\n<div class=\"video video-fit mb box-shadow-1\" style=\"padding-top:42%;\"><p><iframe loading=\"lazy\" title=\"C\u00f3mo elegir un diamante: Gu\u00eda de cuatro minutos para la graduaci\u00f3n de diamantes por GIA\" width=\"1020\" height=\"574\" src=\"https:\/\/www.youtube.com\/embed\/tXdPlZPI9qM?feature=oembed\" frameborder=\"0\" allow=\"accelerometer; autoplay; clipboard-write; encrypted-media; gyroscope; picture-in-picture; web-share\" referrerpolicy=\"strict-origin-when-cross-origin\" allowfullscreen><\/iframe><\/p>\n<\/div>\n\t\t<\/div>\n\t\t\t\t\t<\/div>\n\n\t\n<\/div>\n\t\t<\/div>\n\n\t\t\n<style>\n#section_257702735 {\n  padding-top: 0px;\n  padding-bottom: 0px;\n}\n#section_257702735 .section-bg-overlay {\n  background-color: rgba(0, 0, 0, 0.85);\n}\n<\/style>\n\t<\/section>\n\t\n\n\t<section class=\"section\" id=\"section_1471974580\">\n\t\t<div class=\"section-bg fill\" >\n\t\t\t\t\t\t\t\t\t<div class=\"section-bg-overlay absolute fill\"><\/div>\n\t\t\t\n\n\t\t<\/div>\n\n\t\t\n\n\t\t<div class=\"section-content relative\">\n\t\t\t\n<div class=\"row row-large align-center\"  id=\"row-1651744007\">\n\n\t<div id=\"col-2071922954\" class=\"col medium-7 small-12 large-7\"  >\n\t\t\t\t<div class=\"col-inner text-left\"  >\n\t\t\t\n\t\t\t\n<p>&nbsp;<\/p>\n<h1>Las 4C de la calidad del diamante<\/h1>\n<p>Precioso. Raro. Apreciado. Cada diamante es \u00fanico y es un milagro del tiempo, el lugar y el cambio. Y cada uno tiene cualidades espec\u00edficas que establecen su valor.<\/p>\n\t<div class=\"img has-hover x md-x lg-x y md-y lg-y\" id=\"image_309865288\">\n\t\t\t\t\t\t\t\t<div class=\"img-inner dark\" >\n\t\t\t<img loading=\"lazy\" decoding=\"async\" width=\"700\" height=\"394\" src=\"https:\/\/www.houstongoldexchange.com\/wp-content\/uploads\/2019\/01\/GIA-Updated4cs.jpg\" class=\"attachment-large size-large\" alt=\"\" srcset=\"https:\/\/www.houstongoldexchange.com\/wp-content\/uploads\/2019\/01\/GIA-Updated4cs.jpg.avif 700w, https:\/\/www.houstongoldexchange.com\/wp-content\/uploads\/2019\/01\/GIA-Updated4cs-64x36.jpg 64w, https:\/\/www.houstongoldexchange.com\/wp-content\/uploads\/2019\/01\/GIA-Updated4cs-510x287.jpg.avif 510w\" sizes=\"auto, (max-width: 700px) 100vw, 700px\">\t\t\t\t\t\t\n\t\t\t\t\t<\/div>\n\t\t\t\t\t\t\t\t\n<style>\n#image_309865288 {\n  width: 100%;\n}\n<\/style>\n\t<\/div>\n\t\n<p>Hasta mediados del siglo XX, no exist\u00eda una norma consensuada para juzgar los diamantes. El GIA cre\u00f3 la primera norma, ahora aceptada en todo el mundo, para describir los diamantes: Color, Claridad, Talla y Peso en Quilates. Hoy en d\u00eda, las 4C de la calidad del diamante es el m\u00e9todo universal para evaluar la calidad de cualquier diamante, en cualquier parte del mundo. La creaci\u00f3n de las 4C del diamante signific\u00f3 dos cosas muy importantes: la calidad del diamante podr\u00eda comunicarse en un lenguaje universal, y los clientes de diamantes podr\u00edan ahora saber exactamente lo que estaban a punto de comprar.<\/p>\n<p>Como creador de las 4Cs del Diamante y del International Diamond Grading System\u2122, GIA no es s\u00f3lo una autoridad global, sino la fuente de confianza mundial para una evaluaci\u00f3n imparcial.<\/p>\n\t\t<\/div>\n\t\t\t\t\t<\/div>\n\n\t\n\n\t<div id=\"col-894376580\" class=\"col medium-4 small-12 large-4\"  >\n\t\t\t\t<div class=\"col-inner text-center\"  >\n\t\t\t\n\t\t\t\n<div class=\"container section-title-container\" style=\"margin-top:40px;\"><h4 class=\"section-title section-title-bold-center\"><b aria-hidden=\"true\"><\/b><span class=\"section-title-main\" >Diamond Education Houston<\/span><b aria-hidden=\"true\"><\/b><\/h4><\/div>\n<a href=\"\/es\/educacion-en-diamantes\/\" class=\"button secondary is-link box-shadow-1-hover expand\" >\n\t\t<span>Educaci\u00f3n 4C<\/span>\n\t<i class=\"icon-angle-left\" aria-hidden=\"true\"><\/i><\/a>\n\n<div class=\"container section-title-container\" style=\"margin-top:40px;\"><h4 class=\"section-title section-title-bold-center\"><b aria-hidden=\"true\"><\/b><span class=\"section-title-main\" >Las 4C de la calidad del diamante<\/span><b aria-hidden=\"true\"><\/b><\/h4><\/div>\n<a href=\"\/es\/peso-en-quilates-del-diamante\/\" class=\"button primary is-link box-shadow-1-hover expand\" >\n\t\t<span>Peso en quilates del diamante<\/span>\n\t<\/a>\n\n<a href=\"\/es\/graduacion-del-color-del-diamante\/\" class=\"button primary is-link box-shadow-1-hover expand\" >\n\t\t<span>Color del diamante<\/span>\n\t<\/a>\n\n<a href=\"\/es\/graduacion-de-la-claridad-del-diamante\/\" class=\"button primary is-link box-shadow-1-hover expand\" >\n\t\t<span>Claridad del diamante<\/span>\n\t<\/a>\n\n<a href=\"\/es\/clasificacion-de-la-talla-del-diamante\/\" class=\"button primary is-link box-shadow-1-hover expand\" >\n\t\t<span>Corte de diamante<\/span>\n\t<\/a>\n\n<div class=\"container section-title-container\" style=\"margin-top:40px;\"><h4 class=\"section-title section-title-bold-center\"><b aria-hidden=\"true\"><\/b><span class=\"section-title-main\" >Comprobaci\u00f3n del informe GIA<\/span><b aria-hidden=\"true\"><\/b><\/h4><\/div>\n<div class=\"row row-collapse align-center\"  id=\"row-1290961094\">\n\n\t<div id=\"col-33968075\" class=\"col medium-12 small-7 large-8\"  >\n\t\t\t\t<div class=\"col-inner text-center\"  >\n\t\t\t\n\t\t\t\n\n<div class=\"wpcf7 no-js\" id=\"wpcf7-f928-o1\" lang=\"en-US\" dir=\"ltr\" data-wpcf7-id=\"928\">\n<div class=\"screen-reader-response\"><p role=\"status\" aria-live=\"polite\" aria-atomic=\"true\"><\/p> <ul><\/ul><\/div>\n<form action=\"\/es\/wp-json\/wp\/v2\/pages\/864#wpcf7-f928-o1\" method=\"post\" class=\"wpcf7-form init\" aria-label=\"Formulario de contacto\" novalidate=\"novalidate\" data-status=\"init\" data-trp-original-action=\"\/es\/wp-json\/wp\/v2\/pages\/864#wpcf7-f928-o1\">\n<fieldset class=\"hidden-fields-container\"><input type=\"hidden\" name=\"_wpcf7\" value=\"928\" \/><input type=\"hidden\" name=\"_wpcf7_version\" value=\"6.1.5\" \/><input type=\"hidden\" name=\"_wpcf7_locale\" value=\"en_US\" \/><input type=\"hidden\" name=\"_wpcf7_unit_tag\" value=\"wpcf7-f928-o1\" \/><input type=\"hidden\" name=\"_wpcf7_container_post\" value=\"0\" \/><input type=\"hidden\" name=\"_wpcf7_posted_data_hash\" value=\"\" \/>\n<\/fieldset>\n<div class=\"wpcf7-turnstile cf-turnstile\" data-sitekey=\"0x4AAAAAABpZYkgpE3Ej4cSQ\" data-response-field-name=\"_wpcf7_turnstile_response\"><\/div>\n\n<div class=\"cf7-builder-container-row1 cf7-builder-container-row-inner cf7-main-builder dropped ui-sortable-handle\" id=\"cf7-container-builder-1511678423660\">\n\t<div class=\"cf7-ctrl\">\n\t\t<div class=\"cf7-move\">\n\t\t<\/div>\n\t\t<div class=\"cf7-colunm\">\n\t\t<\/div>\n\t\t<div class=\"cf7-dub cf7-dub-row\">\n\t\t<\/div>\n\t\t<div class=\"cf7-remove\">\n\t\t<\/div>\n\t<\/div>\n\t<div class=\"cf7-row\">\n\t\t<div class=\"col-md-12\">\n\t\t\t<div class=\"cf7-builder-container-row-inner-drop ui-droppable ui-sortable\">\n\t\t\t\t<div class=\"cf7-text cf7-main-builder dropped cf7_input_icon ui-sortable-handle\" id=\"cf7-container-builder-1548403818876\">\n\t\t\t\t\t<div class=\"cf7-ctrl cf7-ctrl-inner\">\n\t\t\t\t\t\t<div class=\"cf7-move\">\n\t\t\t\t\t\t<\/div>\n\t\t\t\t\t\t<div class=\"cf7-edit\">\n\t\t\t\t\t\t<\/div>\n\t\t\t\t\t\t<div class=\"cf7-dub cf7-dub-text\">\n\t\t\t\t\t\t<\/div>\n\t\t\t\t\t\t<div class=\"cf7-remove\">\n\t\t\t\t\t\t<\/div>\n\t\t\t\t\t<\/div>\n\t\t\t\t\t<div class=\"cf7_text_label\">\n\t\t\t\t\t<\/div>\n\t\t\t\t\t<div class=\"cf7_font\">\n\t\t\t\t\t\t<p><i class=\"fa fa-diamond\" aria-hidden=\"true\"><\/i>\n\t\t\t\t\t\t<\/p>\n\t\t\t\t\t<\/div>\n\t\t\t\t\t<div class=\"cf7_text_shortcode\">\n\t\t\t\t\t\t<p><span class=\"wpcf7-form-control-wrap\" data-name=\"giano\"><input size=\"40\" maxlength=\"10\" minlength=\"10\" class=\"wpcf7-form-control wpcf7-text wpcf7-validates-as-required\" aria-required=\"true\" aria-invalid=\"false\" placeholder=\"Introduzca el n\u00famero de informe GIA.\" value=\"\" type=\"text\" name=\"giano\" \/><\/span>\n\t\t\t\t\t\t<\/p>\n\t\t\t\t\t<\/div>\n\t\t\t\t<\/div>\n\t\t\t\t<div class=\"cf7-text cf7-main-builder dropped cf7_input_icon ui-sortable-handle\" id=\"cf7-container-builder-1548403968594\">\n\t\t\t\t\t<div class=\"cf7-ctrl cf7-ctrl-inner\">\n\t\t\t\t\t\t<div class=\"cf7-move\">\n\t\t\t\t\t\t<\/div>\n\t\t\t\t\t\t<div class=\"cf7-edit\">\n\t\t\t\t\t\t<\/div>\n\t\t\t\t\t\t<div class=\"cf7-dub cf7-dub-text\">\n\t\t\t\t\t\t<\/div>\n\t\t\t\t\t\t<div class=\"cf7-remove\">\n\t\t\t\t\t\t<\/div>\n\t\t\t\t\t<\/div>\n\t\t\t\t\t<div class=\"cf7_text_label\">\n\t\t\t\t\t<\/div>\n\t\t\t\t\t<div class=\"cf7_font\">\n\t\t\t\t\t\t<p><i class=\"fa fa-envelope-o\" aria-hidden=\"true\"><\/i>\n\t\t\t\t\t\t<\/p>\n\t\t\t\t\t<\/div>\n\t\t\t\t\t<div class=\"cf7_text_shortcode\">\n\t\t\t\t\t\t<p><span class=\"wpcf7-form-control-wrap\" data-name=\"giaemail\"><input size=\"40\" maxlength=\"400\" class=\"wpcf7-form-control wpcf7-email wpcf7-validates-as-required wpcf7-text wpcf7-validates-as-email\" aria-required=\"true\" aria-invalid=\"false\" placeholder=\"Introduzca su direcci\u00f3n de correo electr\u00f3nico\" value=\"\" type=\"email\" name=\"giaemail\" \/><\/span>\n\t\t\t\t\t\t<\/p>\n\t\t\t\t\t<\/div>\n\t\t\t\t<\/div>\n\t\t\t\t<div class=\"cf7-text cf7-main-builder dropped ui-sortable-handle\" id=\"cf7-container-builder-1548404004962\">\n\t\t\t\t\t<div class=\"cf7-ctrl cf7-ctrl-inner\">\n\t\t\t\t\t\t<div class=\"cf7-move\">\n\t\t\t\t\t\t<\/div>\n\t\t\t\t\t\t<div class=\"cf7-edit\">\n\t\t\t\t\t\t<\/div>\n\t\t\t\t\t\t<div class=\"cf7-dub cf7-dub-text\">\n\t\t\t\t\t\t<\/div>\n\t\t\t\t\t\t<div class=\"cf7-remove\">\n\t\t\t\t\t\t<\/div>\n\t\t\t\t\t<\/div>\n\t\t\t\t\t<div class=\"cf7_font\">\n\t\t\t\t\t<\/div>\n\t\t\t\t\t<div class=\"cf7_text_shortcode\">\n\t\t\t\t\t\t<p><input class=\"wpcf7-form-control wpcf7-submit has-spinner\" type=\"submit\" value=\"Obtener mi informe GIA\" \/>\n\t\t\t\t\t\t<\/p>\n\t\t\t\t\t<\/div>\n\t\t\t\t<\/div>\n\t\t\t<\/div>\n\t\t<\/div>\n\t<\/div>\n<\/div><div class=\"wpcf7-response-output\" aria-hidden=\"true\"><\/div><input type=\"hidden\" value=\"0\" class=\"cf7-thankyou-page-failed\" ><input type=\"hidden\" value=\"0\" class=\"cf7-thankyou-page-success\" >\n<input type=\"hidden\" name=\"trp-form-language\" value=\"es\"\/><\/form>\n<\/div>\n\n\t\t<\/div>\n\t\t\t\t\n<style>\n#col-33968075 > .col-inner {\n  padding: 0px 10px 0px 10px;\n}\n<\/style>\n\t<\/div>\n\n\t\n\n<style>\n#row-1290961094 > .col > .col-inner {\n  padding: 0px 0px 0px 0px;\n}\n<\/style>\n<\/div>\n<p><strong><a class=\"courtesy-link\" href=\"https:\/\/www.gia.edu\/\" target=\"_blank\" rel=\"noopener nofollow\">Cortes\u00eda de GIA<\/a><\/strong><\/p>\n\t\t<\/div>\n\t\t\t\t\t<\/div>\n\n\t\n\n\t<div id=\"col-619530937\" class=\"col small-12 large-12\"  >\n\t\t\t\t<div class=\"col-inner\"  >\n\t\t\t\n\t\t\t\n<div class=\"container section-title-container\" style=\"margin-top:40px;\"><h4 class=\"section-title section-title-bold-center\"><b aria-hidden=\"true\"><\/b><span class=\"section-title-main\" >Preguntas frecuentes<\/span><b aria-hidden=\"true\"><\/b><\/h4><\/div>\n<div class=\"accordion\">\n\t<div id=\"accordion-2776650252\" class=\"accordion-item\">\n\t\t<a id=\"accordion-2776650252-label\" class=\"accordion-title plain active\" href=\"#accordion-item-why-does-the-gia-color-grading-system-start-at-d?\" aria-expanded=\"true\" aria-controls=\"accordion-2776650252-content\">\n\t\t\t<button class=\"toggle\" aria-label=\"Toggle\"><i class=\"icon-angle-down\" aria-hidden=\"true\"><\/i><\/button>\n\t\t\t<span>\u00bfPOR QU\u00c9 EL SISTEMA GIA DE GRADACI\u00d3N DEL COLOR EMPIEZA POR D?<\/span>\n\t\t<\/a>\n\t\t<div id=\"accordion-2776650252-content\" class=\"accordion-inner\" style=\"display: block;\" aria-labelledby=\"accordion-2776650252-label\">\n\t\t\t\n<p>Antes de que la GIA universalizara la Escala de Calificaci\u00f3n del Color de la D a la Z, se utilizaban otros sistemas, como A, B y C (sin una definici\u00f3n clara), n\u00fameros ar\u00e1bigos (0, 1, 2, 3) y romanos (I, II, III), o t\u00e9rminos descriptivos como \"azul gema\" o \"azul blanco\", que se prestan a interpretaciones err\u00f3neas. Por ello, los creadores de la Escala de Color GIA quisieron empezar de cero, sin ninguna asociaci\u00f3n con sistemas anteriores. As\u00ed pues, la escala GIA comienza en la letra D. Muy pocas personas siguen aferr\u00e1ndose a otros sistemas de clasificaci\u00f3n, y ning\u00fan otro sistema tiene la claridad y la aceptaci\u00f3n universal de la escala GIA.<\/p>\n\t\t<\/div>\n\t<\/div>\n\t\n<\/div>\n\t\t<\/div>\n\t\t\t\t\t<\/div>\n\n\t\n<\/div>\n\t\t<\/div>\n\n\t\t\n<style>\n#section_1471974580 {\n  padding-top: 40px;\n  padding-bottom: 40px;\n}\n#section_1471974580 .section-bg-overlay {\n  background-color: rgb(255, 255, 255);\n}\n<\/style>\n\t<\/section>","protected":false},"excerpt":{"rendered":"","protected":false},"author":1,"featured_media":0,"parent":0,"menu_order":6,"comment_status":"closed","ping_status":"closed","template":"page-blank.php","meta":{"inline_featured_image":false,"footnotes":""},"class_list":["post-864","page","type-page","status-publish","hentry"],"desktop_mode_comment_count":0,"desktop_mode_lock":null,"desktop_mode_contributors":[],"_links":{"self":[{"href":"https:\/\/www.houstongoldexchange.com\/es\/wp-json\/wp\/v2\/pages\/864","targetHints":{"allow":["GET"]}}],"collection":[{"href":"https:\/\/www.houstongoldexchange.com\/es\/wp-json\/wp\/v2\/pages"}],"about":[{"href":"https:\/\/www.houstongoldexchange.com\/es\/wp-json\/wp\/v2\/types\/page"}],"author":[{"embeddable":true,"href":"https:\/\/www.houstongoldexchange.com\/es\/wp-json\/wp\/v2\/users\/1"}],"replies":[{"embeddable":true,"href":"https:\/\/www.houstongoldexchange.com\/es\/wp-json\/wp\/v2\/comments?post=864"}],"version-history":[{"count":0,"href":"https:\/\/www.houstongoldexchange.com\/es\/wp-json\/wp\/v2\/pages\/864\/revisions"}],"wp:attachment":[{"href":"https:\/\/www.houstongoldexchange.com\/es\/wp-json\/wp\/v2\/media?parent=864"}],"curies":[{"name":"wp","href":"https:\/\/api.w.org\/{rel}","templated":true}]}}