{"id":901,"date":"2019-01-25T04:51:44","date_gmt":"2019-01-25T04:51:44","guid":{"rendered":"https:\/\/houstongoldexchange.com\/?page_id=901"},"modified":"2019-01-26T05:25:30","modified_gmt":"2019-01-26T05:25:30","slug":"clasificacion-de-la-talla-del-diamante","status":"publish","type":"page","link":"https:\/\/www.houstongoldexchange.com\/es\/diamond-education\/diamond-cut-grading\/","title":{"rendered":"Clasificaci\u00f3n de la talla del diamante"},"content":{"rendered":"<section class=\"section dark\" id=\"section_1491221047\">\n\t\t<div class=\"section-bg fill\" >\n\t\t\t\t\t\t\t\t\t<div class=\"section-bg-overlay absolute fill\"><\/div>\n\t\t\t\n\n\t\t<\/div>\n\n\t\t\n\n\t\t<div class=\"section-content relative\">\n\t\t\t\n\n<div class=\"container section-title-container\" style=\"margin-top:40px;\"><h2 class=\"section-title section-title-bold-center\"><b aria-hidden=\"true\"><\/b><span class=\"section-title-main\" style=\"color:rgb(255, 255, 255);\">Comprender la clasificaci\u00f3n de talla de diamantes GIA en Houston<\/span><b aria-hidden=\"true\"><\/b><\/h2><\/div>\n\n<div class=\"row row-large align-center\"  id=\"row-1035454030\">\n\n\n\t<div id=\"col-26336299\" class=\"col large-12\"  >\n\t\t\t\t<div class=\"col-inner\"  >\n\t\t\t\n\t\t\t\n\n<p><iframe scrolling=\"no\" marginwidth=\"0\" marginheight=\"0\" frameborder=\"0\" vspace=\"0\" hspace=\"0\" src=\"https:\/\/4cs.gia.edu\/interactive-4cs\/\/standalone\/cut.html?internal=true&amp;embedURL=4cs.gia.edu&amp;embedPath=\/en-us\/diamond-cut\/\" style=\"width: 1px; min-width: 100%;\" height=\"620.516\"><\/iframe><\/p>\n\n\t\t<\/div>\n\t\t\t\t\t<\/div>\n\n\t\n\n<\/div>\n\n\t\t<\/div>\n\n\t\t\n<style>\n#section_1491221047 {\n  padding-top: 0px;\n  padding-bottom: 0px;\n}\n#section_1491221047 .section-bg-overlay {\n  background-color: rgba(0, 0, 0, 0.85);\n}\n<\/style>\n\t<\/section>\n\t\n\n\t<section class=\"section\" id=\"section_2022509251\">\n\t\t<div class=\"section-bg fill\" >\n\t\t\t\t\t\t\t\t\t<div class=\"section-bg-overlay absolute fill\"><\/div>\n\t\t\t\n\n\t\t<\/div>\n\n\t\t\n\n\t\t<div class=\"section-content relative\">\n\t\t\t\n\n<div class=\"row row-large align-center\"  id=\"row-1298192795\">\n\n\n\t<div id=\"col-1237735203\" class=\"col medium-7 small-12 large-7\"  >\n\t\t\t\t<div class=\"col-inner text-left\"  >\n\t\t\t\n\t\t\t\n\n<h1>&nbsp;<\/h1>\n<h1>La talla de un diamante desata su luz<\/h1>\n<p>Los diamantes son famosos por su capacidad para transmitir la luz y brillar intensamente. <\/p>\n\t<div class=\"img has-hover x md-x lg-x y md-y lg-y\" id=\"image_911781956\">\n\t\t\t\t\t\t\t\t<div class=\"img-inner dark\" >\n\t\t\t<img loading=\"lazy\" decoding=\"async\" width=\"700\" height=\"394\" src=\"https:\/\/www.houstongoldexchange.com\/wp-content\/uploads\/2019\/01\/Gia_Cut_700x394.jpg\" class=\"attachment-large size-large\" alt=\"\" srcset=\"https:\/\/www.houstongoldexchange.com\/wp-content\/uploads\/2019\/01\/Gia_Cut_700x394.jpg.avif 700w, https:\/\/www.houstongoldexchange.com\/wp-content\/uploads\/2019\/01\/Gia_Cut_700x394-64x36.jpg 64w, https:\/\/www.houstongoldexchange.com\/wp-content\/uploads\/2019\/01\/Gia_Cut_700x394-510x287.jpg.avif 510w\" sizes=\"auto, (max-width: 700px) 100vw, 700px\">\t\t\t\t\t\t\n\t\t\t\t\t<\/div>\n\t\t\t\t\t\t\t\t\n<style>\n#image_911781956 {\n  width: 100%;\n}\n<\/style>\n\t<\/div>\n\t\n\n<p>A menudo pensamos en la talla de un diamante como forma (redondo, coraz\u00f3n, oval, marquesa, pera), pero el grado de talla de un diamante se refiere realmente a la forma en que las facetas de un diamante interact\u00faan con la luz.<\/p>\n<p>Para que una piedra tenga las proporciones, la simetr\u00eda y el pulido necesarios para conseguir el magn\u00edfico retorno de la luz que s\u00f3lo es posible en un diamante, se requiere un trabajo artesanal y preciso.<\/p>\n<p>La talla de un diamante es crucial para la belleza final y el valor de la piedra. Y de todas las 4C del diamante, es la m\u00e1s compleja y t\u00e9cnicamente dif\u00edcil de analizar.<\/p>\n<p>Para determinar el grado de talla del diamante brillante redondo est\u00e1ndar -la forma que predomina en la mayor\u00eda de las joyas con diamantes-, GIA calcula las proporciones de las facetas que influyen en el aspecto del diamante cara arriba. Estas proporciones permiten a GIA evaluar el \u00e9xito de un diamante interact\u00faa con la luz para crear efectos visuales deseables, tales como:<\/p>\n<ul>\n<li><strong>Brillo:<\/strong>&nbsp;Luz blanca interna y externa reflejada en un diamante<\/li>\n<li><strong>Fuego:<\/strong>&nbsp;La dispersi\u00f3n de la luz blanca en todos los colores del arco iris<\/li>\n<li><strong>Centelleo:<\/strong>&nbsp;La cantidad de brillo que produce un diamante y el patr\u00f3n de zonas claras y oscuras causado por los reflejos dentro del diamante.<\/li>\n<\/ul>\n<p>El grado de talla de los diamantes del GIA tambi\u00e9n tiene en cuenta el dise\u00f1o y la artesan\u00eda del diamante, incluido su peso en relaci\u00f3n con su di\u00e1metro, el grosor de su faja (que afecta a su durabilidad), la simetr\u00eda de la disposici\u00f3n de sus facetas y la calidad del pulido de las mismas.<\/p>\n\n\t\t<\/div>\n\t\t\t\t\t<\/div>\n\n\t\n\n\t<div id=\"col-296718574\" class=\"col medium-4 small-12 large-4\"  >\n\t\t\t\t<div class=\"col-inner text-center\"  >\n\t\t\t\n\t\t\t\n\n<div class=\"container section-title-container\" style=\"margin-top:40px;\"><h4 class=\"section-title section-title-bold-center\"><b aria-hidden=\"true\"><\/b><span class=\"section-title-main\" >Diamond Education Houston<\/span><b aria-hidden=\"true\"><\/b><\/h4><\/div>\n\n<div class=\"video video-fit mb box-shadow-1\" style=\"padding-top:56.25%;\"><iframe loading=\"lazy\" title=\"Las 4C de la calidad del diamante: Calificaci\u00f3n de la talla del diamante por GIA\" width=\"1020\" height=\"574\" src=\"https:\/\/www.youtube.com\/embed\/nb0DKoRBiSc?feature=oembed\" frameborder=\"0\" allow=\"accelerometer; autoplay; clipboard-write; encrypted-media; gyroscope; picture-in-picture; web-share\" allowfullscreen><\/iframe><\/div>\n\n<div class=\"container section-title-container\" style=\"margin-top:40px;\"><h4 class=\"section-title section-title-bold-center\"><b aria-hidden=\"true\"><\/b><span class=\"section-title-main\" >Las 4C de la calidad del diamante<\/span><b aria-hidden=\"true\"><\/b><\/h4><\/div>\n\n<a href=\"\/es\/peso-en-quilates-del-diamante\/\" class=\"button primary is-link box-shadow-1-hover expand\" >\n\t\t<span>Peso en quilates del diamante<\/span>\n\t<\/a>\n\n\n<a href=\"\/es\/graduacion-del-color-del-diamante\/\" class=\"button primary is-link box-shadow-1-hover expand\" >\n\t\t<span>Color del diamante<\/span>\n\t<\/a>\n\n\n<a href=\"\/es\/graduacion-de-la-claridad-del-diamante\/\" class=\"button primary is-link box-shadow-1-hover expand\" >\n\t\t<span>Claridad del diamante<\/span>\n\t<\/a>\n\n\n<a class=\"button secondary is-link box-shadow-1-hover expand\" >\n\t\t<span>Corte de diamante<\/span>\n\t<i class=\"icon-angle-left\" aria-hidden=\"true\"><\/i><\/a>\n\n\n<div class=\"container section-title-container\" style=\"margin-top:40px;\"><h4 class=\"section-title section-title-bold-center\"><b aria-hidden=\"true\"><\/b><span class=\"section-title-main\" >Comprobaci\u00f3n del informe GIA<\/span><b aria-hidden=\"true\"><\/b><\/h4><\/div>\n\n\n<div class=\"wpcf7 no-js\" id=\"wpcf7-f928-o1\" lang=\"en-US\" dir=\"ltr\" data-wpcf7-id=\"928\">\n<div class=\"screen-reader-response\"><p role=\"status\" aria-live=\"polite\" aria-atomic=\"true\"><\/p> <ul><\/ul><\/div>\n<form action=\"\/es\/wp-json\/wp\/v2\/pages\/901#wpcf7-f928-o1\" method=\"post\" class=\"wpcf7-form init\" aria-label=\"Formulario de contacto\" novalidate=\"novalidate\" data-status=\"init\" data-trp-original-action=\"\/es\/wp-json\/wp\/v2\/pages\/901#wpcf7-f928-o1\">\n<fieldset class=\"hidden-fields-container\"><input type=\"hidden\" name=\"_wpcf7\" value=\"928\" \/><input type=\"hidden\" name=\"_wpcf7_version\" value=\"6.1.5\" \/><input type=\"hidden\" name=\"_wpcf7_locale\" value=\"en_US\" \/><input type=\"hidden\" name=\"_wpcf7_unit_tag\" value=\"wpcf7-f928-o1\" \/><input type=\"hidden\" name=\"_wpcf7_container_post\" value=\"0\" \/><input type=\"hidden\" name=\"_wpcf7_posted_data_hash\" value=\"\" \/>\n<\/fieldset>\n<div class=\"wpcf7-turnstile cf-turnstile\" data-sitekey=\"0x4AAAAAABpZYkgpE3Ej4cSQ\" data-response-field-name=\"_wpcf7_turnstile_response\"><\/div>\n\n<div class=\"cf7-builder-container-row1 cf7-builder-container-row-inner cf7-main-builder dropped ui-sortable-handle\" id=\"cf7-container-builder-1511678423660\">\n\t<div class=\"cf7-ctrl\">\n\t\t<div class=\"cf7-move\">\n\t\t<\/div>\n\t\t<div class=\"cf7-colunm\">\n\t\t<\/div>\n\t\t<div class=\"cf7-dub cf7-dub-row\">\n\t\t<\/div>\n\t\t<div class=\"cf7-remove\">\n\t\t<\/div>\n\t<\/div>\n\t<div class=\"cf7-row\">\n\t\t<div class=\"col-md-12\">\n\t\t\t<div class=\"cf7-builder-container-row-inner-drop ui-droppable ui-sortable\">\n\t\t\t\t<div class=\"cf7-text cf7-main-builder dropped cf7_input_icon ui-sortable-handle\" id=\"cf7-container-builder-1548403818876\">\n\t\t\t\t\t<div class=\"cf7-ctrl cf7-ctrl-inner\">\n\t\t\t\t\t\t<div class=\"cf7-move\">\n\t\t\t\t\t\t<\/div>\n\t\t\t\t\t\t<div class=\"cf7-edit\">\n\t\t\t\t\t\t<\/div>\n\t\t\t\t\t\t<div class=\"cf7-dub cf7-dub-text\">\n\t\t\t\t\t\t<\/div>\n\t\t\t\t\t\t<div class=\"cf7-remove\">\n\t\t\t\t\t\t<\/div>\n\t\t\t\t\t<\/div>\n\t\t\t\t\t<div class=\"cf7_text_label\">\n\t\t\t\t\t<\/div>\n\t\t\t\t\t<div class=\"cf7_font\">\n\t\t\t\t\t\t<p><i class=\"fa fa-diamond\" aria-hidden=\"true\"><\/i>\n\t\t\t\t\t\t<\/p>\n\t\t\t\t\t<\/div>\n\t\t\t\t\t<div class=\"cf7_text_shortcode\">\n\t\t\t\t\t\t<p><span class=\"wpcf7-form-control-wrap\" data-name=\"giano\"><input size=\"40\" maxlength=\"10\" minlength=\"10\" class=\"wpcf7-form-control wpcf7-text wpcf7-validates-as-required\" aria-required=\"true\" aria-invalid=\"false\" placeholder=\"Introduzca el n\u00famero de informe GIA.\" value=\"\" type=\"text\" name=\"giano\" \/><\/span>\n\t\t\t\t\t\t<\/p>\n\t\t\t\t\t<\/div>\n\t\t\t\t<\/div>\n\t\t\t\t<div class=\"cf7-text cf7-main-builder dropped cf7_input_icon ui-sortable-handle\" id=\"cf7-container-builder-1548403968594\">\n\t\t\t\t\t<div class=\"cf7-ctrl cf7-ctrl-inner\">\n\t\t\t\t\t\t<div class=\"cf7-move\">\n\t\t\t\t\t\t<\/div>\n\t\t\t\t\t\t<div class=\"cf7-edit\">\n\t\t\t\t\t\t<\/div>\n\t\t\t\t\t\t<div class=\"cf7-dub cf7-dub-text\">\n\t\t\t\t\t\t<\/div>\n\t\t\t\t\t\t<div class=\"cf7-remove\">\n\t\t\t\t\t\t<\/div>\n\t\t\t\t\t<\/div>\n\t\t\t\t\t<div class=\"cf7_text_label\">\n\t\t\t\t\t<\/div>\n\t\t\t\t\t<div class=\"cf7_font\">\n\t\t\t\t\t\t<p><i class=\"fa fa-envelope-o\" aria-hidden=\"true\"><\/i>\n\t\t\t\t\t\t<\/p>\n\t\t\t\t\t<\/div>\n\t\t\t\t\t<div class=\"cf7_text_shortcode\">\n\t\t\t\t\t\t<p><span class=\"wpcf7-form-control-wrap\" data-name=\"giaemail\"><input size=\"40\" maxlength=\"400\" class=\"wpcf7-form-control wpcf7-email wpcf7-validates-as-required wpcf7-text wpcf7-validates-as-email\" aria-required=\"true\" aria-invalid=\"false\" placeholder=\"Introduzca su direcci\u00f3n de correo electr\u00f3nico\" value=\"\" type=\"email\" name=\"giaemail\" \/><\/span>\n\t\t\t\t\t\t<\/p>\n\t\t\t\t\t<\/div>\n\t\t\t\t<\/div>\n\t\t\t\t<div class=\"cf7-text cf7-main-builder dropped ui-sortable-handle\" id=\"cf7-container-builder-1548404004962\">\n\t\t\t\t\t<div class=\"cf7-ctrl cf7-ctrl-inner\">\n\t\t\t\t\t\t<div class=\"cf7-move\">\n\t\t\t\t\t\t<\/div>\n\t\t\t\t\t\t<div class=\"cf7-edit\">\n\t\t\t\t\t\t<\/div>\n\t\t\t\t\t\t<div class=\"cf7-dub cf7-dub-text\">\n\t\t\t\t\t\t<\/div>\n\t\t\t\t\t\t<div class=\"cf7-remove\">\n\t\t\t\t\t\t<\/div>\n\t\t\t\t\t<\/div>\n\t\t\t\t\t<div class=\"cf7_font\">\n\t\t\t\t\t<\/div>\n\t\t\t\t\t<div class=\"cf7_text_shortcode\">\n\t\t\t\t\t\t<p><input class=\"wpcf7-form-control wpcf7-submit has-spinner\" type=\"submit\" value=\"Obtener mi informe GIA\" \/>\n\t\t\t\t\t\t<\/p>\n\t\t\t\t\t<\/div>\n\t\t\t\t<\/div>\n\t\t\t<\/div>\n\t\t<\/div>\n\t<\/div>\n<\/div><div class=\"wpcf7-response-output\" aria-hidden=\"true\"><\/div><input type=\"hidden\" value=\"0\" class=\"cf7-thankyou-page-failed\" ><input type=\"hidden\" value=\"0\" class=\"cf7-thankyou-page-success\" >\n<input type=\"hidden\" name=\"trp-form-language\" value=\"es\"\/><\/form>\n<\/div>\n\n\n<p><strong><a class=\"courtesy-link\" href=\"https:\/\/www.gia.edu\/\" target=\"_blank\" rel=\"noopener nofollow\">Cortes\u00eda de GIA<\/a><\/strong><\/p>\n\n\t\t<\/div>\n\t\t\t\t\t<\/div>\n\n\t\n\n\t<div id=\"col-955678547\" class=\"col small-12 large-12\"  >\n\t\t\t\t<div class=\"col-inner\"  >\n\t\t\t\n\t\t\t\n\n<div class=\"container section-title-container\" style=\"margin-top:40px;\"><h4 class=\"section-title section-title-bold-center\"><b aria-hidden=\"true\"><\/b><span class=\"section-title-main\" >Preguntas frecuentes<\/span><b aria-hidden=\"true\"><\/b><\/h4><\/div>\n\n<div class=\"accordion\">\n\n\t<div id=\"accordion-2020444395\" class=\"accordion-item\">\n\t\t<a id=\"accordion-2020444395-label\" class=\"accordion-title plain active\" href=\"#accordion-item-how-does-pavilion-depth-affect-a-diamond\u2019s-cut?\" aria-expanded=\"true\" aria-controls=\"accordion-2020444395-content\">\n\t\t\t<button class=\"toggle\" aria-label=\"Toggle\"><i class=\"icon-angle-down\" aria-hidden=\"true\"><\/i><\/button>\n\t\t\t<span>\u00bfC\u00d3MO AFECTA LA PROFUNDIDAD DEL PABELL\u00d3N A LA TALLA DE UN DIAMANTE?<\/span>\n\t\t<\/a>\n\t\t<div id=\"accordion-2020444395-content\" class=\"accordion-inner\" style=\"display: block;\" aria-labelledby=\"accordion-2020444395-label\">\n\t\t\t\n\n<p>La distancia entre la parte inferior de la faja y el culet es la profundidad del pabell\u00f3n. Una profundidad de pabell\u00f3n demasiado superficial o demasiado profunda permitir\u00e1 que la luz escape por el lado de la piedra o se filtre por la parte inferior. Un diamante bien tallado dirigir\u00e1 m\u00e1s luz a trav\u00e9s de la corona.<\/p>\n\n\t\t<\/div>\n\t<\/div>\n\t\n\t<div id=\"accordion-1705585190\" class=\"accordion-item\">\n\t\t<a id=\"accordion-1705585190-label\" class=\"accordion-title plain\" href=\"#accordion-item-are-diamonds-graded-as-zs-considered-fancy-color?\" aria-expanded=\"false\" aria-controls=\"accordion-1705585190-content\">\n\t\t\t<button class=\"toggle\" aria-label=\"Toggle\"><i class=\"icon-angle-down\" aria-hidden=\"true\"><\/i><\/button>\n\t\t\t<span>\u00bflos diamantes clasificados como z se consideran de color fantas\u00eda?<\/span>\n\t\t<\/a>\n\t\t<div id=\"accordion-1705585190-content\" class=\"accordion-inner\" aria-labelledby=\"accordion-1705585190-label\">\n\t\t\t\n\n<p>No. Los diamantes coloreados de forma natural fuera de la gama de color normal se denominan diamantes de color fantas\u00eda. La FTC no proporciona directrices para el uso del t\u00e9rmino \"color de fantas\u00eda\" en los EE.UU., pero existe un acuerdo general en el comercio internacional que los diamantes de color de fantas\u00eda son diamantes amarillos o marrones que tienen m\u00e1s color que una piedra maestra Z o que muestran un color distinto del amarillo o marr\u00f3n.<\/p>\n\n\t\t<\/div>\n\t<\/div>\n\t\n\n<\/div>\n\n\t\t<\/div>\n\t\t\t\t\n<style>\n#col-955678547 > .col-inner {\n  padding: 0px 0px 25px 0px;\n}\n<\/style>\n\t<\/div>\n\n\t\n\n<\/div>\n\n\t\t<\/div>\n\n\t\t\n<style>\n#section_2022509251 {\n  padding-top: 40px;\n  padding-bottom: 40px;\n}\n#section_2022509251 .section-bg-overlay {\n  background-color: rgb(255, 255, 255);\n}\n<\/style>\n\t<\/section>","protected":false},"excerpt":{"rendered":"","protected":false},"author":1,"featured_media":0,"parent":864,"menu_order":2,"comment_status":"closed","ping_status":"closed","template":"page-blank.php","meta":{"inline_featured_image":false,"footnotes":""},"class_list":["post-901","page","type-page","status-publish","hentry"],"_links":{"self":[{"href":"https:\/\/www.houstongoldexchange.com\/es\/wp-json\/wp\/v2\/pages\/901","targetHints":{"allow":["GET"]}}],"collection":[{"href":"https:\/\/www.houstongoldexchange.com\/es\/wp-json\/wp\/v2\/pages"}],"about":[{"href":"https:\/\/www.houstongoldexchange.com\/es\/wp-json\/wp\/v2\/types\/page"}],"author":[{"embeddable":true,"href":"https:\/\/www.houstongoldexchange.com\/es\/wp-json\/wp\/v2\/users\/1"}],"replies":[{"embeddable":true,"href":"https:\/\/www.houstongoldexchange.com\/es\/wp-json\/wp\/v2\/comments?post=901"}],"version-history":[{"count":0,"href":"https:\/\/www.houstongoldexchange.com\/es\/wp-json\/wp\/v2\/pages\/901\/revisions"}],"up":[{"embeddable":true,"href":"https:\/\/www.houstongoldexchange.com\/es\/wp-json\/wp\/v2\/pages\/864"}],"wp:attachment":[{"href":"https:\/\/www.houstongoldexchange.com\/es\/wp-json\/wp\/v2\/media?parent=901"}],"curies":[{"name":"wp","href":"https:\/\/api.w.org\/{rel}","templated":true}]}}