{"id":911,"date":"2019-01-25T04:58:51","date_gmt":"2019-01-25T04:58:51","guid":{"rendered":"https:\/\/houstongoldexchange.com\/?page_id=911"},"modified":"2019-01-26T05:25:01","modified_gmt":"2019-01-26T05:25:01","slug":"graduacion-de-la-claridad-del-diamante","status":"publish","type":"page","link":"https:\/\/www.houstongoldexchange.com\/es\/diamond-education\/diamond-clarity-grading\/","title":{"rendered":"Clasificaci\u00f3n de la claridad de los diamantes"},"content":{"rendered":"<section class=\"section dark\" id=\"section_1218753582\">\n\t\t<div class=\"section-bg fill\" >\n\t\t\t\t\t\t\t\t\t<div class=\"section-bg-overlay absolute fill\"><\/div>\n\t\t\t\n\n\t\t<\/div>\n\n\t\t\n\n\t\t<div class=\"section-content relative\">\n\t\t\t\n\n<div class=\"container section-title-container\" style=\"margin-top:40px;\"><h2 class=\"section-title section-title-bold-center\"><b aria-hidden=\"true\"><\/b><span class=\"section-title-main\" style=\"color:rgb(255, 255, 255);\">Comprender la graduaci\u00f3n de pureza de diamantes GIA en Houston<\/span><b aria-hidden=\"true\"><\/b><\/h2><\/div>\n\n<div class=\"row row-large align-center\"  id=\"row-58055148\">\n\n\n\t<div id=\"col-965847734\" class=\"col large-12\"  >\n\t\t\t\t<div class=\"col-inner\"  >\n\t\t\t\n\t\t\t\n\n<p><iframe scrolling=\"no\" marginwidth=\"0\" marginheight=\"0\" frameborder=\"0\" vspace=\"0\" hspace=\"0\" src=\"https:\/\/4cs.gia.edu\/interactive-4cs\/\/standalone\/clarity.html?internal=true&amp;embedURL=4cs.gia.edu&amp;embedPath=\/en-us\/diamond-clarity\/\" style=\"width: 1px; min-width: 100%;\" height=\"549\"><\/iframe><\/p>\n\n\t\t<\/div>\n\t\t\t\t\t<\/div>\n\n\t\n\n<\/div>\n\n\t\t<\/div>\n\n\t\t\n<style>\n#section_1218753582 {\n  padding-top: 0px;\n  padding-bottom: 0px;\n}\n#section_1218753582 .section-bg-overlay {\n  background-color: rgba(0, 0, 0, 0.85);\n}\n<\/style>\n\t<\/section>\n\t\n\n\t<section class=\"section\" id=\"section_1576070762\">\n\t\t<div class=\"section-bg fill\" >\n\t\t\t\t\t\t\t\t\t<div class=\"section-bg-overlay absolute fill\"><\/div>\n\t\t\t\n\n\t\t<\/div>\n\n\t\t\n\n\t\t<div class=\"section-content relative\">\n\t\t\t\n\n<div class=\"row row-large align-center\"  id=\"row-1337254683\">\n\n\n\t<div id=\"col-99645522\" class=\"col medium-7 small-12 large-7\"  >\n\t\t\t\t<div class=\"col-inner text-left\"  >\n\t\t\t\n\t\t\t\n\n<h1>&nbsp;<\/h1>\n<h1>La claridad del diamante se refiere a la ausencia de inclusiones y manchas<\/h1>\n<p>Aunque ning\u00fan diamante es perfectamente puro, cuanto m\u00e1s se acerque, mayor ser\u00e1 su valor.<\/p>\n\t<div class=\"img has-hover x md-x lg-x y md-y lg-y\" id=\"image_277966859\">\n\t\t\t\t\t\t\t\t<div class=\"img-inner image-cover dark\" style=\"padding-top:35%;\">\n\t\t\t<img loading=\"lazy\" decoding=\"async\" width=\"700\" height=\"394\" src=\"https:\/\/www.houstongoldexchange.com\/wp-content\/uploads\/2019\/01\/Diamond_Clarity_700x394-01.jpg\" class=\"attachment-large size-large\" alt=\"\" srcset=\"https:\/\/www.houstongoldexchange.com\/wp-content\/uploads\/2019\/01\/Diamond_Clarity_700x394-01.jpg.avif 700w, https:\/\/www.houstongoldexchange.com\/wp-content\/uploads\/2019\/01\/Diamond_Clarity_700x394-01-64x36.jpg 64w, https:\/\/www.houstongoldexchange.com\/wp-content\/uploads\/2019\/01\/Diamond_Clarity_700x394-01-510x287.jpg.avif 510w\" sizes=\"auto, (max-width: 700px) 100vw, 700px\">\t\t\t\t\t\t\n\t\t\t\t\t<\/div>\n\t\t\t\t\t\t\t\t\n<style>\n#image_277966859 {\n  width: 100%;\n}\n<\/style>\n\t<\/div>\n\t\n\n<p>Los diamantes naturales son el resultado del carbono expuesto a un calor y una presi\u00f3n tremendos en las profundidades de la tierra. Este proceso puede dar lugar a una serie de caracter\u00edsticas internas denominadas \"inclusiones\" y externas denominadas \"imperfecciones\".<\/p>\n<p>Evaluar la claridad de un diamante implica determinar el n\u00famero, el tama\u00f1o, el relieve, la naturaleza y la posici\u00f3n de estas caracter\u00edsticas, as\u00ed como el modo en que afectan al aspecto general de la piedra. Aunque ning\u00fan diamante es perfectamente puro, cuanto m\u00e1s se acerque, mayor ser\u00e1 su valor.<\/p>\n<p>La Escala de Claridad de Diamantes del GIA tiene 6 categor\u00edas, algunas de las cuales est\u00e1n divididas, para un total de 11 grados espec\u00edficos.<\/p>\n<p>Para determinar el grado de talla del diamante brillante redondo est\u00e1ndar -la forma que predomina en la mayor\u00eda de las joyas con diamantes-, GIA calcula las proporciones de las facetas que influyen en el aspecto del diamante cara arriba. Estas proporciones permiten a GIA evaluar el \u00e9xito de un diamante interact\u00faa con la luz para crear efectos visuales deseables, tales como:<\/p>\n<ul>\n<li><strong>Sin defectos (FL)<\/strong>\u00a0Sin inclusiones ni imperfecciones visibles con una lupa de 10 aumentos.<\/li>\n<li><strong>Internamente impecable (IF)<\/strong>\u00a0Sin inclusiones visibles con 10 aumentos<\/li>\n<li><strong>Muy, muy poco incluido<\/strong>\u00a0<strong>(VVS<sub>1<\/sub><\/strong>\u00a0y\u00a0<strong>VVS<sub>2<\/sub>)<\/strong>\u00a0Inclusiones tan leves que son dif\u00edciles de ver para un clasificador experto con 10 aumentos.<\/li>\n<li><strong>Muy ligeramente incluido (VS<sub>1<\/sub><\/strong>\u00a0y\u00a0<strong>VS<sub>2<\/sub>)<\/strong>\u00a0Las inclusiones se observan con esfuerzo bajo aumento de 10x, pero pueden caracterizarse como menores<\/li>\n<li><strong>Ligeramente incluido (SI<sub>1<\/sub><\/strong>\u00a0y\u00a0<strong>SI<sub>2<\/sub>)<\/strong>\u00a0Las inclusiones se aprecian con 10 aumentos<\/li>\n<li><strong>Incluido (I<sub>1<\/sub><\/strong>,\u00a0<strong>I<sub>2<\/sub><\/strong>y\u00a0<strong>I<sub>3<\/sub>)<\/strong>\u00a0Las inclusiones son evidentes con un aumento de 10x, lo que puede afectar a la transparencia y el brillo.<\/li>\n<\/ul>\n<p>Muchas inclusiones y defectos son demasiado peque\u00f1os para ser vistos por alguien que no sea un experto en clasificaci\u00f3n de diamantes. A simple vista, un VS<sub>1<\/sub>\u00a0y un SI<sub>2<\/sub>\u00a0diamante puede tener exactamente el mismo aspecto, pero estos diamantes son muy diferentes en t\u00e9rminos de calidad general. Por eso es tan importante una evaluaci\u00f3n experta y precisa de la claridad del diamante.<\/p>\n\n\t\t<\/div>\n\t\t\t\t\t<\/div>\n\n\t\n\n\t<div id=\"col-1039143157\" class=\"col medium-4 small-12 large-4\"  >\n\t\t\t\t<div class=\"col-inner text-center\"  >\n\t\t\t\n\t\t\t\n\n<div class=\"container section-title-container\" style=\"margin-top:40px;\"><h4 class=\"section-title section-title-bold-center\"><b aria-hidden=\"true\"><\/b><span class=\"section-title-main\" >Diamond Education Houston<\/span><b aria-hidden=\"true\"><\/b><\/h4><\/div>\n\n<div class=\"video video-fit mb box-shadow-1\" style=\"padding-top:56.25%;\"><iframe loading=\"lazy\" title=\"Las 4C de la calidad del diamante: Clasificaci\u00f3n de la claridad de los diamantes por el GIA\" width=\"1020\" height=\"574\" src=\"https:\/\/www.youtube.com\/embed\/IJioSelJOko?feature=oembed\" frameborder=\"0\" allow=\"accelerometer; autoplay; clipboard-write; encrypted-media; gyroscope; picture-in-picture; web-share\" allowfullscreen><\/iframe><\/div>\n\n<div class=\"container section-title-container\" style=\"margin-top:40px;\"><h4 class=\"section-title section-title-bold-center\"><b aria-hidden=\"true\"><\/b><span class=\"section-title-main\" >Las 4C de la calidad del diamante<\/span><b aria-hidden=\"true\"><\/b><\/h4><\/div>\n\n<a href=\"\/es\/peso-en-quilates-del-diamante\/\" class=\"button primary is-link box-shadow-1-hover expand\" >\n\t\t<span>Peso en quilates del diamante<\/span>\n\t<\/a>\n\n\n<a href=\"\/es\/graduacion-del-color-del-diamante\/\" class=\"button primary is-link box-shadow-1-hover expand\" >\n\t\t<span>Color del diamante<\/span>\n\t<\/a>\n\n\n<a class=\"button secondary is-link box-shadow-1-hover expand\" >\n\t\t<span>Claridad del diamante<\/span>\n\t<i class=\"icon-angle-left\" aria-hidden=\"true\"><\/i><\/a>\n\n\n<a href=\"\/es\/clasificacion-de-la-talla-del-diamante\/\" class=\"button primary is-link box-shadow-1-hover expand\" >\n\t\t<span>Corte de diamante<\/span>\n\t<\/a>\n\n\n<div class=\"container section-title-container\" style=\"margin-top:40px;\"><h4 class=\"section-title section-title-bold-center\"><b aria-hidden=\"true\"><\/b><span class=\"section-title-main\" >Comprobaci\u00f3n del informe GIA<\/span><b aria-hidden=\"true\"><\/b><\/h4><\/div>\n\n\n<div class=\"wpcf7 no-js\" id=\"wpcf7-f928-o1\" lang=\"en-US\" dir=\"ltr\" data-wpcf7-id=\"928\">\n<div class=\"screen-reader-response\"><p role=\"status\" aria-live=\"polite\" aria-atomic=\"true\"><\/p> <ul><\/ul><\/div>\n<form action=\"\/es\/wp-json\/wp\/v2\/pages\/911#wpcf7-f928-o1\" method=\"post\" class=\"wpcf7-form init\" aria-label=\"Formulario de contacto\" novalidate=\"novalidate\" data-status=\"init\" data-trp-original-action=\"\/es\/wp-json\/wp\/v2\/pages\/911#wpcf7-f928-o1\">\n<fieldset class=\"hidden-fields-container\"><input type=\"hidden\" name=\"_wpcf7\" value=\"928\" \/><input type=\"hidden\" name=\"_wpcf7_version\" value=\"6.1.5\" \/><input type=\"hidden\" name=\"_wpcf7_locale\" value=\"en_US\" \/><input type=\"hidden\" name=\"_wpcf7_unit_tag\" value=\"wpcf7-f928-o1\" \/><input type=\"hidden\" name=\"_wpcf7_container_post\" value=\"0\" \/><input type=\"hidden\" name=\"_wpcf7_posted_data_hash\" value=\"\" \/>\n<\/fieldset>\n<div class=\"wpcf7-turnstile cf-turnstile\" data-sitekey=\"0x4AAAAAABpZYkgpE3Ej4cSQ\" data-response-field-name=\"_wpcf7_turnstile_response\"><\/div>\n\n<div class=\"cf7-builder-container-row1 cf7-builder-container-row-inner cf7-main-builder dropped ui-sortable-handle\" id=\"cf7-container-builder-1511678423660\">\n\t<div class=\"cf7-ctrl\">\n\t\t<div class=\"cf7-move\">\n\t\t<\/div>\n\t\t<div class=\"cf7-colunm\">\n\t\t<\/div>\n\t\t<div class=\"cf7-dub cf7-dub-row\">\n\t\t<\/div>\n\t\t<div class=\"cf7-remove\">\n\t\t<\/div>\n\t<\/div>\n\t<div class=\"cf7-row\">\n\t\t<div class=\"col-md-12\">\n\t\t\t<div class=\"cf7-builder-container-row-inner-drop ui-droppable ui-sortable\">\n\t\t\t\t<div class=\"cf7-text cf7-main-builder dropped cf7_input_icon ui-sortable-handle\" id=\"cf7-container-builder-1548403818876\">\n\t\t\t\t\t<div class=\"cf7-ctrl cf7-ctrl-inner\">\n\t\t\t\t\t\t<div class=\"cf7-move\">\n\t\t\t\t\t\t<\/div>\n\t\t\t\t\t\t<div class=\"cf7-edit\">\n\t\t\t\t\t\t<\/div>\n\t\t\t\t\t\t<div class=\"cf7-dub cf7-dub-text\">\n\t\t\t\t\t\t<\/div>\n\t\t\t\t\t\t<div class=\"cf7-remove\">\n\t\t\t\t\t\t<\/div>\n\t\t\t\t\t<\/div>\n\t\t\t\t\t<div class=\"cf7_text_label\">\n\t\t\t\t\t<\/div>\n\t\t\t\t\t<div class=\"cf7_font\">\n\t\t\t\t\t\t<p><i class=\"fa fa-diamond\" aria-hidden=\"true\"><\/i>\n\t\t\t\t\t\t<\/p>\n\t\t\t\t\t<\/div>\n\t\t\t\t\t<div class=\"cf7_text_shortcode\">\n\t\t\t\t\t\t<p><span class=\"wpcf7-form-control-wrap\" data-name=\"giano\"><input size=\"40\" maxlength=\"10\" minlength=\"10\" class=\"wpcf7-form-control wpcf7-text wpcf7-validates-as-required\" aria-required=\"true\" aria-invalid=\"false\" placeholder=\"Introduzca el n\u00famero de informe GIA.\" value=\"\" type=\"text\" name=\"giano\" \/><\/span>\n\t\t\t\t\t\t<\/p>\n\t\t\t\t\t<\/div>\n\t\t\t\t<\/div>\n\t\t\t\t<div class=\"cf7-text cf7-main-builder dropped cf7_input_icon ui-sortable-handle\" id=\"cf7-container-builder-1548403968594\">\n\t\t\t\t\t<div class=\"cf7-ctrl cf7-ctrl-inner\">\n\t\t\t\t\t\t<div class=\"cf7-move\">\n\t\t\t\t\t\t<\/div>\n\t\t\t\t\t\t<div class=\"cf7-edit\">\n\t\t\t\t\t\t<\/div>\n\t\t\t\t\t\t<div class=\"cf7-dub cf7-dub-text\">\n\t\t\t\t\t\t<\/div>\n\t\t\t\t\t\t<div class=\"cf7-remove\">\n\t\t\t\t\t\t<\/div>\n\t\t\t\t\t<\/div>\n\t\t\t\t\t<div class=\"cf7_text_label\">\n\t\t\t\t\t<\/div>\n\t\t\t\t\t<div class=\"cf7_font\">\n\t\t\t\t\t\t<p><i class=\"fa fa-envelope-o\" aria-hidden=\"true\"><\/i>\n\t\t\t\t\t\t<\/p>\n\t\t\t\t\t<\/div>\n\t\t\t\t\t<div class=\"cf7_text_shortcode\">\n\t\t\t\t\t\t<p><span class=\"wpcf7-form-control-wrap\" data-name=\"giaemail\"><input size=\"40\" maxlength=\"400\" class=\"wpcf7-form-control wpcf7-email wpcf7-validates-as-required wpcf7-text wpcf7-validates-as-email\" aria-required=\"true\" aria-invalid=\"false\" placeholder=\"Introduzca su direcci\u00f3n de correo electr\u00f3nico\" value=\"\" type=\"email\" name=\"giaemail\" \/><\/span>\n\t\t\t\t\t\t<\/p>\n\t\t\t\t\t<\/div>\n\t\t\t\t<\/div>\n\t\t\t\t<div class=\"cf7-text cf7-main-builder dropped ui-sortable-handle\" id=\"cf7-container-builder-1548404004962\">\n\t\t\t\t\t<div class=\"cf7-ctrl cf7-ctrl-inner\">\n\t\t\t\t\t\t<div class=\"cf7-move\">\n\t\t\t\t\t\t<\/div>\n\t\t\t\t\t\t<div class=\"cf7-edit\">\n\t\t\t\t\t\t<\/div>\n\t\t\t\t\t\t<div class=\"cf7-dub cf7-dub-text\">\n\t\t\t\t\t\t<\/div>\n\t\t\t\t\t\t<div class=\"cf7-remove\">\n\t\t\t\t\t\t<\/div>\n\t\t\t\t\t<\/div>\n\t\t\t\t\t<div class=\"cf7_font\">\n\t\t\t\t\t<\/div>\n\t\t\t\t\t<div class=\"cf7_text_shortcode\">\n\t\t\t\t\t\t<p><input class=\"wpcf7-form-control wpcf7-submit has-spinner\" type=\"submit\" value=\"Obtener mi informe GIA\" \/>\n\t\t\t\t\t\t<\/p>\n\t\t\t\t\t<\/div>\n\t\t\t\t<\/div>\n\t\t\t<\/div>\n\t\t<\/div>\n\t<\/div>\n<\/div><div class=\"wpcf7-response-output\" aria-hidden=\"true\"><\/div><input type=\"hidden\" value=\"0\" class=\"cf7-thankyou-page-failed\" ><input type=\"hidden\" value=\"0\" class=\"cf7-thankyou-page-success\" >\n<input type=\"hidden\" name=\"trp-form-language\" value=\"es\"\/><\/form>\n<\/div>\n\n\n<p><strong><a class=\"courtesy-link\" href=\"https:\/\/www.gia.edu\/\" target=\"_blank\" rel=\"noopener nofollow\">Cortes\u00eda de GIA<\/a><\/strong><\/p>\n\n\t\t<\/div>\n\t\t\t\t\t<\/div>\n\n\t\n\n\t<div id=\"col-1035473996\" class=\"col small-12 large-12\"  >\n\t\t\t\t<div class=\"col-inner\"  >\n\t\t\t\n\t\t\t\n\n<div class=\"container section-title-container\" style=\"margin-top:40px;\"><h4 class=\"section-title section-title-bold-center\"><b aria-hidden=\"true\"><\/b><span class=\"section-title-main\" >Preguntas frecuentes<\/span><b aria-hidden=\"true\"><\/b><\/h4><\/div>\n\n<div class=\"accordion\">\n\n\t<div id=\"accordion-3255246792\" class=\"accordion-item\">\n\t\t<a id=\"accordion-3255246792-label\" class=\"accordion-title plain active\" href=\"#accordion-item-how-did-the-gia-clarity-scale-come-to-be?\" aria-expanded=\"true\" aria-controls=\"accordion-3255246792-content\">\n\t\t\t<button class=\"toggle\" aria-label=\"Toggle\"><i class=\"icon-angle-down\" aria-hidden=\"true\"><\/i><\/button>\n\t\t\t<span>\u00bfC\u00d3MO SE CRE\u00d3 LA ESCALA DE CLARIDAD GIA?<\/span>\n\t\t<\/a>\n\t\t<div id=\"accordion-3255246792-content\" class=\"accordion-inner\" style=\"display: block;\" aria-labelledby=\"accordion-3255246792-label\">\n\t\t\t\n\n<p>Al igual que la escala de color, el sistema de graduaci\u00f3n de claridad de GIA se desarroll\u00f3 porque los joyeros utilizaban t\u00e9rminos que pod\u00edan malinterpretarse, \"loupe clean\" o \"piqu\u00e9\". Hoy en d\u00eda, aunque compre un diamante en cualquier otra parte del mundo, lo m\u00e1s probable es que el joyero utilice t\u00e9rminos como VVS<sub>1<\/sub>\u00a0o SI<sub>2<\/sub>aunque su idioma sea el franc\u00e9s o el japon\u00e9s en lugar del ingl\u00e9s.<\/p>\n\n\t\t<\/div>\n\t<\/div>\n\t\n\t<div id=\"accordion-4212096898\" class=\"accordion-item\">\n\t\t<a id=\"accordion-4212096898-label\" class=\"accordion-title plain\" href=\"#accordion-item-what-causes-inclusions?\" aria-expanded=\"false\" aria-controls=\"accordion-4212096898-content\">\n\t\t\t<button class=\"toggle\" aria-label=\"Toggle\"><i class=\"icon-angle-down\" aria-hidden=\"true\"><\/i><\/button>\n\t\t\t<span>\u00bfCU\u00c1LES SON LAS CAUSAS DE LAS INCLUSIONES?<\/span>\n\t\t<\/a>\n\t\t<div id=\"accordion-4212096898-content\" class=\"accordion-inner\" aria-labelledby=\"accordion-4212096898-label\">\n\t\t\t\n\n<p>Los peque\u00f1os cristales pueden quedar atrapados en un diamante cuando se est\u00e1 formando. A veces, a medida que un cristal crece, puede desarrollar irregularidades en su estructura at\u00f3mica.<\/p>\n\n\t\t<\/div>\n\t<\/div>\n\t\n\n<\/div>\n\n\t\t<\/div>\n\t\t\t\t\n<style>\n#col-1035473996 > .col-inner {\n  padding: 0px 0px 25px 0px;\n}\n<\/style>\n\t<\/div>\n\n\t\n\n<\/div>\n\n\t\t<\/div>\n\n\t\t\n<style>\n#section_1576070762 {\n  padding-top: 40px;\n  padding-bottom: 40px;\n}\n#section_1576070762 .section-bg-overlay {\n  background-color: rgb(255, 255, 255);\n}\n<\/style>\n\t<\/section>","protected":false},"excerpt":{"rendered":"","protected":false},"author":1,"featured_media":0,"parent":864,"menu_order":0,"comment_status":"closed","ping_status":"closed","template":"page-blank.php","meta":{"inline_featured_image":false,"footnotes":""},"class_list":["post-911","page","type-page","status-publish","hentry"],"_links":{"self":[{"href":"https:\/\/www.houstongoldexchange.com\/es\/wp-json\/wp\/v2\/pages\/911","targetHints":{"allow":["GET"]}}],"collection":[{"href":"https:\/\/www.houstongoldexchange.com\/es\/wp-json\/wp\/v2\/pages"}],"about":[{"href":"https:\/\/www.houstongoldexchange.com\/es\/wp-json\/wp\/v2\/types\/page"}],"author":[{"embeddable":true,"href":"https:\/\/www.houstongoldexchange.com\/es\/wp-json\/wp\/v2\/users\/1"}],"replies":[{"embeddable":true,"href":"https:\/\/www.houstongoldexchange.com\/es\/wp-json\/wp\/v2\/comments?post=911"}],"version-history":[{"count":0,"href":"https:\/\/www.houstongoldexchange.com\/es\/wp-json\/wp\/v2\/pages\/911\/revisions"}],"up":[{"embeddable":true,"href":"https:\/\/www.houstongoldexchange.com\/es\/wp-json\/wp\/v2\/pages\/864"}],"wp:attachment":[{"href":"https:\/\/www.houstongoldexchange.com\/es\/wp-json\/wp\/v2\/media?parent=911"}],"curies":[{"name":"wp","href":"https:\/\/api.w.org\/{rel}","templated":true}]}}