{"id":921,"date":"2019-01-25T05:06:31","date_gmt":"2019-01-25T05:06:31","guid":{"rendered":"https:\/\/houstongoldexchange.com\/?page_id=921"},"modified":"2019-01-26T05:24:12","modified_gmt":"2019-01-26T05:24:12","slug":"peso-en-quilates-del-diamante","status":"publish","type":"page","link":"https:\/\/www.houstongoldexchange.com\/es\/diamond-education\/diamond-carat-weight\/","title":{"rendered":"Peso en quilates del diamante"},"content":{"rendered":"<section class=\"section dark\" id=\"section_1901953966\">\n\t\t<div class=\"section-bg fill\" >\n\t\t\t\t\t\t\t\t\t<div class=\"section-bg-overlay absolute fill\"><\/div>\n\t\t\t\n\n\t\t<\/div>\n\n\t\t\n\n\t\t<div class=\"section-content relative\">\n\t\t\t\n\n<div class=\"container section-title-container\" style=\"margin-top:40px;\"><h2 class=\"section-title section-title-bold-center\"><b aria-hidden=\"true\"><\/b><span class=\"section-title-main\" style=\"color:rgb(255, 255, 255);\">Comprender el peso en quilates de diamantes GIA en Houston<\/span><b aria-hidden=\"true\"><\/b><\/h2><\/div>\n\n<div class=\"row row-large align-center\"  id=\"row-1277682684\">\n\n\n\t<div id=\"col-1587724885\" class=\"col large-12\"  >\n\t\t\t\t<div class=\"col-inner\"  >\n\t\t\t\n\t\t\t\n\n<p><iframe scrolling=\"no\" marginwidth=\"0\" marginheight=\"0\" frameborder=\"0\" vspace=\"0\" hspace=\"0\" src=\"https:\/\/4cs.gia.edu\/interactive-4cs\/\/standalone\/carat-weight.html?internal=true&amp;embedURL=4cs.gia.edu&amp;embedPath=\/en-us\/diamond-carat-weight\/\" style=\"width: 1px; min-width: 100%;\" height=\"394\"><\/iframe><\/p>\n\n\t\t<\/div>\n\t\t\t\t\t<\/div>\n\n\t\n\n<\/div>\n\n\t\t<\/div>\n\n\t\t\n<style>\n#section_1901953966 {\n  padding-top: 0px;\n  padding-bottom: 0px;\n}\n#section_1901953966 .section-bg-overlay {\n  background-color: rgba(0, 0, 0, 0.85);\n}\n<\/style>\n\t<\/section>\n\t\n\n\t<section class=\"section\" id=\"section_509710807\">\n\t\t<div class=\"section-bg fill\" >\n\t\t\t\t\t\t\t\t\t<div class=\"section-bg-overlay absolute fill\"><\/div>\n\t\t\t\n\n\t\t<\/div>\n\n\t\t\n\n\t\t<div class=\"section-content relative\">\n\t\t\t\n\n<div class=\"row row-large align-center\"  id=\"row-1026726824\">\n\n\n\t<div id=\"col-393537254\" class=\"col medium-7 small-12 large-7\"  >\n\t\t\t\t<div class=\"col-inner text-left\"  >\n\t\t\t\n\t\t\t\n\n<h1>\u00a0<\/h1>\n<h2>El peso en quilates de un diamante mide su tama\u00f1o aparente<\/h2>\n<p>El peso en quilates de un diamante es la medida de su peso. Un quilate m\u00e9trico equivale a 200 miligramos.<\/p>\n\t<div class=\"img has-hover x md-x lg-x y md-y lg-y\" id=\"image_1361206044\">\n\t\t\t\t\t\t\t\t<div class=\"img-inner image-cover dark\" style=\"padding-top:50%;\">\n\t\t\t<img loading=\"lazy\" decoding=\"async\" width=\"700\" height=\"394\" src=\"https:\/\/www.houstongoldexchange.com\/wp-content\/uploads\/2019\/01\/Diamond-Carat-Weight_700x394.jpg\" class=\"attachment-large size-large\" alt=\"\" srcset=\"https:\/\/www.houstongoldexchange.com\/wp-content\/uploads\/2019\/01\/Diamond-Carat-Weight_700x394.jpg.avif 700w, https:\/\/www.houstongoldexchange.com\/wp-content\/uploads\/2019\/01\/Diamond-Carat-Weight_700x394-64x36.jpg 64w, https:\/\/www.houstongoldexchange.com\/wp-content\/uploads\/2019\/01\/Diamond-Carat-Weight_700x394-510x287.jpg.avif 510w\" sizes=\"auto, (max-width: 700px) 100vw, 700px\">\t\t\t\t\t\t\n\t\t\t\t\t<\/div>\n\t\t\t\t\t\t\t\t\n<style>\n#image_1361206044 {\n  width: 100%;\n}\n<\/style>\n\t<\/div>\n\t\n\n<p>Cada quilate puede subdividirse en 100 \"puntos\". Esto permite realizar mediciones muy precisas hasta la cent\u00e9sima decimal. Un joyero puede describir el peso de un diamante inferior a un quilate s\u00f3lo por sus \"puntos\". Por ejemplo, un joyero puede referirse a un diamante de 0,25 quilates como \"veinticinco puntas\". Los diamantes de m\u00e1s de un quilate se expresan en quilates y decimales. Una piedra de 1,08 quilates se describir\u00eda como \"un punto oh ocho quilates\".<\/p>\n<p>En igualdad de condiciones, el precio del diamante aumenta con su peso en quilates porque los diamantes m\u00e1s grandes son m\u00e1s raros y m\u00e1s deseables. Pero dos diamantes de igual peso en quilates pueden tener valores (y precios) muy diferentes en funci\u00f3n de otros tres factores del diamante\u00a0<a href=\"\/es\/educacion-en-diamantes\/\">4C<\/a>:\u00a0<a href=\"\/es\/graduacion-de-la-claridad-del-diamante\/\">Claridad<\/a>,\u00a0<a href=\"\/es\/graduacion-del-color-del-diamante\/\">Color<\/a>y\u00a0<a href=\"\/es\/clasificacion-de-la-talla-del-diamante\/\">Corte<\/a>.<\/p>\n<p>Es importante recordar que el valor de un diamante se determina utilizando todas las 4C, no s\u00f3lo el peso en quilates.<\/p>\n\n\t\t<\/div>\n\t\t\t\t\t<\/div>\n\n\t\n\n\t<div id=\"col-1291790846\" class=\"col medium-4 small-12 large-4\"  >\n\t\t\t\t<div class=\"col-inner text-center\"  >\n\t\t\t\n\t\t\t\n\n<div class=\"container section-title-container\" style=\"margin-top:40px;\"><h4 class=\"section-title section-title-bold-center\"><b aria-hidden=\"true\"><\/b><span class=\"section-title-main\" >Diamond Education Houston<\/span><b aria-hidden=\"true\"><\/b><\/h4><\/div>\n\n<div class=\"video video-fit mb box-shadow-1\" style=\"padding-top:56.25%;\"><iframe loading=\"lazy\" title=\"Las 4C de la calidad del diamante: Calificaci\u00f3n del peso en quilates de los diamantes por el GIA\" width=\"1020\" height=\"574\" src=\"https:\/\/www.youtube.com\/embed\/Wtz0V-XlwzQ?feature=oembed\" frameborder=\"0\" allow=\"accelerometer; autoplay; clipboard-write; encrypted-media; gyroscope; picture-in-picture; web-share\" allowfullscreen><\/iframe><\/div>\n\n<div class=\"container section-title-container\" style=\"margin-top:40px;\"><h4 class=\"section-title section-title-bold-center\"><b aria-hidden=\"true\"><\/b><span class=\"section-title-main\" >Las 4C de la calidad del diamante<\/span><b aria-hidden=\"true\"><\/b><\/h4><\/div>\n\n<a class=\"button secondary is-link box-shadow-1-hover expand\" >\n\t\t<span>Peso en quilates del diamante<\/span>\n\t<i class=\"icon-angle-left\" aria-hidden=\"true\"><\/i><\/a>\n\n\n<a href=\"\/es\/graduacion-del-color-del-diamante\/\" class=\"button primary is-link box-shadow-1-hover expand\" >\n\t\t<span>Color del diamante<\/span>\n\t<\/a>\n\n\n<a href=\"\/es\/graduacion-de-la-claridad-del-diamante\/\" class=\"button primary is-link box-shadow-1-hover expand\" >\n\t\t<span>Claridad del diamante<\/span>\n\t<\/a>\n\n\n<a href=\"\/es\/clasificacion-de-la-talla-del-diamante\/\" class=\"button primary is-link box-shadow-1-hover expand\" >\n\t\t<span>Corte de diamante<\/span>\n\t<\/a>\n\n\n<div class=\"container section-title-container\" style=\"margin-top:40px;\"><h4 class=\"section-title section-title-bold-center\"><b aria-hidden=\"true\"><\/b><span class=\"section-title-main\" >Comprobaci\u00f3n del informe GIA<\/span><b aria-hidden=\"true\"><\/b><\/h4><\/div>\n\n\n<div class=\"wpcf7 no-js\" id=\"wpcf7-f928-o1\" lang=\"en-US\" dir=\"ltr\" data-wpcf7-id=\"928\">\n<div class=\"screen-reader-response\"><p role=\"status\" aria-live=\"polite\" aria-atomic=\"true\"><\/p> <ul><\/ul><\/div>\n<form action=\"\/es\/wp-json\/wp\/v2\/pages\/921#wpcf7-f928-o1\" method=\"post\" class=\"wpcf7-form init\" aria-label=\"Formulario de contacto\" novalidate=\"novalidate\" data-status=\"init\" data-trp-original-action=\"\/es\/wp-json\/wp\/v2\/pages\/921#wpcf7-f928-o1\">\n<fieldset class=\"hidden-fields-container\"><input type=\"hidden\" name=\"_wpcf7\" value=\"928\" \/><input type=\"hidden\" name=\"_wpcf7_version\" value=\"6.1.5\" \/><input type=\"hidden\" name=\"_wpcf7_locale\" value=\"en_US\" \/><input type=\"hidden\" name=\"_wpcf7_unit_tag\" value=\"wpcf7-f928-o1\" \/><input type=\"hidden\" name=\"_wpcf7_container_post\" value=\"0\" \/><input type=\"hidden\" name=\"_wpcf7_posted_data_hash\" value=\"\" \/>\n<\/fieldset>\n<div class=\"wpcf7-turnstile cf-turnstile\" data-sitekey=\"0x4AAAAAABpZYkgpE3Ej4cSQ\" data-response-field-name=\"_wpcf7_turnstile_response\"><\/div>\n\n<div class=\"cf7-builder-container-row1 cf7-builder-container-row-inner cf7-main-builder dropped ui-sortable-handle\" id=\"cf7-container-builder-1511678423660\">\n\t<div class=\"cf7-ctrl\">\n\t\t<div class=\"cf7-move\">\n\t\t<\/div>\n\t\t<div class=\"cf7-colunm\">\n\t\t<\/div>\n\t\t<div class=\"cf7-dub cf7-dub-row\">\n\t\t<\/div>\n\t\t<div class=\"cf7-remove\">\n\t\t<\/div>\n\t<\/div>\n\t<div class=\"cf7-row\">\n\t\t<div class=\"col-md-12\">\n\t\t\t<div class=\"cf7-builder-container-row-inner-drop ui-droppable ui-sortable\">\n\t\t\t\t<div class=\"cf7-text cf7-main-builder dropped cf7_input_icon ui-sortable-handle\" id=\"cf7-container-builder-1548403818876\">\n\t\t\t\t\t<div class=\"cf7-ctrl cf7-ctrl-inner\">\n\t\t\t\t\t\t<div class=\"cf7-move\">\n\t\t\t\t\t\t<\/div>\n\t\t\t\t\t\t<div class=\"cf7-edit\">\n\t\t\t\t\t\t<\/div>\n\t\t\t\t\t\t<div class=\"cf7-dub cf7-dub-text\">\n\t\t\t\t\t\t<\/div>\n\t\t\t\t\t\t<div class=\"cf7-remove\">\n\t\t\t\t\t\t<\/div>\n\t\t\t\t\t<\/div>\n\t\t\t\t\t<div class=\"cf7_text_label\">\n\t\t\t\t\t<\/div>\n\t\t\t\t\t<div class=\"cf7_font\">\n\t\t\t\t\t\t<p><i class=\"fa fa-diamond\" aria-hidden=\"true\"><\/i>\n\t\t\t\t\t\t<\/p>\n\t\t\t\t\t<\/div>\n\t\t\t\t\t<div class=\"cf7_text_shortcode\">\n\t\t\t\t\t\t<p><span class=\"wpcf7-form-control-wrap\" data-name=\"giano\"><input size=\"40\" maxlength=\"10\" minlength=\"10\" class=\"wpcf7-form-control wpcf7-text wpcf7-validates-as-required\" aria-required=\"true\" aria-invalid=\"false\" placeholder=\"Introduzca el n\u00famero de informe GIA.\" value=\"\" type=\"text\" name=\"giano\" \/><\/span>\n\t\t\t\t\t\t<\/p>\n\t\t\t\t\t<\/div>\n\t\t\t\t<\/div>\n\t\t\t\t<div class=\"cf7-text cf7-main-builder dropped cf7_input_icon ui-sortable-handle\" id=\"cf7-container-builder-1548403968594\">\n\t\t\t\t\t<div class=\"cf7-ctrl cf7-ctrl-inner\">\n\t\t\t\t\t\t<div class=\"cf7-move\">\n\t\t\t\t\t\t<\/div>\n\t\t\t\t\t\t<div class=\"cf7-edit\">\n\t\t\t\t\t\t<\/div>\n\t\t\t\t\t\t<div class=\"cf7-dub cf7-dub-text\">\n\t\t\t\t\t\t<\/div>\n\t\t\t\t\t\t<div class=\"cf7-remove\">\n\t\t\t\t\t\t<\/div>\n\t\t\t\t\t<\/div>\n\t\t\t\t\t<div class=\"cf7_text_label\">\n\t\t\t\t\t<\/div>\n\t\t\t\t\t<div class=\"cf7_font\">\n\t\t\t\t\t\t<p><i class=\"fa fa-envelope-o\" aria-hidden=\"true\"><\/i>\n\t\t\t\t\t\t<\/p>\n\t\t\t\t\t<\/div>\n\t\t\t\t\t<div class=\"cf7_text_shortcode\">\n\t\t\t\t\t\t<p><span class=\"wpcf7-form-control-wrap\" data-name=\"giaemail\"><input size=\"40\" maxlength=\"400\" class=\"wpcf7-form-control wpcf7-email wpcf7-validates-as-required wpcf7-text wpcf7-validates-as-email\" aria-required=\"true\" aria-invalid=\"false\" placeholder=\"Introduzca su direcci\u00f3n de correo electr\u00f3nico\" value=\"\" type=\"email\" name=\"giaemail\" \/><\/span>\n\t\t\t\t\t\t<\/p>\n\t\t\t\t\t<\/div>\n\t\t\t\t<\/div>\n\t\t\t\t<div class=\"cf7-text cf7-main-builder dropped ui-sortable-handle\" id=\"cf7-container-builder-1548404004962\">\n\t\t\t\t\t<div class=\"cf7-ctrl cf7-ctrl-inner\">\n\t\t\t\t\t\t<div class=\"cf7-move\">\n\t\t\t\t\t\t<\/div>\n\t\t\t\t\t\t<div class=\"cf7-edit\">\n\t\t\t\t\t\t<\/div>\n\t\t\t\t\t\t<div class=\"cf7-dub cf7-dub-text\">\n\t\t\t\t\t\t<\/div>\n\t\t\t\t\t\t<div class=\"cf7-remove\">\n\t\t\t\t\t\t<\/div>\n\t\t\t\t\t<\/div>\n\t\t\t\t\t<div class=\"cf7_font\">\n\t\t\t\t\t<\/div>\n\t\t\t\t\t<div class=\"cf7_text_shortcode\">\n\t\t\t\t\t\t<p><input class=\"wpcf7-form-control wpcf7-submit has-spinner\" type=\"submit\" value=\"Obtener mi informe GIA\" \/>\n\t\t\t\t\t\t<\/p>\n\t\t\t\t\t<\/div>\n\t\t\t\t<\/div>\n\t\t\t<\/div>\n\t\t<\/div>\n\t<\/div>\n<\/div><div class=\"wpcf7-response-output\" aria-hidden=\"true\"><\/div><input type=\"hidden\" value=\"0\" class=\"cf7-thankyou-page-failed\" ><input type=\"hidden\" value=\"0\" class=\"cf7-thankyou-page-success\" >\n<input type=\"hidden\" name=\"trp-form-language\" value=\"es\"\/><\/form>\n<\/div>\n\n\n<p><strong><a class=\"courtesy-link\" href=\"https:\/\/www.gia.edu\/\" target=\"_blank\" rel=\"noopener nofollow\">Cortes\u00eda de GIA<\/a><\/strong><\/p>\n\n\t\t<\/div>\n\t\t\t\t\t<\/div>\n\n\t\n\n\t<div id=\"col-1609408212\" class=\"col small-12 large-12\"  >\n\t\t\t\t<div class=\"col-inner\"  >\n\t\t\t\n\t\t\t\n\n<div class=\"container section-title-container\" style=\"margin-top:40px;\"><h4 class=\"section-title section-title-bold-center\"><b aria-hidden=\"true\"><\/b><span class=\"section-title-main\" >Preguntas frecuentes<\/span><b aria-hidden=\"true\"><\/b><\/h4><\/div>\n\n<div class=\"accordion\">\n\n\t<div id=\"accordion-2827972079\" class=\"accordion-item\">\n\t\t<a id=\"accordion-2827972079-label\" class=\"accordion-title plain active\" href=\"#accordion-item-how-did-the-carat-system-start?\" aria-expanded=\"true\" aria-controls=\"accordion-2827972079-content\">\n\t\t\t<button class=\"toggle\" aria-label=\"Toggle\"><i class=\"icon-angle-down\" aria-hidden=\"true\"><\/i><\/button>\n\t\t\t<span>\u00bfC\u00d3MO EMPEZ\u00d3 EL SISTEMA DE QUILATES?<\/span>\n\t\t<\/a>\n\t\t<div id=\"accordion-2827972079-content\" class=\"accordion-inner\" style=\"display: block;\" aria-labelledby=\"accordion-2827972079-label\">\n\t\t\t\n\n<p>El sistema moderno de quilates comenz\u00f3 con la semilla de algarroba. Los primeros comerciantes de piedras preciosas utilizaban estas semillas peque\u00f1as y uniformes como contrapeso en sus balanzas. El quilate tiene el mismo peso en gramos en todos los rincones del mundo.<\/p>\n\n\t\t<\/div>\n\t<\/div>\n\t\n\t<div id=\"accordion-3612706816\" class=\"accordion-item\">\n\t\t<a id=\"accordion-3612706816-label\" class=\"accordion-title plain\" href=\"#accordion-item-what-are-\u201cmagic-sizes\u201d?\" aria-expanded=\"false\" aria-controls=\"accordion-3612706816-content\">\n\t\t\t<button class=\"toggle\" aria-label=\"Toggle\"><i class=\"icon-angle-down\" aria-hidden=\"true\"><\/i><\/button>\n\t\t\t<span>\u00bfQU\u00c9 SON LAS \"TALLAS M\u00c1GICAS\"?<\/span>\n\t\t<\/a>\n\t\t<div id=\"accordion-3612706816-content\" class=\"accordion-inner\" aria-labelledby=\"accordion-3612706816-label\">\n\t\t\t\n\n<p>Algunos pesos se consideran \"tallas m\u00e1gicas\": medio quilate, tres cuartos de quilate y quilate. Visualmente, hay poca diferencia entre un diamante de 0,99 quilates y uno que pesa un quilate completo. Pero las diferencias de precio entre ambos pueden ser significativas.<\/p>\n\n\t\t<\/div>\n\t<\/div>\n\t\n\n<\/div>\n\n\t\t<\/div>\n\t\t\t\t\n<style>\n#col-1609408212 > .col-inner {\n  padding: 0px 0px 25px 0px;\n}\n<\/style>\n\t<\/div>\n\n\t\n\n<\/div>\n\n\t\t<\/div>\n\n\t\t\n<style>\n#section_509710807 {\n  padding-top: 40px;\n  padding-bottom: 40px;\n}\n#section_509710807 .section-bg-overlay {\n  background-color: rgb(255, 255, 255);\n}\n<\/style>\n\t<\/section>","protected":false},"excerpt":{"rendered":"","protected":false},"author":1,"featured_media":0,"parent":864,"menu_order":1,"comment_status":"closed","ping_status":"closed","template":"page-blank.php","meta":{"inline_featured_image":false,"footnotes":""},"class_list":["post-921","page","type-page","status-publish","hentry"],"_links":{"self":[{"href":"https:\/\/www.houstongoldexchange.com\/es\/wp-json\/wp\/v2\/pages\/921","targetHints":{"allow":["GET"]}}],"collection":[{"href":"https:\/\/www.houstongoldexchange.com\/es\/wp-json\/wp\/v2\/pages"}],"about":[{"href":"https:\/\/www.houstongoldexchange.com\/es\/wp-json\/wp\/v2\/types\/page"}],"author":[{"embeddable":true,"href":"https:\/\/www.houstongoldexchange.com\/es\/wp-json\/wp\/v2\/users\/1"}],"replies":[{"embeddable":true,"href":"https:\/\/www.houstongoldexchange.com\/es\/wp-json\/wp\/v2\/comments?post=921"}],"version-history":[{"count":0,"href":"https:\/\/www.houstongoldexchange.com\/es\/wp-json\/wp\/v2\/pages\/921\/revisions"}],"up":[{"embeddable":true,"href":"https:\/\/www.houstongoldexchange.com\/es\/wp-json\/wp\/v2\/pages\/864"}],"wp:attachment":[{"href":"https:\/\/www.houstongoldexchange.com\/es\/wp-json\/wp\/v2\/media?parent=921"}],"curies":[{"name":"wp","href":"https:\/\/api.w.org\/{rel}","templated":true}]}}