{"id":951,"date":"2019-01-25T08:57:54","date_gmt":"2019-01-25T08:57:54","guid":{"rendered":"https:\/\/houstongoldexchange.com\/?page_id=951"},"modified":"2019-01-27T23:48:10","modified_gmt":"2019-01-27T23:48:10","slug":"politica-de-privacidad","status":"publish","type":"page","link":"https:\/\/www.houstongoldexchange.com\/es\/information\/privacy-policy\/","title":{"rendered":"Pol\u00edtica de privacidad"},"content":{"rendered":"<section class=\"section dark\" id=\"section_1301933917\">\n\t\t<div class=\"section-bg fill\" >\n\t\t\t\t\t\t\t\t\t\n\t\t\t\n\n\t\t<\/div>\n\n\t\t\n\n\t\t<div class=\"section-content relative\">\n\t\t\t\n\n\t<div id=\"gap-2032875233\" class=\"gap-element clearfix\" style=\"display:block; height:auto;\">\n\t\t\n<style>\n#gap-2032875233 {\n  padding-top: 20px;\n}\n<\/style>\n\t<\/div>\n\t\n\n<h2 class=\"uppercase\"><strong>Pol\u00edtica de privacidad<\/strong><\/h2>\n<p>Esta Aplicaci\u00f3n recoge algunos Datos Personales de sus Usuarios.<\/p>\n<div class=\"is-divider divider clearfix\" style=\"margin-top:0.3em;margin-bottom:0.3em;\"><\/div>\n\n<div class=\"one_line_col\">\n<h2>\u00a0<\/h2>\n<h2>Controlador y propietario de los datos<\/h2>\n<p>Houston Gold Exchange - 12513 Westheimer Rd. Houston, TX 77077,<br \/>legal@houstongoldexchange.com<\/p>\n<\/div>\n<div class=\"one_line_col\">\n<h2>Tipos de datos recogidos<\/h2>\n<p>Entre los tipos de Datos Personales que esta Aplicaci\u00f3n recoge, por s\u00ed misma o a trav\u00e9s de terceros, se encuentran: Cookies, Datos de uso, nombre, apellidos, sexo, fecha de nacimiento, n\u00famero de tel\u00e9fono, direcci\u00f3n, pa\u00eds, estado, direcci\u00f3n de correo electr\u00f3nico, c\u00f3digo postal y ciudad.<\/p>\n<p>Otros Datos Personales recogidos pueden describirse en otras secciones de esta pol\u00edtica de privacidad o mediante un texto explicativo espec\u00edfico contextualizado con la recogida de Datos.<br \/>Los Datos Personales pueden ser proporcionados libremente por el Usuario, o recogidos autom\u00e1ticamente al utilizar esta Aplicaci\u00f3n.<br \/>Cualquier uso de Cookies -o de otras herramientas de seguimiento- por parte de esta Aplicaci\u00f3n o de los titulares de servicios de terceros utilizados por esta Aplicaci\u00f3n, salvo que se indique lo contrario, sirve para identificar a los Usuarios y recordar sus preferencias, con la \u00fanica finalidad de prestar el servicio requerido por el Usuario.<br \/>El hecho de no facilitar determinados Datos Personales puede imposibilitar que esta Aplicaci\u00f3n preste sus servicios.<\/p>\n<p>Los Usuarios son responsables de cualquier Dato Personal de terceros obtenido, publicado o compartido a trav\u00e9s de esta Aplicaci\u00f3n y confirman que tienen el consentimiento del tercero para proporcionar los Datos al Propietario.<\/p>\n<\/div>\n<div class=\"one_line_col\">\n<h2>Modo y lugar de tratamiento de los datos<\/h2>\n<h3>M\u00e9todos de tratamiento<\/h3>\n<p>El Responsable del Tratamiento procesa los Datos de los Usuarios de forma adecuada y tomar\u00e1 las medidas de seguridad apropiadas para impedir el acceso no autorizado, la divulgaci\u00f3n, la modificaci\u00f3n o la destrucci\u00f3n no autorizada de los Datos.<br \/>El tratamiento de los Datos se lleva a cabo utilizando ordenadores y\/o herramientas inform\u00e1ticas, siguiendo procedimientos y modos organizativos estrictamente relacionados con los fines indicados. Adem\u00e1s del Controlador de Datos, en algunos casos, los Datos pueden ser accesibles a ciertos tipos de personas a cargo, involucradas con la operaci\u00f3n del sitio (administraci\u00f3n, ventas, marketing, legal, administraci\u00f3n del sistema) o partes externas (como proveedores de servicios t\u00e9cnicos de terceros, portadores de correo, proveedores de alojamiento, compa\u00f1\u00edas de TI, agencias de comunicaciones) designados, si es necesario, como Procesadores de Datos por el Propietario. La lista actualizada de estas partes puede solicitarse al Responsable del Tratamiento en cualquier momento.<\/p>\n<h3>Lugar<\/h3>\n<p>Los datos se procesan en las oficinas operativas del responsable del tratamiento y en cualquier otro lugar donde se encuentren las partes implicadas en el tratamiento. Para m\u00e1s informaci\u00f3n, p\u00f3ngase en contacto con el responsable del tratamiento.<\/p>\n<h3>Tiempo de retenci\u00f3n<\/h3>\n<p>Los Datos se conservan durante el tiempo necesario para prestar el servicio solicitado por el Usuario, o indicado por las finalidades se\u00f1aladas en este documento, pudiendo siempre el Usuario solicitar al Responsable del Tratamiento la suspensi\u00f3n o supresi\u00f3n de los mismos.<\/p>\n<\/div>\n<div class=\"one_line_col\">\n<h2>Uso de los datos recogidos<\/h2>\n<p>Los Datos relativos al Usuario se recogen para permitir al Propietario prestar sus servicios, as\u00ed como para los siguientes fines: Anal\u00edtica, Contactar con el Usuario y Registro y autenticaci\u00f3n.<\/p>\n<p>Los Datos Personales utilizados para cada fin se describen en las secciones espec\u00edficas de este documento.<\/p>\n<\/div>\n<div class=\"one_line_col\">\n<h2>Informaci\u00f3n detallada sobre el tratamiento de datos personales<\/h2>\n<p>Los datos personales se recogen para los siguientes fines y utilizando los siguientes servicios:<\/p>\n<h3><strong>Anal\u00edtica<\/strong><\/h3>\n<p>Los servicios contenidos en esta secci\u00f3n permiten al Propietario supervisar y analizar el tr\u00e1fico web y pueden utilizarse para realizar un seguimiento del comportamiento de los Usuarios.<\/p>\n<h4>Google Analytics (Google Inc.)<\/h4>\n<p>Google Analytics es un servicio de an\u00e1lisis web prestado por Google Inc. (\"Google\"). Google utiliza los Datos recopilados para rastrear y examinar el uso de esta Aplicaci\u00f3n, elaborar informes sobre sus actividades y compartirlos con otros servicios de Google.<br \/>Google puede utilizar los Datos recopilados para contextualizar y personalizar los anuncios de su propia red publicitaria.<\/p>\n<p>Datos personales recogidos: Cookies y Datos de uso.<\/p>\n<p>Lugar de transformaci\u00f3n: EE.UU.-\u00a0<a class=\"external\" href=\"https:\/\/www.google.com\/intl\/en\/policies\/privacy\/\" target=\"_blank\" rel=\"nofollow noopener\">Pol\u00edtica de privacidad<\/a>\u00a0-\u00a0<a class=\"external\" href=\"https:\/\/tools.google.com\/dlpage\/gaoptout?hl=en\" target=\"_blank\" rel=\"nofollow noopener\">Exclusi\u00f3n voluntaria<\/a><\/p>\n<h4>An\u00e1lisis recogidos directamente (esta aplicaci\u00f3n)<\/h4>\n<p>Esta Aplicaci\u00f3n utiliza un sistema de an\u00e1lisis interno en el que no intervienen terceros.<\/p>\n<p>Datos personales recogidos: Cookies y Datos de uso.<\/p>\n<h3>Registro y autentificaci\u00f3n<\/h3>\n<p>Al registrarse o autenticarse, los Usuarios permiten a esta Aplicaci\u00f3n identificarlos y darles acceso a servicios espec\u00edficos.<br \/>En funci\u00f3n de lo que se describe a continuaci\u00f3n, es posible que terceros presten servicios de registro y autenticaci\u00f3n. En este caso, esta Aplicaci\u00f3n podr\u00e1 acceder a algunos Datos, almacenados por estos servicios de terceros, con fines de registro o identificaci\u00f3n.<\/p>\n<h4>Autenticaci\u00f3n de Facebook (Facebook, Inc.)<\/h4>\n<p>La autenticaci\u00f3n de Facebook es un servicio de registro y autenticaci\u00f3n proporcionado por Facebook, Inc. y est\u00e1 conectado a la red social Facebook.<\/p>\n<p>Datos personales recogidos: varios tipos de datos, tal y como se especifica en la pol\u00edtica de privacidad del servicio.<\/p>\n<p>Lugar de transformaci\u00f3n: EE.UU.-\u00a0<a class=\"external\" href=\"https:\/\/www.facebook.com\/help\/405977429438260\" target=\"_blank\" rel=\"nofollow noopener\">Pol\u00edtica de privacidad<\/a><\/p>\n<h3>Contactar con el usuario<\/h3>\n<h4>Formulario de contacto (esta aplicaci\u00f3n)<\/h4>\n<p>Al rellenar el formulario de contacto con sus Datos, el Usuario autoriza a esta Aplicaci\u00f3n a utilizar dichos datos para responder a las solicitudes de informaci\u00f3n, presupuestos o cualquier otro tipo de petici\u00f3n que se indique en la cabecera del formulario.<\/p>\n<p>Datos personales recogidos: direcci\u00f3n, ciudad, pa\u00eds, fecha de nacimiento, direcci\u00f3n de correo electr\u00f3nico, nombre, sexo, apellidos, n\u00famero de tel\u00e9fono, estado y c\u00f3digo postal.<\/p>\n<p>\u00a0<\/p>\n<h2>Informaci\u00f3n adicional sobre recogida y tratamiento de datos<\/h2>\n<h3>Acciones legales<\/h3>\n<p>Los Datos Personales del Usuario podr\u00e1n ser utilizados con fines legales por el Responsable del Tratamiento, ante los Tribunales o en las fases conducentes a posibles acciones legales derivadas del uso indebido de esta Aplicaci\u00f3n o de los servicios relacionados.<br \/>El Usuario declara ser consciente de que el Responsable del Tratamiento puede verse obligado a revelar datos personales a petici\u00f3n de las autoridades p\u00fablicas.<\/p>\n<h3>Informaci\u00f3n adicional sobre los datos personales del usuario<\/h3>\n<p>Adem\u00e1s de la informaci\u00f3n contenida en la presente pol\u00edtica de privacidad, esta Aplicaci\u00f3n puede proporcionar al Usuario, previa solicitud, informaci\u00f3n adicional y contextual relativa a servicios concretos o a la recogida y tratamiento de Datos Personales.<\/p>\n<h3>Registros y mantenimiento del sistema<\/h3>\n<p>A efectos de funcionamiento y mantenimiento, esta Aplicaci\u00f3n y cualquier servicio de terceros pueden recopilar archivos que registren la interacci\u00f3n con esta Aplicaci\u00f3n (Registros del sistema) o utilizar para este fin otros Datos Personales (como la Direcci\u00f3n IP).<\/p>\n<h3>Informaci\u00f3n no contenida en esta pol\u00edtica<\/h3>\n<p>En cualquier momento puede solicitar al Responsable del Tratamiento m\u00e1s detalles sobre la recogida o el tratamiento de Datos Personales. Consulte la informaci\u00f3n de contacto que figura al principio de este documento.<\/p>\n<h3>Derechos de los usuarios<\/h3>\n<p>Los usuarios tienen derecho, en cualquier momento, a saber si sus Datos Personales han sido almacenados y pueden consultar al Responsable del Tratamiento para conocer su contenido y origen, verificar su exactitud o solicitar que se completen, cancelen, actualicen o rectifiquen, o su transformaci\u00f3n en formato an\u00f3nimo o el bloqueo de los datos conservados en violaci\u00f3n de la ley, as\u00ed como oponerse a su tratamiento por cualquier motivo leg\u00edtimo. Las solicitudes deber\u00e1n enviarse al responsable del tratamiento a la direcci\u00f3n de contacto indicada anteriormente.<\/p>\n<p>Esta aplicaci\u00f3n no admite solicitudes de \"No rastrear\".<br \/>Para determinar si alguno de los servicios de terceros que utiliza respeta las solicitudes de \"No rastrear\", lea sus pol\u00edticas de privacidad.<\/p>\n<h3>Cambios en esta pol\u00edtica de privacidad<\/h3>\n<p>El responsable del tratamiento se reserva el derecho de modificar esta pol\u00edtica de privacidad en cualquier momento, notific\u00e1ndolo a sus usuarios en esta p\u00e1gina. Se recomienda encarecidamente consultar esta p\u00e1gina con frecuencia, haciendo referencia a la fecha de la \u00faltima modificaci\u00f3n que figura en la parte inferior. Si un Usuario se opone a alguna de las modificaciones de la Pol\u00edtica, deber\u00e1 dejar de utilizar esta Aplicaci\u00f3n y podr\u00e1 solicitar al Responsable del Tratamiento que elimine los Datos Personales. A menos que se indique lo contrario, la pol\u00edtica de privacidad vigente en ese momento se aplica a todos los Datos Personales que el Responsable del Tratamiento tenga sobre los Usuarios.<\/p>\n<h3>Informaci\u00f3n sobre esta pol\u00edtica de privacidad<\/h3>\n<p>El Responsable del Tratamiento es responsable de esta pol\u00edtica de privacidad, elaborada a partir de los m\u00f3dulos proporcionados por Iubenda y alojados en los servidores de Iubenda.<\/p>\n<h3 class=\"accordion_title\">Definiciones y referencias jur\u00eddicas<\/h3>\n<\/div>\n<h4>Datos personales<\/h4>\n<p>Cualquier informaci\u00f3n relativa a una persona f\u00edsica, una persona jur\u00eddica, una instituci\u00f3n o una asociaci\u00f3n, que sea o pueda ser identificada, incluso indirectamente, por referencia a cualquier otra informaci\u00f3n, incluido un n\u00famero de identificaci\u00f3n personal.<\/p>\n<h4>Datos de uso<\/h4>\n<p>Informaci\u00f3n recogida autom\u00e1ticamente por esta Aplicaci\u00f3n (o servicios de terceros empleados en esta Aplicaci\u00f3n), que puede incluir: las direcciones IP o nombres de dominio de los ordenadores utilizados por los Usuarios que utilizan esta Aplicaci\u00f3n, las direcciones URI (Uniform Resource Identifier), la hora de la solicitud, el m\u00e9todo utilizado para enviar la solicitud al servidor, el tama\u00f1o del archivo recibido en respuesta, el c\u00f3digo num\u00e9rico que indica el estado de la respuesta del servidor (resultado satisfactorio, error, etc.), el pa\u00eds de origen, las caracter\u00edsticas del navegador y el sistema operativo utilizados por el usuario, los distintos datos de tiempo por visita (por ejemplo, el tiempo empleado en cada p\u00e1gina de la Aplicaci\u00f3n) y los detalles sobre la ruta seguida dentro de la Aplicaci\u00f3n, con especial referencia a la secuencia de p\u00e1ginas visitadas, y otros par\u00e1metros sobre el sistema operativo del dispositivo y\/o el entorno inform\u00e1tico del Usuario.<\/p>\n<h4>Usuario<\/h4>\n<p>La persona f\u00edsica usuaria de esta Aplicaci\u00f3n, que debe coincidir o estar autorizada por el Titular de los Datos, a quien se refieren los Datos Personales.<\/p>\n<h4>Sujeto de los datos<\/h4>\n<p>La persona f\u00edsica o jur\u00eddica a la que se refieren los Datos Personales.<\/p>\n<h4>Procesador de datos (o Supervisor de datos)<\/h4>\n<p>La persona f\u00edsica, jur\u00eddica, administraci\u00f3n p\u00fablica o cualquier otro organismo, asociaci\u00f3n u organizaci\u00f3n autorizada por el Responsable del Tratamiento para tratar los Datos Personales de conformidad con la presente pol\u00edtica de privacidad.<\/p>\n<h4>Responsable (o propietario) de los datos<\/h4>\n<p>La persona f\u00edsica, persona jur\u00eddica, administraci\u00f3n p\u00fablica o cualquier otro organismo, asociaci\u00f3n u organizaci\u00f3n con derecho, tambi\u00e9n conjuntamente con otro Responsable del Tratamiento, a tomar decisiones sobre los fines, y los m\u00e9todos de tratamiento de los Datos Personales y los medios utilizados, incluidas las medidas de seguridad relativas al funcionamiento y uso de esta Aplicaci\u00f3n. El Responsable del Tratamiento, a menos que se especifique lo contrario, es el Propietario de esta Aplicaci\u00f3n.<\/p>\n<h4>Esta aplicaci\u00f3n<\/h4>\n<p>La herramienta de hardware o software mediante la cual se recogen los Datos Personales del Usuario.<\/p>\n<h4>Cookies<\/h4>\n<p>Peque\u00f1o fragmento de datos almacenado en el dispositivo del usuario.<\/p>\n<hr \/>\n<h4>Informaci\u00f3n jur\u00eddica<\/h4>\n<p>Aviso a los usuarios europeos: esta declaraci\u00f3n de privacidad se ha elaborado en cumplimiento de las obligaciones establecidas en el Art. 10 de la Directiva de la CE n. 95\/46\/CE, y bajo las disposiciones de la Directiva 2002\/58\/CE, revisada por la Directiva 2009\/136\/CE, en materia de Cookies.<\/p>\n<p>Esta pol\u00edtica de privacidad se refiere \u00fanicamente a esta Aplicaci\u00f3n.<\/p>\n<p><em>\u00daltima actualizaci\u00f3n: 25 de enero de 2019<\/em><\/p>\n\t<div id=\"gap-1821422563\" class=\"gap-element clearfix\" style=\"display:block; height:auto;\">\n\t\t\n<style>\n#gap-1821422563 {\n  padding-top: 20px;\n}\n<\/style>\n\t<\/div>\n\t\n\n\n\t\t<\/div>\n\n\t\t\n<style>\n#section_1301933917 {\n  padding-top: 30px;\n  padding-bottom: 30px;\n  background-color: rgb(0,0,0);\n}\n<\/style>\n\t<\/section>","protected":false},"excerpt":{"rendered":"","protected":false},"author":1,"featured_media":0,"parent":14817,"menu_order":4,"comment_status":"closed","ping_status":"closed","template":"","meta":{"inline_featured_image":false,"footnotes":""},"class_list":["post-951","page","type-page","status-publish","hentry"],"_links":{"self":[{"href":"https:\/\/www.houstongoldexchange.com\/es\/wp-json\/wp\/v2\/pages\/951","targetHints":{"allow":["GET"]}}],"collection":[{"href":"https:\/\/www.houstongoldexchange.com\/es\/wp-json\/wp\/v2\/pages"}],"about":[{"href":"https:\/\/www.houstongoldexchange.com\/es\/wp-json\/wp\/v2\/types\/page"}],"author":[{"embeddable":true,"href":"https:\/\/www.houstongoldexchange.com\/es\/wp-json\/wp\/v2\/users\/1"}],"replies":[{"embeddable":true,"href":"https:\/\/www.houstongoldexchange.com\/es\/wp-json\/wp\/v2\/comments?post=951"}],"version-history":[{"count":0,"href":"https:\/\/www.houstongoldexchange.com\/es\/wp-json\/wp\/v2\/pages\/951\/revisions"}],"up":[{"embeddable":true,"href":"https:\/\/www.houstongoldexchange.com\/es\/wp-json\/wp\/v2\/pages\/14817"}],"wp:attachment":[{"href":"https:\/\/www.houstongoldexchange.com\/es\/wp-json\/wp\/v2\/media?parent=951"}],"curies":[{"name":"wp","href":"https:\/\/api.w.org\/{rel}","templated":true}]}}