{"id":958,"date":"2019-01-25T10:00:30","date_gmt":"2019-01-25T10:00:30","guid":{"rendered":"https:\/\/houstongoldexchange.com\/?page_id=958"},"modified":"2019-01-27T23:48:10","modified_gmt":"2019-01-27T23:48:10","slug":"accesibilidad","status":"publish","type":"page","link":"https:\/\/www.houstongoldexchange.com\/es\/information\/accessibility\/","title":{"rendered":"Accesibilidad"},"content":{"rendered":"<section class=\"section dark\" id=\"section_1295300785\">\n\t\t<div class=\"section-bg fill\" >\n\t\t\t\t\t\t\t\t\t\n\t\t\t\n\n\t\t<\/div>\n\n\t\t\n\n\t\t<div class=\"section-content relative\">\n\t\t\t\n\n\t<div id=\"gap-1401738260\" class=\"gap-element clearfix\" style=\"display:block; height:auto;\">\n\t\t\n<style>\n#gap-1401738260 {\n  padding-top: 20px;\n}\n<\/style>\n\t<\/div>\n\t\n\n<h2>Declaraci\u00f3n de accesibilidad\u00a0<\/h2>\n<p><span style=\"font-size: 120%;\">Visi\u00f3n general<\/span><\/p>\n<div class=\"is-divider divider clearfix\" style=\"margin-top:0.3em;margin-bottom:0.3em;\"><\/div>\n\n<div id=\"statement_header\">\n<p>\u00a0<\/p>\n<p><span class=\"basic-information organization-name\" data-print=\"accstmt_org\" data-printdefault=\"ORGANIZATION\">Bolsa de oro de Houston<\/span>\u00a0se compromete a garantizar la accesibilidad digital de las personas con discapacidad. Mejoramos continuamente la experiencia de usuario para todos y aplicamos las normas de accesibilidad pertinentes.<\/p>\n<\/div>\n<div id=\"statement-measures-block\" data-if=\"accstmnt_orginfo_measures\">\n<h3>Medidas de apoyo a la accesibilidad<\/h3>\n<p><span class=\"basic-information organization-name\" data-print=\"accstmt_org\" data-printdefault=\"ORGANIZATION\">Bolsa de oro de Houston<\/span>\u00a0adopta las siguientes medidas para garantizar la accesibilidad de Houston Gold Exchange:<\/p>\n<ul id=\"statement-measures\" class=\"organizational-effort accessibility-measures\" data-print=\"accstmnt_orginfo_measures\" data-printfilter=\"capitalize\">\n<li>Incluir la accesibilidad como parte de nuestra declaraci\u00f3n de objetivos.<\/li>\n<li>Incluir la accesibilidad en todas nuestras pol\u00edticas internas.<\/li>\n<li>Integrar la accesibilidad en nuestras pr\u00e1cticas de contrataci\u00f3n.<\/li>\n<li>Nombrar un responsable de accesibilidad y\/o un defensor del pueblo.<\/li>\n<li>Impartir formaci\u00f3n continua sobre accesibilidad a nuestro personal.<\/li>\n<li>Asigne objetivos y responsabilidades claros en materia de accesibilidad.<\/li>\n<li>Emplear m\u00e9todos formales de garant\u00eda de calidad de la accesibilidad.<\/li>\n<\/ul>\n<\/div>\n<div id=\"statement-conformance\" data-if=\"accstmnt_conformance\">\n<h3>Estado de conformidad<\/h3>\n<p>En\u00a0<a href=\"https:\/\/www.w3.org\/WAI\/standards-guidelines\/wcag\/\" rel=\"nofollow noopener\" target=\"_blank\">Pautas de Accesibilidad al Contenido en la Web (WCAG)<\/a>\u00a0define los requisitos que deben cumplir los dise\u00f1adores y desarrolladores para mejorar la accesibilidad de las personas con discapacidad. Define tres niveles de conformidad: Nivel A, Nivel AA y Nivel AAA.\u00a0<span class=\"basic-information website-name\" data-print=\"accstmt_namesite\" data-printdefault=\"WEBSITE_NAME\">Bolsa de oro de Houston<\/span>\u00a0es\u00a0<span class=\"basic-information conformance-status\" data-print=\"accstmnt_conformance\" data-printfilter=\"lowercase\">totalmente conforme<\/span>\u00a0con\u00a0<span class=\"basic-information conformance-standard\"><span data-print=\"accstmnt_standard\" data-if=\"accstmnt_standard_other_name\" data-negate=\"\">WCAG 2.1 nivel AA<\/span>.<\/span>\u00a0<span data-if=\"accstmnt_conformance_meaning\"><span class=\"basic-information conformance-status\" data-print=\"accstmnt_conformance\">Totalmente conforme<\/span>\u00a0significa que\u00a0<span class=\"basic-information conformance-meaning\" data-print=\"accstmnt_conformance_meaning\" data-printdefault=\"CONFORMANCE_MEANING\">el contenido se ajusta plenamente a la norma de accesibilidad sin excepciones<\/span>.<\/span><\/p>\n<\/div>\n<div data-if=\"accstmnt_contact_phone, accstmnt_contact_email, accstmnt_contact_visit, accstmnt_contact_write, accstmnt_contact_other\">\n<h3>Comentarios<\/h3>\n<p>Agradecemos sus comentarios sobre la accesibilidad de\u00a0<span class=\"basic-information website-name\" data-print=\"accstmt_namesite\" data-printdefault=\"WEBSITE_NAME\">Bolsa de oro de Houston<\/span>. H\u00e1ganos saber si encuentra barreras de accesibilidad en\u00a0<span class=\"basic-information website-name\" data-print=\"accstmt_namesite\" data-printdefault=\"WEBSITE_NAME\">Bolsa de oro de Houston<\/span>:<\/p>\n<ul class=\"basic-information feedback h-card\">\n<li data-if=\"accstmnt_contact_phone\">Tel\u00e9fono:\u00a0<span class=\"phone-number p-tel\" data-print=\"accstmnt_contact_phone\">+1 281 531 0700<\/span><\/li>\n<li data-if=\"accstmnt_contact_email\">Correo electr\u00f3nico:\u00a0<a class=\"email u-email\" href=\"mailto:legal@houstongoldexchange.comlegal@houstongoldexchange.comlegal@houstongoldexchange.com\" data-print=\"accstmnt_contact_email\">legal@houstongoldexchange.com<\/a><\/li>\n<li data-if=\"accstmnt_contact_visit\">Direcci\u00f3n del visitante:\u00a0<span class=\"visitor-address p-extended-address\" data-print=\"accstmnt_contact_visit\">12513 Westheimer Rd. Houston, TX<\/span><\/li>\n<li data-if=\"accstmnt_contact_write\">Direcci\u00f3n postal:\u00a0<span class=\"postal-address p-adr\" data-print=\"accstmnt_contact_write\">77077<\/span><\/li>\n<\/ul>\n<p data-if=\"accstmnt_contact_responsetime\">Intentamos responder a los comentarios dentro de\u00a0<span class=\"feedback responsetime\" data-print=\"accstmnt_contact_responsetime\">5 - 7 d\u00edas laborables<\/span>.<\/p>\n<\/div>\n<div id=\"statement-asstech\" data-if=\"accstmnt_asstech_compatible, accstmnt_asstech_incompatible\">\n<h3>Compatibilidad con navegadores y tecnolog\u00edas de asistencia<\/h3>\n<div id=\"statement-asstech-compatible-block\">\n<p><span class=\"basic-information website-name\" data-print=\"accstmt_namesite\" data-printdefault=\"WEBSITE_NAME\">Bolsa de oro de Houston<\/span>\u00a0est\u00e1 dise\u00f1ado para ser compatible con las siguientes tecnolog\u00edas de asistencia:<\/p>\n<ul>\n<li>Navegadores web actuales, incluidas las 3 \u00faltimas versiones principales, y sistemas operativos m\u00f3viles actuales de no m\u00e1s de 5 a\u00f1os de antig\u00fcedad.<\/li>\n<\/ul>\n<ul id=\"statement-asstech-compatible\" class=\"technical-information compatible-environments\" data-print=\"accstmnt_asstech_compatible\" data-printdefault=\"COMPATIBLE_LIST\"><\/ul>\n<\/div>\n<div id=\"statement-asstech-incompatible-block\" data-if=\"accstmnt_asstech_incompatible\">\n<p><span class=\"basic-information website-name\" data-print=\"accstmt_namesite\" data-printdefault=\"WEBSITE_NAME\">Bolsa de oro de Houston<\/span>\u00a0no es compatible con:<\/p>\n<ul id=\"statement-asstech-incompatible\" class=\"technical-information incompatible-environments\" data-print=\"accstmnt_asstech_incompatible\">\n<li>Navegadores web con m\u00e1s de 3 versiones principales y sistemas operativos m\u00f3viles con m\u00e1s de 5 a\u00f1os.<\/li>\n<\/ul>\n<\/div>\n<\/div>\n<div id=\"statement-conftech\" data-if=\"accstmnt_tech\">\n<h3>Especificaciones t\u00e9cnicas<\/h3>\n<p>Accesibilidad de\u00a0<span class=\"basic-information website-name\" data-print=\"accstmt_namesite\" data-printdefault=\"WEBSITE_NAME\">Bolsa de oro de Houston<\/span>\u00a0se basa en las siguientes tecnolog\u00edas para funcionar con la combinaci\u00f3n concreta de navegador web y cualquier tecnolog\u00eda de asistencia o complemento instalado en su ordenador:<\/p>\n<ul id=\"statement-tech\" class=\"technical-information technologies-used\" data-print=\"accstmnt_tech\">\n<li>HTML<\/li>\n<li>CSS<\/li>\n<li>JavaScript<\/li>\n<li>XML<\/li>\n<li>Python<\/li>\n<\/ul>\n<p>Estas tecnolog\u00edas se basan en la conformidad con las normas de accesibilidad utilizadas.<\/p>\n<\/div>\n<div id=\"statement-assessment-block\" data-if=\"accstmnt_approach\">\n<h3>Enfoque de la evaluaci\u00f3n<\/h3>\n<p><span class=\"basic-information organization-name\" data-print=\"accstmt_org\" data-printdefault=\"ORGANIZATION\">Bolsa de oro de Houston<\/span>\u00a0evalu\u00f3 la accesibilidad de\u00a0<span class=\"basic-information website-name\" data-print=\"accstmt_namesite\" data-printdefault=\"WEBSITE_NAME\">Bolsa de oro de Houston<\/span>\u00a0mediante los siguientes enfoques:<\/p>\n<ul id=\"statement-assessments\" class=\"technical-information assessment-approaches\" data-print=\"accstmnt_approach\">\n<li>Autoevaluaci\u00f3n<\/li>\n<li>Evaluaci\u00f3n externa<\/li>\n<li>Un proceso formal de garant\u00eda de calidad a lo largo de todo el proceso de dise\u00f1o y desarrollo<\/li>\n<\/ul>\n<\/div>\n<div data-if=\"accstmnt_audit_url\">\u00a0<\/div>\n<div id=\"statement-approval-block\" data-if=\"accstmnt_orginfo_approved_name, accstmnt_orginfo_approved_function\">\n<h3>Aprobaci\u00f3n formal de esta declaraci\u00f3n de accesibilidad<\/h3>\n<p>Esta Declaraci\u00f3n de Accesibilidad ha sido aprobada por:<\/p>\n<p class=\"approval\"><span class=\"basic-information organization-name\" data-print=\"accstmt_org\" data-printdefault=\"ORGANIZATION\">Bolsa de oro de Houston<\/span><br \/><span class=\"approved-by\" data-print=\"accstmnt_orginfo_approved_name\" data-printdefault=\"APPROVED_BY\">Departamento de Tecnolog\u00eda<\/span><\/p>\n<\/div>\n<hr noshade=\"noshade\" \/>\n<p>Esta declaraci\u00f3n se cre\u00f3 el\u00a0<span class=\"basic-information statement-created-date\" data-print=\"accstmt_date\" data-printdefault=\"DATE\">25 de enero de 2019<\/span><\/p>\n\t<div id=\"gap-625386266\" class=\"gap-element clearfix\" style=\"display:block; height:auto;\">\n\t\t\n<style>\n#gap-625386266 {\n  padding-top: 20px;\n}\n<\/style>\n\t<\/div>\n\t\n\n\n\t\t<\/div>\n\n\t\t\n<style>\n#section_1295300785 {\n  padding-top: 30px;\n  padding-bottom: 30px;\n  background-color: rgb(0,0,0);\n}\n<\/style>\n\t<\/section>","protected":false},"excerpt":{"rendered":"","protected":false},"author":1,"featured_media":0,"parent":14817,"menu_order":0,"comment_status":"closed","ping_status":"closed","template":"","meta":{"inline_featured_image":false,"footnotes":""},"class_list":["post-958","page","type-page","status-publish","hentry"],"desktop_mode_comment_count":0,"desktop_mode_lock":null,"desktop_mode_contributors":[],"_links":{"self":[{"href":"https:\/\/www.houstongoldexchange.com\/es\/wp-json\/wp\/v2\/pages\/958","targetHints":{"allow":["GET"]}}],"collection":[{"href":"https:\/\/www.houstongoldexchange.com\/es\/wp-json\/wp\/v2\/pages"}],"about":[{"href":"https:\/\/www.houstongoldexchange.com\/es\/wp-json\/wp\/v2\/types\/page"}],"author":[{"embeddable":true,"href":"https:\/\/www.houstongoldexchange.com\/es\/wp-json\/wp\/v2\/users\/1"}],"replies":[{"embeddable":true,"href":"https:\/\/www.houstongoldexchange.com\/es\/wp-json\/wp\/v2\/comments?post=958"}],"version-history":[{"count":0,"href":"https:\/\/www.houstongoldexchange.com\/es\/wp-json\/wp\/v2\/pages\/958\/revisions"}],"up":[{"embeddable":true,"href":"https:\/\/www.houstongoldexchange.com\/es\/wp-json\/wp\/v2\/pages\/14817"}],"wp:attachment":[{"href":"https:\/\/www.houstongoldexchange.com\/es\/wp-json\/wp\/v2\/media?parent=958"}],"curies":[{"name":"wp","href":"https:\/\/api.w.org\/{rel}","templated":true}]}}