{"id":44657,"date":"2023-06-25T23:27:26","date_gmt":"2023-06-25T23:27:26","guid":{"rendered":"https:\/\/www.houstongoldexchange.com\/?post_type=product&#038;p=44657"},"modified":"2026-04-11T05:57:54","modified_gmt":"2026-04-11T05:57:54","slug":"anillo-petalo-perla-diamante","status":"publish","type":"product","link":"https:\/\/www.houstongoldexchange.com\/es\/product\/jewelry\/estate-jewelry-jewelry\/pearl-diamond-petal-ring\/","title":{"rendered":"Anillo de p\u00e9talos de perlas y diamantes"},"content":{"rendered":"<p>Hay una raz\u00f3n por la que los anillos de perlas y diamantes han adornado las manos de las mujeres m\u00e1s elegantes de Houston durante generaciones. Este anillo de estilo \u00abpetal\u00bb de segunda mano presenta en el centro una imponente perla de 13,5 mm \u2014de color cremoso, lustrosa y majestuosa\u2014 engastada en una montura de oro blanco de 18 quilates que se despliega como p\u00e9talos de flor en torno a 1,10 quilates de diamantes de color G y pureza VS1. La combinaci\u00f3n de la perla org\u00e1nica y los diamantes brillantes crea un contraste que es a la vez atemporal y profundamente personal. Talla 7, posibilidad de ajuste de talla.<\/p>\n<p>Las joyas de alta gama de esta calidad rara vez se encuentran dos veces. Los clientes de River Oaks y Memorial conf\u00edan en Houston Gold Exchange para adquirir piezas de colecciones privadas que no se encuentran en las tiendas minoristas, y este anillo es precisamente ese tipo de hallazgo. Ya sea que se use en una gala en el Wortham Center o combinado con una sencilla chaqueta, llama la atenci\u00f3n sin esfuerzo.<\/p>\n<p>Disponible para ver en persona en nuestra sala de exposici\u00f3n de Houston o para comprar en l\u00ednea con env\u00edo asegurado a todo el pa\u00eds. Cont\u00e1ctenos para cambios de talla, tasaciones o para concertar una visita privada.<\/p>","protected":false},"excerpt":{"rendered":"<p>Una luminosa perla de 13,5 mm preside este anillo de estilo vintage de p\u00e9talos en oro blanco de 18 quilates, flanqueada por diamantes de 1,10 quilates de color G y pureza VS1. Una pieza vintage que aporta la feminidad del Viejo Mundo al estilo moderno de Houston; disponible en tienda o en l\u00ednea, talla 7.<\/p>","protected":false},"featured_media":44687,"template":"","meta":{"inline_featured_image":false},"product_brand":[],"product_cat":[1586,1588],"product_tag":[],"class_list":{"0":"post-44657","1":"product","2":"type-product","3":"status-publish","4":"has-post-thumbnail","6":"product_cat-all","7":"product_cat-estate-jewelry-jewelry","9":"first","10":"instock","11":"taxable","12":"shipping-taxable","13":"purchasable","14":"product-type-simple"},"desktop_mode_lock":null,"desktop_mode_contributors":[],"_links":{"self":[{"href":"https:\/\/www.houstongoldexchange.com\/es\/wp-json\/wp\/v2\/product\/44657","targetHints":{"allow":["GET"]}}],"collection":[{"href":"https:\/\/www.houstongoldexchange.com\/es\/wp-json\/wp\/v2\/product"}],"about":[{"href":"https:\/\/www.houstongoldexchange.com\/es\/wp-json\/wp\/v2\/types\/product"}],"wp:featuredmedia":[{"embeddable":true,"href":"https:\/\/www.houstongoldexchange.com\/es\/wp-json\/wp\/v2\/media\/44687"}],"wp:attachment":[{"href":"https:\/\/www.houstongoldexchange.com\/es\/wp-json\/wp\/v2\/media?parent=44657"}],"wp:term":[{"taxonomy":"product_brand","embeddable":true,"href":"https:\/\/www.houstongoldexchange.com\/es\/wp-json\/wp\/v2\/product_brand?post=44657"},{"taxonomy":"product_cat","embeddable":true,"href":"https:\/\/www.houstongoldexchange.com\/es\/wp-json\/wp\/v2\/product_cat?post=44657"},{"taxonomy":"product_tag","embeddable":true,"href":"https:\/\/www.houstongoldexchange.com\/es\/wp-json\/wp\/v2\/product_tag?post=44657"}],"curies":[{"name":"wp","href":"https:\/\/api.w.org\/{rel}","templated":true}]}}