{"id":44658,"date":"2023-06-25T23:27:26","date_gmt":"2023-06-25T23:27:26","guid":{"rendered":"https:\/\/www.houstongoldexchange.com\/?post_type=product&#038;p=44658"},"modified":"2026-04-11T05:57:54","modified_gmt":"2026-04-11T05:57:54","slug":"color-natural-oro-blanco-moda-zafiro-flor-anillo-de-diamantes","status":"publish","type":"product","link":"https:\/\/www.houstongoldexchange.com\/es\/product\/jewelry\/designer-jewelry\/kattan-designer-jewelry\/natural-color-white-gold-fashion-sapphire-flower-diamond-ring\/","title":{"rendered":"COLOR NATURAL ORO BLANCO MODA ZAFIRO FLOR ANILLO DE DIAMANTES"},"content":{"rendered":"<p>Este no es un anillo que se pueda encontrar en una joyer\u00eda de centro comercial. Cinco zafiros naturales redondos \u2014que suman un total de 1,80 quilates\u2014 est\u00e1n tallados y engastados de tal manera que recuerdan a una flor en pleno esplendor; cada piedra est\u00e1 enmarcada por un halo de diamantes blancos redondos sobre una banda de oro blanco de 18 quilates. Con 77 diamantes que aportan 0,52 quilates de brillante resplandor blanco, la interacci\u00f3n entre los zafiros de un azul intenso y el brillo de los diamantes crea un movimiento y un color que resultan genuinamente cautivadores desde cualquier rinc\u00f3n de la habitaci\u00f3n. Talla 7.<\/p>\n<p>Los zafiros de color natural en este tipo de montura despiertan un gran inter\u00e9s desde West University Place hasta The Woodlands, entre compradores que saben que las joyas de segunda mano cuentan una historia que las piezas de nueva fabricaci\u00f3n no pueden contar. Houston Gold Exchange se abastece directamente de colecciones privadas, y piezas como esta se venden r\u00e1pidamente una vez que salen a la venta.<\/p>\n<p>Compre en l\u00ednea con un proceso de pago seguro y env\u00edo asegurado, o visite nuestra sala de exposici\u00f3n en Houston para ver la intensidad del color en persona antes de comprar. Estaremos encantados de ayudarle a elegir la talla o de proporcionarle fotograf\u00edas adicionales si lo solicita.<\/p>","protected":false},"excerpt":{"rendered":"<p>Cinco zafiros ovalados de colores vivos resplandecen en esta alianza con forma de flor de oro blanco de 18 quilates, rodeados por 77 diamantes blancos redondos: 0,52 quilates de brillo diamantino que enmarcan 1,80 quilates de zafiro natural. Un anillo de segunda mano \u00fanico en su g\u00e9nero que se luce como una obra de arte, talla 7.<\/p>","protected":false},"featured_media":44688,"template":"","meta":{"inline_featured_image":false},"product_brand":[],"product_cat":[1586,1589,1590,1587,1591,1592],"product_tag":[],"class_list":{"0":"post-44658","1":"product","2":"type-product","3":"status-publish","4":"has-post-thumbnail","6":"product_cat-all","7":"product_cat-designer-jewelry","8":"product_cat-fine-jewelry-jewelry","9":"product_cat-jewelry","10":"product_cat-kattan-designer-jewelry","11":"product_cat-rings-fine-jewelry-jewelry","13":"first","14":"instock","15":"taxable","16":"shipping-taxable","17":"purchasable","18":"product-type-simple"},"_links":{"self":[{"href":"https:\/\/www.houstongoldexchange.com\/es\/wp-json\/wp\/v2\/product\/44658","targetHints":{"allow":["GET"]}}],"collection":[{"href":"https:\/\/www.houstongoldexchange.com\/es\/wp-json\/wp\/v2\/product"}],"about":[{"href":"https:\/\/www.houstongoldexchange.com\/es\/wp-json\/wp\/v2\/types\/product"}],"wp:featuredmedia":[{"embeddable":true,"href":"https:\/\/www.houstongoldexchange.com\/es\/wp-json\/wp\/v2\/media\/44688"}],"wp:attachment":[{"href":"https:\/\/www.houstongoldexchange.com\/es\/wp-json\/wp\/v2\/media?parent=44658"}],"wp:term":[{"taxonomy":"product_brand","embeddable":true,"href":"https:\/\/www.houstongoldexchange.com\/es\/wp-json\/wp\/v2\/product_brand?post=44658"},{"taxonomy":"product_cat","embeddable":true,"href":"https:\/\/www.houstongoldexchange.com\/es\/wp-json\/wp\/v2\/product_cat?post=44658"},{"taxonomy":"product_tag","embeddable":true,"href":"https:\/\/www.houstongoldexchange.com\/es\/wp-json\/wp\/v2\/product_tag?post=44658"}],"curies":[{"name":"wp","href":"https:\/\/api.w.org\/{rel}","templated":true}]}}