{"id":44664,"date":"2023-06-25T23:27:27","date_gmt":"2023-06-25T23:27:27","guid":{"rendered":"https:\/\/www.houstongoldexchange.com\/?post_type=product&#038;p=44664"},"modified":"2026-04-11T05:57:54","modified_gmt":"2026-04-11T05:57:54","slug":"18k-6-00ctw-pave-pendientes-de-diamantes","status":"publish","type":"product","link":"https:\/\/www.houstongoldexchange.com\/es\/product\/jewelry\/fine-jewelry-jewelry\/earrings-fine-jewelry-jewelry\/18k-6-00ctw-pave-diamond-earrings\/","title":{"rendered":"18k 6.00ctw Pave Pendientes de Diamantes"},"content":{"rendered":"<p>Seis quilates de diamantes en pav\u00e9 en un solo par de aretes es algo verdaderamente extraordinario. Estos aretes de segunda mano, de oro blanco de 18 quilates, est\u00e1n incrustados con diamantes de color H y pureza SI-1 que suman un total de 6,00 quilates \u2014el peso de diamantes necesario para crear un halo de luz visible alrededor de la oreja en cualquier condici\u00f3n de iluminaci\u00f3n. No se trata de una joya discreta. Es el tipo de pieza para la que fueron creadas las galas del Wortham Center y los comedores privados de River Oaks.<\/p>\n<p>Los aretes de segunda mano con un peso total de diamantes de 6 quilates, con esta calidad de piedra, rara vez llegan al mercado abierto. Houston Gold Exchange los adquiere directamente de colecciones privadas, y las piezas con este nivel de densidad de diamantes representan un valor significativo en comparaci\u00f3n con sus equivalentes en tiendas minoristas. Los compradores, desde Piney Point Village hasta Kingwood, saben que 6 quilates en una pieza de segunda mano suponen un poder de compra que el mercado minorista simplemente no puede igualar.<\/p>\n<p>Disponible en l\u00ednea con env\u00edo asegurado y discreto, o visite nuestra sala de exposici\u00f3n en Houston para verlo en persona. Le recomendamos que contemple esta pieza bajo una iluminaci\u00f3n adecuada para apreciar plenamente la cobertura de diamantes.<\/p>","protected":false},"excerpt":{"rendered":"<p>Seis quilates completos de diamantes en pav\u00e9 cubren estos aretes de segunda mano de oro blanco de 18 quilates: diamantes de color H y pureza SI-1 que emiten un resplandor de luz blanca capaz de llamar la atenci\u00f3n en cualquier lugar. Un peso de diamantes verdaderamente excepcional para unos aretes de segunda mano de este tipo.<\/p>","protected":false},"featured_media":44702,"template":"","meta":{"inline_featured_image":false},"product_brand":[],"product_cat":[1586,1594,1588,1590],"product_tag":[],"class_list":{"0":"post-44664","1":"product","2":"type-product","3":"status-publish","4":"has-post-thumbnail","6":"product_cat-all","7":"product_cat-earrings-fine-jewelry-jewelry","8":"product_cat-estate-jewelry-jewelry","9":"product_cat-fine-jewelry-jewelry","11":"first","12":"instock","13":"taxable","14":"shipping-taxable","15":"purchasable","16":"product-type-simple"},"desktop_mode_lock":null,"desktop_mode_contributors":[],"_links":{"self":[{"href":"https:\/\/www.houstongoldexchange.com\/es\/wp-json\/wp\/v2\/product\/44664","targetHints":{"allow":["GET"]}}],"collection":[{"href":"https:\/\/www.houstongoldexchange.com\/es\/wp-json\/wp\/v2\/product"}],"about":[{"href":"https:\/\/www.houstongoldexchange.com\/es\/wp-json\/wp\/v2\/types\/product"}],"wp:featuredmedia":[{"embeddable":true,"href":"https:\/\/www.houstongoldexchange.com\/es\/wp-json\/wp\/v2\/media\/44702"}],"wp:attachment":[{"href":"https:\/\/www.houstongoldexchange.com\/es\/wp-json\/wp\/v2\/media?parent=44664"}],"wp:term":[{"taxonomy":"product_brand","embeddable":true,"href":"https:\/\/www.houstongoldexchange.com\/es\/wp-json\/wp\/v2\/product_brand?post=44664"},{"taxonomy":"product_cat","embeddable":true,"href":"https:\/\/www.houstongoldexchange.com\/es\/wp-json\/wp\/v2\/product_cat?post=44664"},{"taxonomy":"product_tag","embeddable":true,"href":"https:\/\/www.houstongoldexchange.com\/es\/wp-json\/wp\/v2\/product_tag?post=44664"}],"curies":[{"name":"wp","href":"https:\/\/api.w.org\/{rel}","templated":true}]}}