{"id":44667,"date":"2023-06-25T23:27:27","date_gmt":"2023-06-25T23:27:27","guid":{"rendered":"https:\/\/www.houstongoldexchange.com\/?post_type=product&#038;p=44667"},"modified":"2026-04-11T05:57:54","modified_gmt":"2026-04-11T05:57:54","slug":"18k-anillo-de-diamantes-corazones","status":"publish","type":"product","link":"https:\/\/www.houstongoldexchange.com\/es\/product\/jewelry\/fine-jewelry-jewelry\/rings-fine-jewelry-jewelry\/18k-diamond-hearts-ring\/","title":{"rendered":"Anillo Corazones Diamantes 18K"},"content":{"rendered":"<p>El motivo del coraz\u00f3n en la joyer\u00eda fina se mueve en una delgada l\u00ednea entre lo sentimental y lo sofisticado; esta alianza de oro blanco de 18 quilates logra ambos. Varios corazones se alinean de extremo a extremo a lo largo de la banda, cada uno con pav\u00e9 de diamantes blancos, sumando un total de 1,52 quilates en toda la pieza. El resultado es un anillo que transmite afecto y compromiso, al tiempo que cuenta con el peso de los diamantes necesario para destacar por s\u00ed mismo como una pieza de joyer\u00eda fina de gran valor. Talla 7,75, posibilidad de ajuste de talla.<\/p>\n<p>Los anillos de diamantes de segunda mano en este rango de quilates son un atractivo constante para los compradores de Houston que buscan diamantes aut\u00e9nticos sin tener que pagar los recargos de los precios de venta al p\u00fablico de las piezas nuevas. Este anillo puede lucirse como una pieza llamativa por s\u00ed solo, como anillo en la mano derecha o como una alternativa \u00fanica a la alianza de boda tradicional. Los clientes, desde Bellaire hasta The Woodlands, valoran que el inventario de art\u00edculos de segunda mano de Houston Gold Exchange ofrezca una calidad dif\u00edcil de encontrar a este precio en otros lugares.<\/p>\n<p>Realice su pedido en l\u00ednea con pago seguro y env\u00edo asegurado a todo el pa\u00eds, o visite nuestra sala de exposici\u00f3n en Houston para prob\u00e1rselo antes de decidirse.<\/p>","protected":false},"excerpt":{"rendered":"<p>Los motivos en forma de coraz\u00f3n brillan en esta alianza de oro blanco de 18 quilates, engastada con diamantes que suman un total de 1,52 quilates, en un dise\u00f1o que combina el romanticismo con la aut\u00e9ntica calidad de las piedras preciosas. Una pieza de segunda mano que transmite significado y maestr\u00eda artesanal a partes iguales. Talla 7,75.<\/p>","protected":false},"featured_media":44709,"template":"","meta":{"inline_featured_image":false},"product_brand":[],"product_cat":[1586,1595,1590,1587,1592],"product_tag":[],"class_list":{"0":"post-44667","1":"product","2":"type-product","3":"status-publish","4":"has-post-thumbnail","6":"product_cat-all","7":"product_cat-engagement-anniversary","8":"product_cat-fine-jewelry-jewelry","9":"product_cat-jewelry","10":"product_cat-rings-fine-jewelry-jewelry","12":"first","13":"instock","14":"taxable","15":"shipping-taxable","16":"purchasable","17":"product-type-simple"},"desktop_mode_lock":null,"desktop_mode_contributors":[],"_links":{"self":[{"href":"https:\/\/www.houstongoldexchange.com\/es\/wp-json\/wp\/v2\/product\/44667","targetHints":{"allow":["GET"]}}],"collection":[{"href":"https:\/\/www.houstongoldexchange.com\/es\/wp-json\/wp\/v2\/product"}],"about":[{"href":"https:\/\/www.houstongoldexchange.com\/es\/wp-json\/wp\/v2\/types\/product"}],"wp:featuredmedia":[{"embeddable":true,"href":"https:\/\/www.houstongoldexchange.com\/es\/wp-json\/wp\/v2\/media\/44709"}],"wp:attachment":[{"href":"https:\/\/www.houstongoldexchange.com\/es\/wp-json\/wp\/v2\/media?parent=44667"}],"wp:term":[{"taxonomy":"product_brand","embeddable":true,"href":"https:\/\/www.houstongoldexchange.com\/es\/wp-json\/wp\/v2\/product_brand?post=44667"},{"taxonomy":"product_cat","embeddable":true,"href":"https:\/\/www.houstongoldexchange.com\/es\/wp-json\/wp\/v2\/product_cat?post=44667"},{"taxonomy":"product_tag","embeddable":true,"href":"https:\/\/www.houstongoldexchange.com\/es\/wp-json\/wp\/v2\/product_tag?post=44667"}],"curies":[{"name":"wp","href":"https:\/\/api.w.org\/{rel}","templated":true}]}}