{"id":44672,"date":"2023-06-25T23:27:27","date_gmt":"2023-06-25T23:27:27","guid":{"rendered":"https:\/\/www.houstongoldexchange.com\/?post_type=product&#038;p=44672"},"modified":"2026-04-11T05:57:54","modified_gmt":"2026-04-11T05:57:54","slug":"anillo-ala-diamante-18k","status":"publish","type":"product","link":"https:\/\/www.houstongoldexchange.com\/es\/product\/jewelry\/fine-jewelry-jewelry\/rings-fine-jewelry-jewelry\/18k-diamond-wing-ring\/","title":{"rendered":"Anillo Ala Diamante 18K"},"content":{"rendered":"<p>Los motivos de alas en la joyer\u00eda fina tienen una larga tradici\u00f3n \u2014desde los anillos conmemorativos de la \u00e9poca victoriana hasta las piezas de moda actuales\u2014, pero son pocos los que logran plasmar este dise\u00f1o con tal nivel de detalle escult\u00f3rico. Este anillo de oro blanco de 18 quilates presenta un par de alas a lo largo de la banda, con 0,38 quilates de diamantes blancos engastados siguiendo el contorno de las plumas para resaltar la forma y a\u00f1adir un toque de brillo. Es un anillo con personalidad, no solo otra banda de diamantes m\u00e1s. Talla 7.<\/p>\n<p>Los anillos de segunda mano con motivos distintivos atraen a compradores que coleccionan de forma selectiva, y entre la clientela de Houston Gold Exchange \u2014desde Bunker Hill Village hasta Kingwood\u2014 hay muchos de ellos. Esta pieza se habr\u00eda vendido a un precio considerablemente m\u00e1s alto en una joyer\u00eda de lujo: la calidad del oro de 18 quilates y el engaste de los diamantes est\u00e1n realmente bien ejecutados.<\/p>\n<p>Disponible en l\u00ednea con env\u00edo seguro a todo el pa\u00eds, o visita nuestra tienda de Houston para ver los detalles del ala de cerca. Se puede ajustar la talla.<\/p>","protected":false},"excerpt":{"rendered":"<p>Un par de elegantes alas se extienden a lo largo de este anillo de oro blanco de 18 quilates, realzado con 0,38 quilates de diamantes blancos que trazan el detalle de las plumas con un brillo sutil. Un anillo de segunda mano con una personalidad escultural. Talla 7.<\/p>","protected":false},"featured_media":44716,"template":"","meta":{"inline_featured_image":false},"product_brand":[],"product_cat":[1586,1590,1587,1592],"product_tag":[],"class_list":{"0":"post-44672","1":"product","2":"type-product","3":"status-publish","4":"has-post-thumbnail","6":"product_cat-all","7":"product_cat-fine-jewelry-jewelry","8":"product_cat-jewelry","9":"product_cat-rings-fine-jewelry-jewelry","11":"first","12":"instock","13":"taxable","14":"shipping-taxable","15":"purchasable","16":"product-type-simple"},"desktop_mode_lock":null,"desktop_mode_contributors":[],"_links":{"self":[{"href":"https:\/\/www.houstongoldexchange.com\/es\/wp-json\/wp\/v2\/product\/44672","targetHints":{"allow":["GET"]}}],"collection":[{"href":"https:\/\/www.houstongoldexchange.com\/es\/wp-json\/wp\/v2\/product"}],"about":[{"href":"https:\/\/www.houstongoldexchange.com\/es\/wp-json\/wp\/v2\/types\/product"}],"wp:featuredmedia":[{"embeddable":true,"href":"https:\/\/www.houstongoldexchange.com\/es\/wp-json\/wp\/v2\/media\/44716"}],"wp:attachment":[{"href":"https:\/\/www.houstongoldexchange.com\/es\/wp-json\/wp\/v2\/media?parent=44672"}],"wp:term":[{"taxonomy":"product_brand","embeddable":true,"href":"https:\/\/www.houstongoldexchange.com\/es\/wp-json\/wp\/v2\/product_brand?post=44672"},{"taxonomy":"product_cat","embeddable":true,"href":"https:\/\/www.houstongoldexchange.com\/es\/wp-json\/wp\/v2\/product_cat?post=44672"},{"taxonomy":"product_tag","embeddable":true,"href":"https:\/\/www.houstongoldexchange.com\/es\/wp-json\/wp\/v2\/product_tag?post=44672"}],"curies":[{"name":"wp","href":"https:\/\/api.w.org\/{rel}","templated":true}]}}