{"id":44674,"date":"-0001-11-30T00:00:00","date_gmt":"-0001-11-30T00:00:00","guid":{"rendered":""},"modified":"-0001-11-30T00:00:00","modified_gmt":"-0001-11-30T00:00:00","slug":"colgante-amatista-verde-y-diamante-14k","status":"publish","type":"product","link":"https:\/\/www.houstongoldexchange.com\/es\/product\/jewelry\/estate-jewelry-jewelry\/14k-green-amethyst-and-diamond-pendant\/","title":{"rendered":"Colgante Amatista Verde y Diamante 14K"},"content":{"rendered":"<p>La amatista verde \u2014tambi\u00e9n conocida como prasiolita\u2014 ocupa un lugar singular en el mundo de las piedras preciosas: combina la pureza y la facilidad de tallado de la amatista con un color verde p\u00e1lido y c\u00e1lido que se percibe de manera totalmente diferente cuando se lleva puesto. Este colgante de oro blanco de 14k saca el m\u00e1ximo partido a esa cualidad, situando a la amatista verde como claro punto focal con detalles de diamantes que la enmarcan sin restarle protagonismo. Colgado de una cadena de 50 cm, tiene una longitud ideal tanto para escotes abiertos como para combinar con otras piezas.<\/p>\n<p>Los compradores de colgantes con piedras preciosas de los barrios de Hedwig Village y Spring Branch, en Houston, suelen buscar piezas con piedras alternativas \u2014gemas de colores que van m\u00e1s all\u00e1 de los cl\u00e1sicos rub\u00ed, zafiro y esmeralda y que ofrecen una est\u00e9tica distintiva a precios m\u00e1s accesibles\u2014. La amatista verde, en particular, cuenta con un p\u00fablico fiel debido a su color inusual y a su excelente claridad en relaci\u00f3n con su precio.<\/p>\n<p>Compre este colgante en l\u00ednea con un proceso de pago seguro y env\u00edo asegurado a todo el pa\u00eds, o visite nuestra sala de exposici\u00f3n en Houston para ver la amatista verde bajo la luz natural antes de comprarlo.<\/p>","protected":false},"excerpt":{"rendered":"<p>Green amethyst \u2014 also known as prasiolite \u2014 occupies an unusual place in the gemstone world: it carries the clean clarity and facetable quality of amethyst with a pale, warm green color that reads entirely differently on the body. This 14k white gold pendant makes the most of that quality, setting the green amethyst as [&#8230;]\n","protected":false},"featured_media":44718,"template":"","meta":{"inline_featured_image":false},"product_brand":[],"product_cat":[1586,1588,1587],"product_tag":[],"class_list":{"0":"post-44674","1":"product","2":"type-product","3":"status-publish","4":"has-post-thumbnail","6":"product_cat-all","7":"product_cat-estate-jewelry-jewelry","8":"product_cat-jewelry","10":"first","11":"instock","12":"taxable","13":"shipping-taxable","14":"purchasable","15":"product-type-simple"},"desktop_mode_lock":null,"desktop_mode_contributors":[],"_links":{"self":[{"href":"https:\/\/www.houstongoldexchange.com\/es\/wp-json\/wp\/v2\/product\/44674","targetHints":{"allow":["GET"]}}],"collection":[{"href":"https:\/\/www.houstongoldexchange.com\/es\/wp-json\/wp\/v2\/product"}],"about":[{"href":"https:\/\/www.houstongoldexchange.com\/es\/wp-json\/wp\/v2\/types\/product"}],"wp:featuredmedia":[{"embeddable":true,"href":"https:\/\/www.houstongoldexchange.com\/es\/wp-json\/wp\/v2\/media\/44718"}],"wp:attachment":[{"href":"https:\/\/www.houstongoldexchange.com\/es\/wp-json\/wp\/v2\/media?parent=44674"}],"wp:term":[{"taxonomy":"product_brand","embeddable":true,"href":"https:\/\/www.houstongoldexchange.com\/es\/wp-json\/wp\/v2\/product_brand?post=44674"},{"taxonomy":"product_cat","embeddable":true,"href":"https:\/\/www.houstongoldexchange.com\/es\/wp-json\/wp\/v2\/product_cat?post=44674"},{"taxonomy":"product_tag","embeddable":true,"href":"https:\/\/www.houstongoldexchange.com\/es\/wp-json\/wp\/v2\/product_tag?post=44674"}],"curies":[{"name":"wp","href":"https:\/\/api.w.org\/{rel}","templated":true}]}}