{"id":44681,"date":"2023-06-25T23:27:28","date_gmt":"2023-06-25T23:27:28","guid":{"rendered":"https:\/\/www.houstongoldexchange.com\/?post_type=product&#038;p=44681"},"modified":"2026-04-11T05:57:55","modified_gmt":"2026-04-11T05:57:55","slug":"anillo-oro-rosa-14k-diamante-agata-azul","status":"publish","type":"product","link":"https:\/\/www.houstongoldexchange.com\/es\/product\/jewelry\/fine-jewelry-jewelry\/rings-fine-jewelry-jewelry\/14k-rose-gold-blue-agate-diamond-ring\/","title":{"rendered":"Anillo de oro rosa de 14 quilates con diamantes y \u00e1gata azul"},"content":{"rendered":"<p>Esta \u00e1gata azul de 26,46 quilates es una piedra excepcional \u2014de un azul intenso, con un patr\u00f3n amplio y de un tama\u00f1o imponente\u2014 y este anillo de segunda mano en oro rosa de 14k le ofrece una montura de inspiraci\u00f3n antigua que rinde homenaje a la historia de la piedra como una apreciada gema de la \u00e9poca victoriana. Los detalles de diamantes de 0,74 quilates a\u00f1aden brillo sin eclipsar la presencia de la \u00e1gata. El c\u00e1lido oro rosa equilibra el azul fr\u00edo de la \u00e1gata de una manera que el oro blanco simplemente no lograr\u00eda. Talla 7,5, posibilidad de ajuste de talla.<\/p>\n<p>Los anillos de dise\u00f1o antiguo con piedras centrales poco convencionales atraen a un tipo de comprador espec\u00edfico y apasionado: el cliente de Memorial y Tanglewood que ha dejado atr\u00e1s la joyer\u00eda de diamantes convencional y busca algo que refleje una est\u00e9tica refinada. El \u00e1gata azul como piedra central tiene una rica historia en la joyer\u00eda de segunda mano y antigua, y esta pieza transmite esa historia con un estilo genuino.<\/p>\n<p>Disponible en l\u00ednea con env\u00edo asegurado, o ac\u00e9rquese a nuestra sala de exposici\u00f3n de Houston para apreciar en persona la profundidad y el color de la \u00e1gata.<\/p>","protected":false},"excerpt":{"rendered":"<p>Una \u00e1gata azul de 26,46 quilates se convierte en la joya central de este anillo de segunda mano de dise\u00f1o antiguo en oro rosa de 14k, enmarcada por 0,74 quilates de diamantes en una montura que combina el estilo victoriano con la comodidad moderna. Una pieza de segunda mano verdaderamente excepcional. Talla 7,5.<\/p>","protected":false},"featured_media":44731,"template":"","meta":{"inline_featured_image":false},"product_brand":[],"product_cat":[1586,1588,1590,1587,1592],"product_tag":[],"class_list":{"0":"post-44681","1":"product","2":"type-product","3":"status-publish","4":"has-post-thumbnail","6":"product_cat-all","7":"product_cat-estate-jewelry-jewelry","8":"product_cat-fine-jewelry-jewelry","9":"product_cat-jewelry","10":"product_cat-rings-fine-jewelry-jewelry","12":"first","13":"instock","14":"taxable","15":"shipping-taxable","16":"purchasable","17":"product-type-simple"},"desktop_mode_lock":null,"desktop_mode_contributors":[],"_links":{"self":[{"href":"https:\/\/www.houstongoldexchange.com\/es\/wp-json\/wp\/v2\/product\/44681","targetHints":{"allow":["GET"]}}],"collection":[{"href":"https:\/\/www.houstongoldexchange.com\/es\/wp-json\/wp\/v2\/product"}],"about":[{"href":"https:\/\/www.houstongoldexchange.com\/es\/wp-json\/wp\/v2\/types\/product"}],"wp:featuredmedia":[{"embeddable":true,"href":"https:\/\/www.houstongoldexchange.com\/es\/wp-json\/wp\/v2\/media\/44731"}],"wp:attachment":[{"href":"https:\/\/www.houstongoldexchange.com\/es\/wp-json\/wp\/v2\/media?parent=44681"}],"wp:term":[{"taxonomy":"product_brand","embeddable":true,"href":"https:\/\/www.houstongoldexchange.com\/es\/wp-json\/wp\/v2\/product_brand?post=44681"},{"taxonomy":"product_cat","embeddable":true,"href":"https:\/\/www.houstongoldexchange.com\/es\/wp-json\/wp\/v2\/product_cat?post=44681"},{"taxonomy":"product_tag","embeddable":true,"href":"https:\/\/www.houstongoldexchange.com\/es\/wp-json\/wp\/v2\/product_tag?post=44681"}],"curies":[{"name":"wp","href":"https:\/\/api.w.org\/{rel}","templated":true}]}}