{"id":44888,"date":"2023-08-08T16:41:27","date_gmt":"2023-08-08T16:41:27","guid":{"rendered":"https:\/\/www.houstongoldexchange.com\/?post_type=product&#038;p=44888"},"modified":"2026-04-11T05:57:55","modified_gmt":"2026-04-11T05:57:55","slug":"jardin-de-los-sentidos-rosa-de-piaget","status":"publish","type":"product","link":"https:\/\/www.houstongoldexchange.com\/es\/product\/joyeria\/joyeria-fina-joyeria\/collares-joyeria-fina-joyas\/jardin-de-los-sentidos-rosa-de-piaget\/","title":{"rendered":"Jard\u00edn de los Sentidos-Rosa de Piaget"},"content":{"rendered":"<p>Las exclusivas de las boutiques Piaget constituyen una categor\u00eda totalmente propia: se fabrican en cantidades extremadamente limitadas para clientes selectos y nunca est\u00e1n disponibles a trav\u00e9s de los canales minoristas habituales. Este collar Garden of Senses\u2013Rose es exactamente eso: 89 cm de oro blanco de 18 quilates engastado con 252 diamantes de talla brillante que suman un total de 23,45 quilates, con un broche de rosa desmontable totalmente pav\u00e9 de diamantes que contiene 178 diamantes adicionales (5,21 quilates) alrededor de un diamante central de 0,51 quilates. Peso total de los diamantes: 29,17 quilates repartidos en 431 piedras. El collar luce magn\u00edficamente por s\u00ed solo; el broche se puede quitar y llevar de forma independiente. Este es el tipo de pieza que aparece en los cat\u00e1logos de subastas.<\/p>\n<p>En Houston Gold Exchange rara vez se encuentra joyer\u00eda de segunda mano con esta procedencia y este peso en diamantes. Los coleccionistas m\u00e1s exigentes de River Oaks y de todo el mundo reconocen la marca Piaget y la colecci\u00f3n \u00abGarden of Senses\u00bb como referentes de la artesan\u00eda de la Alta Joyer\u00eda en su m\u00e1xima expresi\u00f3n. Esta no es una pieza para cualquier comprador, sino para el comprador adecuado, y ese comprador lo sabr\u00e1 de inmediato.<\/p>\n<p>Disponible para su visualizaci\u00f3n privada en nuestra sala de exposici\u00f3n de Houston con cita previa. Aceptamos consultas en l\u00ednea: le proporcionaremos la documentaci\u00f3n gemol\u00f3gica completa y fotograf\u00edas adicionales si lo solicita. Ofrecemos servicios de transporte asegurado.<\/p>","protected":false},"excerpt":{"rendered":"<p>A Piaget boutique exclusive: an 18kt white gold &#8216;Garden of Senses\u2013Rose&#8217; 35-inch diamond necklace with removable full pav\u00e9 diamond rose brooch \u2014 431 diamonds totaling 29.17 carats. One of the most extraordinary estate pieces Houston Gold Exchange has ever offered.<\/p>","protected":false},"featured_media":44885,"template":"","meta":{"inline_featured_image":false},"product_brand":[],"product_cat":[1590,1593],"product_tag":[1610,196,1612,1609,1611],"class_list":{"0":"post-44888","1":"product","2":"type-product","3":"status-publish","4":"has-post-thumbnail","6":"product_cat-fine-jewelry-jewelry","7":"product_cat-necklaces-fine-jewelry-jewelry","8":"product_tag-diamond-necklace","9":"product_tag-diamonds","10":"product_tag-garden-of-scenses","11":"product_tag-piaget","12":"product_tag-rivera","14":"first","15":"instock","16":"sale","17":"taxable","18":"shipping-taxable","19":"purchasable","20":"product-type-simple"},"_links":{"self":[{"href":"https:\/\/www.houstongoldexchange.com\/es\/wp-json\/wp\/v2\/product\/44888","targetHints":{"allow":["GET"]}}],"collection":[{"href":"https:\/\/www.houstongoldexchange.com\/es\/wp-json\/wp\/v2\/product"}],"about":[{"href":"https:\/\/www.houstongoldexchange.com\/es\/wp-json\/wp\/v2\/types\/product"}],"wp:featuredmedia":[{"embeddable":true,"href":"https:\/\/www.houstongoldexchange.com\/es\/wp-json\/wp\/v2\/media\/44885"}],"wp:attachment":[{"href":"https:\/\/www.houstongoldexchange.com\/es\/wp-json\/wp\/v2\/media?parent=44888"}],"wp:term":[{"taxonomy":"product_brand","embeddable":true,"href":"https:\/\/www.houstongoldexchange.com\/es\/wp-json\/wp\/v2\/product_brand?post=44888"},{"taxonomy":"product_cat","embeddable":true,"href":"https:\/\/www.houstongoldexchange.com\/es\/wp-json\/wp\/v2\/product_cat?post=44888"},{"taxonomy":"product_tag","embeddable":true,"href":"https:\/\/www.houstongoldexchange.com\/es\/wp-json\/wp\/v2\/product_tag?post=44888"}],"curies":[{"name":"wp","href":"https:\/\/api.w.org\/{rel}","templated":true}]}}