{"id":44910,"date":"2023-08-25T15:31:07","date_gmt":"2023-08-25T15:31:07","guid":{"rendered":"https:\/\/www.houstongoldexchange.com\/?post_type=product&#038;p=44910"},"modified":"2026-04-11T05:57:55","modified_gmt":"2026-04-11T05:57:55","slug":"pendientes-de-diamantes-esmeralda","status":"publish","type":"product","link":"https:\/\/www.houstongoldexchange.com\/es\/product\/jewelry\/fine-jewelry-jewelry\/earrings-fine-jewelry-jewelry\/emerald-diamond-earrings\/","title":{"rendered":"Pendientes de esmeraldas y diamantes"},"content":{"rendered":"<p>Los aretes de esmeraldas y diamantes con este nivel de documentaci\u00f3n gemol\u00f3gica son poco comunes en el mercado de antig\u00fcedades. Estos aretes de oro de 14k incluyen una documentaci\u00f3n de tasaci\u00f3n que estima la presencia de aproximadamente 68 diamantes naturales de entre 2,28 y 2,32 quilates, adem\u00e1s de dos esmeraldas naturales. La tasaci\u00f3n se\u00f1ala que las esmeraldas han sido tratadas con aceite, lo cual es una pr\u00e1ctica habitual en el comercio de esmeraldas y no afecta a su belleza ni a su atractivo. El peso en quilates se estima mediante una f\u00f3rmula y se expresa como un m\u00ednimo.<\/p>\n<p>Los aretes de esmeraldas naturales y diamantes en oro de 14k representan una combinaci\u00f3n cl\u00e1sica de joyer\u00eda fina: el verde de una buena esmeralda frente al brillo de los diamantes blancos es uno de los contrastes m\u00e1s llamativos en el mundo de las piedras preciosas. Los compradores de West University Place y Bellaire que entiendan de joyer\u00eda fina con piedras de color reconocer\u00e1n el valor que tienen estos aretes de esmeraldas de segunda mano, con certificaci\u00f3n gemol\u00f3gica, en su rango de precios.<\/p>\n<p>Disponible para su visualizaci\u00f3n en nuestra sala de exposici\u00f3n de Houston, donde podr\u00e1 consultar la documentaci\u00f3n de la tasaci\u00f3n. Se puede comprar en l\u00ednea con env\u00edo asegurado a todo el pa\u00eds; p\u00f3ngase en contacto con nosotros para obtener todos los detalles de la tasaci\u00f3n antes de la compra.<\/p>","protected":false},"excerpt":{"rendered":"<p>Pendientes de oro de 14k con certificado de tasaci\u00f3n, con aproximadamente 68 diamantes naturales (2,32 quilates) y dos esmeraldas naturales realzadas con aceite: un par de segunda mano certificado, con documentaci\u00f3n gemol\u00f3gica que garantiza una compra segura, tanto en tienda como en l\u00ednea.<\/p>","protected":false},"featured_media":44911,"template":"","meta":{"inline_featured_image":false},"product_brand":[],"product_cat":[1594,1588,1587],"product_tag":[196,246,1603,1604],"class_list":{"0":"post-44910","1":"product","2":"type-product","3":"status-publish","4":"has-post-thumbnail","6":"product_cat-earrings-fine-jewelry-jewelry","7":"product_cat-estate-jewelry-jewelry","8":"product_cat-jewelry","9":"product_tag-diamonds","10":"product_tag-earrings","11":"product_tag-emerald","12":"product_tag-estate","14":"first","15":"instock","16":"taxable","17":"shipping-taxable","18":"purchasable","19":"product-type-simple"},"desktop_mode_lock":null,"desktop_mode_contributors":[],"_links":{"self":[{"href":"https:\/\/www.houstongoldexchange.com\/es\/wp-json\/wp\/v2\/product\/44910","targetHints":{"allow":["GET"]}}],"collection":[{"href":"https:\/\/www.houstongoldexchange.com\/es\/wp-json\/wp\/v2\/product"}],"about":[{"href":"https:\/\/www.houstongoldexchange.com\/es\/wp-json\/wp\/v2\/types\/product"}],"wp:featuredmedia":[{"embeddable":true,"href":"https:\/\/www.houstongoldexchange.com\/es\/wp-json\/wp\/v2\/media\/44911"}],"wp:attachment":[{"href":"https:\/\/www.houstongoldexchange.com\/es\/wp-json\/wp\/v2\/media?parent=44910"}],"wp:term":[{"taxonomy":"product_brand","embeddable":true,"href":"https:\/\/www.houstongoldexchange.com\/es\/wp-json\/wp\/v2\/product_brand?post=44910"},{"taxonomy":"product_cat","embeddable":true,"href":"https:\/\/www.houstongoldexchange.com\/es\/wp-json\/wp\/v2\/product_cat?post=44910"},{"taxonomy":"product_tag","embeddable":true,"href":"https:\/\/www.houstongoldexchange.com\/es\/wp-json\/wp\/v2\/product_tag?post=44910"}],"curies":[{"name":"wp","href":"https:\/\/api.w.org\/{rel}","templated":true}]}}