{"id":45010,"date":"2024-01-30T19:48:59","date_gmt":"2024-01-30T19:48:59","guid":{"rendered":"https:\/\/www.houstongoldexchange.com\/?post_type=product&#038;p=45010"},"modified":"2026-04-11T05:57:56","modified_gmt":"2026-04-11T05:57:56","slug":"colgante-cruz-diamante-6","status":"publish","type":"product","link":"https:\/\/www.houstongoldexchange.com\/es\/product\/jewelry\/fine-jewelry-jewelry\/necklaces-fine-jewelry-jewelry\/diamond-cross-pendant-6\/","title":{"rendered":"Colgante Cruz de Diamantes"},"content":{"rendered":"<p>Los colgantes en forma de cruz con diamantes se fabrican en todos los niveles de calidad, desde la bisuter\u00eda que se vende en los mostradores de los grandes almacenes hasta la joyer\u00eda fina de segunda mano procedente de colecciones privadas. Esta pieza se enmarca claramente en esta \u00faltima categor\u00eda: diamantes aut\u00e9nticos procedentes de colecciones privadas, con una estructura de metales preciosos verificada mediante el proceso de evaluaci\u00f3n de Houston Gold Exchange. La diferencia en cuanto a desgaste, durabilidad y comportamiento de las piedras con el paso del tiempo es considerable.<\/p>\n<p>Los compradores de las comunidades de Sugar Land y Missouri City, en Houston, as\u00ed como los compradores en l\u00ednea que se han sentido decepcionados por cruces de diamantes de baja calidad, encuentran en el inventario de art\u00edculos de segunda mano de Houston Gold Exchange una experiencia totalmente diferente. Describimos con precisi\u00f3n lo que tenemos, evaluamos cada pieza antes de ponerla a la venta y respondemos por la calidad de cada una de las piezas que vendemos. Los colgantes de cruz con diamantes de este origen no necesitan adornos: hablan por s\u00ed mismos.<\/p>\n<p>Compre en l\u00ednea con total seguridad en la compra y env\u00edo asegurado, o visite nuestra sala de exposici\u00f3n en Houston para comparar directamente nuestra selecci\u00f3n actual de colgantes con forma de cruz.<\/p>","protected":false},"excerpt":{"rendered":"<p>Un colgante de cruz con diamantes de segunda mano cuya aut\u00e9ntica calidad lo distingue del mercado masivo: diamantes aut\u00e9nticos, fabricaci\u00f3n en metales preciosos y precios justos de segunda mano. Para el comprador que busca un colgante de cruz que dure toda la vida.<\/p>","protected":false},"featured_media":44985,"template":"","meta":{"inline_featured_image":false},"product_brand":[],"product_cat":[1590,1593],"product_tag":[1667],"class_list":{"0":"post-45010","1":"product","2":"type-product","3":"status-publish","4":"has-post-thumbnail","6":"product_cat-fine-jewelry-jewelry","7":"product_cat-necklaces-fine-jewelry-jewelry","8":"product_tag-diamond-cross-pendant","10":"first","11":"instock","12":"taxable","13":"shipping-taxable","14":"product-type-simple"},"_links":{"self":[{"href":"https:\/\/www.houstongoldexchange.com\/es\/wp-json\/wp\/v2\/product\/45010","targetHints":{"allow":["GET"]}}],"collection":[{"href":"https:\/\/www.houstongoldexchange.com\/es\/wp-json\/wp\/v2\/product"}],"about":[{"href":"https:\/\/www.houstongoldexchange.com\/es\/wp-json\/wp\/v2\/types\/product"}],"wp:featuredmedia":[{"embeddable":true,"href":"https:\/\/www.houstongoldexchange.com\/es\/wp-json\/wp\/v2\/media\/44985"}],"wp:attachment":[{"href":"https:\/\/www.houstongoldexchange.com\/es\/wp-json\/wp\/v2\/media?parent=45010"}],"wp:term":[{"taxonomy":"product_brand","embeddable":true,"href":"https:\/\/www.houstongoldexchange.com\/es\/wp-json\/wp\/v2\/product_brand?post=45010"},{"taxonomy":"product_cat","embeddable":true,"href":"https:\/\/www.houstongoldexchange.com\/es\/wp-json\/wp\/v2\/product_cat?post=45010"},{"taxonomy":"product_tag","embeddable":true,"href":"https:\/\/www.houstongoldexchange.com\/es\/wp-json\/wp\/v2\/product_tag?post=45010"}],"curies":[{"name":"wp","href":"https:\/\/api.w.org\/{rel}","templated":true}]}}