{"id":45011,"date":"2024-01-30T19:49:40","date_gmt":"2024-01-30T19:49:40","guid":{"rendered":"https:\/\/www.houstongoldexchange.com\/?post_type=product&#038;p=45011"},"modified":"2026-04-11T05:57:56","modified_gmt":"2026-04-11T05:57:56","slug":"colgante-de-3-diamantes","status":"publish","type":"product","link":"https:\/\/www.houstongoldexchange.com\/es\/product\/jewelry\/fine-jewelry-jewelry\/necklaces-fine-jewelry-jewelry\/3-diamond-pendant\/","title":{"rendered":"Colgante de 3 diamantes"},"content":{"rendered":"<p>El colgante de tres piedras encarna una de las narrativas m\u00e1s perdurables de la joyer\u00eda \u2014el pasado, el presente y el futuro\u2014 en una forma que prescinde de todo exceso decorativo para dejar que las piedras hablen por s\u00ed mismas. Esta versi\u00f3n de segunda mano presenta tres diamantes dispuestos en l\u00ednea; la sencillez de la composici\u00f3n permite que cada piedra aporte su brillo individual al efecto global. Los tres diamantes alineados invitan a observarlos de cerca, al tiempo que se aprecian con claridad desde la distancia.<\/p>\n<p>Los compradores que conocen la tradici\u00f3n de las tres piedras \u2014ya sean clientes de Memorial Villages que conocen el simbolismo de sus aniversarios o compradores en l\u00ednea que han investigado la historia de este dise\u00f1o\u2014 buscan colgantes de segunda mano con tres piedras porque esta forma tiene un significado que los colgantes decorativos comunes no tienen. Houston Gold Exchange adquiere piezas de segunda mano de toda esta categor\u00eda y eval\u00faa cada una de ellas en cuanto a la calidad de las piedras y la integridad del engaste antes de ponerlas a la venta.<\/p>\n<p>Disponible para su compra inmediata en l\u00ednea con env\u00edo asegurado, o ac\u00e9rquese a nuestra sala de exposici\u00f3n de Houston para verlo en persona. Podemos analizar en detalle la historia de las tres piedras antes de que lo compre.<\/p>","protected":false},"excerpt":{"rendered":"<p>En este colgante de segunda mano, tres diamantes se engastan a lo largo de una barra lineal de oro fino: un dise\u00f1o minimalista y arquitect\u00f3nico que plasma la narrativa del pasado, el presente y el futuro a trav\u00e9s de los diamantes y los metales preciosos. Un colgante con una historia integrada en su dise\u00f1o.<\/p>","protected":false},"featured_media":44984,"template":"","meta":{"inline_featured_image":false},"product_brand":[],"product_cat":[1590,1593],"product_tag":[1680],"class_list":{"0":"post-45011","1":"product","2":"type-product","3":"status-publish","4":"has-post-thumbnail","6":"product_cat-fine-jewelry-jewelry","7":"product_cat-necklaces-fine-jewelry-jewelry","8":"product_tag-3-diamond-pendant","10":"first","11":"instock","12":"taxable","13":"shipping-taxable","14":"product-type-simple"},"_links":{"self":[{"href":"https:\/\/www.houstongoldexchange.com\/es\/wp-json\/wp\/v2\/product\/45011","targetHints":{"allow":["GET"]}}],"collection":[{"href":"https:\/\/www.houstongoldexchange.com\/es\/wp-json\/wp\/v2\/product"}],"about":[{"href":"https:\/\/www.houstongoldexchange.com\/es\/wp-json\/wp\/v2\/types\/product"}],"wp:featuredmedia":[{"embeddable":true,"href":"https:\/\/www.houstongoldexchange.com\/es\/wp-json\/wp\/v2\/media\/44984"}],"wp:attachment":[{"href":"https:\/\/www.houstongoldexchange.com\/es\/wp-json\/wp\/v2\/media?parent=45011"}],"wp:term":[{"taxonomy":"product_brand","embeddable":true,"href":"https:\/\/www.houstongoldexchange.com\/es\/wp-json\/wp\/v2\/product_brand?post=45011"},{"taxonomy":"product_cat","embeddable":true,"href":"https:\/\/www.houstongoldexchange.com\/es\/wp-json\/wp\/v2\/product_cat?post=45011"},{"taxonomy":"product_tag","embeddable":true,"href":"https:\/\/www.houstongoldexchange.com\/es\/wp-json\/wp\/v2\/product_tag?post=45011"}],"curies":[{"name":"wp","href":"https:\/\/api.w.org\/{rel}","templated":true}]}}