{"id":45015,"date":"2024-01-30T19:52:10","date_gmt":"2024-01-30T19:52:10","guid":{"rendered":"https:\/\/www.houstongoldexchange.com\/?post_type=product&#038;p=45015"},"modified":"2026-04-11T05:57:56","modified_gmt":"2026-04-11T05:57:56","slug":"colgante-cruz-diamante-8","status":"publish","type":"product","link":"https:\/\/www.houstongoldexchange.com\/es\/product\/jewelry\/fine-jewelry-jewelry\/necklaces-fine-jewelry-jewelry\/diamond-cross-pendant-8\/","title":{"rendered":"Colgante Cruz de Diamantes"},"content":{"rendered":"<p>La procedencia de un colgante de cruz con diamantes de segunda mano es importante: de d\u00f3nde proviene, c\u00f3mo se utiliz\u00f3 y c\u00f3mo se evalu\u00f3 antes de su puesta a la venta. Este colgante de cruz lleg\u00f3 a nosotros a trav\u00e9s del proceso de adquisici\u00f3n de art\u00edculos de segunda mano de Houston Gold Exchange, lo que significa que super\u00f3 nuestra evaluaci\u00f3n est\u00e1ndar de autenticidad de los diamantes, calidad del metal e integridad del engaste antes de ofrecerse a los compradores. Lo que se muestra en el anuncio es lo que recibir\u00e1.<\/p>\n<p>Los compradores de cruces que han tenido que lidiar con anuncios de joyer\u00eda de segunda mano en l\u00ednea imprecisos o inexactos encuentran refrescante el enfoque de Houston Gold Exchange. Somos una joyer\u00eda f\u00edsica de Houston con una reputaci\u00f3n local forjada a lo largo de los a\u00f1os; nuestras ventas en l\u00ednea cuentan con el mismo nivel de precisi\u00f3n y verificaci\u00f3n que nuestras transacciones en la tienda. Tanto los clientes de Memorial y The Woodlands como los compradores en l\u00ednea de todo el pa\u00eds pueden realizar sus compras con la misma confianza.<\/p>\n<p>Compre en l\u00ednea con total seguridad y env\u00edo asegurado, o visite nuestra sala de exposici\u00f3n en Houston para ver la pieza en persona. Sin presiones: solo joyer\u00eda fina y de confianza.<\/p>","protected":false},"excerpt":{"rendered":"<p>Colgante de cruz con diamantes de segunda mano: procedente de colecciones privadas de joyer\u00eda de Houston, autenticado por nuestro equipo y disponible para los compradores de forma presencial o mediante compra en l\u00ednea segura con env\u00edo asegurado a todo el pa\u00eds.<\/p>","protected":false},"featured_media":44980,"template":"","meta":{"inline_featured_image":false},"product_brand":[],"product_cat":[1590,1593],"product_tag":[1667],"class_list":{"0":"post-45015","1":"product","2":"type-product","3":"status-publish","4":"has-post-thumbnail","6":"product_cat-fine-jewelry-jewelry","7":"product_cat-necklaces-fine-jewelry-jewelry","8":"product_tag-diamond-cross-pendant","10":"first","11":"instock","12":"taxable","13":"shipping-taxable","14":"product-type-simple"},"_links":{"self":[{"href":"https:\/\/www.houstongoldexchange.com\/es\/wp-json\/wp\/v2\/product\/45015","targetHints":{"allow":["GET"]}}],"collection":[{"href":"https:\/\/www.houstongoldexchange.com\/es\/wp-json\/wp\/v2\/product"}],"about":[{"href":"https:\/\/www.houstongoldexchange.com\/es\/wp-json\/wp\/v2\/types\/product"}],"wp:featuredmedia":[{"embeddable":true,"href":"https:\/\/www.houstongoldexchange.com\/es\/wp-json\/wp\/v2\/media\/44980"}],"wp:attachment":[{"href":"https:\/\/www.houstongoldexchange.com\/es\/wp-json\/wp\/v2\/media?parent=45015"}],"wp:term":[{"taxonomy":"product_brand","embeddable":true,"href":"https:\/\/www.houstongoldexchange.com\/es\/wp-json\/wp\/v2\/product_brand?post=45015"},{"taxonomy":"product_cat","embeddable":true,"href":"https:\/\/www.houstongoldexchange.com\/es\/wp-json\/wp\/v2\/product_cat?post=45015"},{"taxonomy":"product_tag","embeddable":true,"href":"https:\/\/www.houstongoldexchange.com\/es\/wp-json\/wp\/v2\/product_tag?post=45015"}],"curies":[{"name":"wp","href":"https:\/\/api.w.org\/{rel}","templated":true}]}}