{"id":45018,"date":"2024-01-30T20:18:26","date_gmt":"2024-01-30T20:18:26","guid":{"rendered":"https:\/\/www.houstongoldexchange.com\/?post_type=product&#038;p=45018"},"modified":"2026-04-11T05:57:57","modified_gmt":"2026-04-11T05:57:57","slug":"colgante-cruz-diamante-10","status":"publish","type":"product","link":"https:\/\/www.houstongoldexchange.com\/es\/product\/jewelry\/fine-jewelry-jewelry\/necklaces-fine-jewelry-jewelry\/diamond-cross-pendant-10\/","title":{"rendered":"Colgante Cruz de Diamantes"},"content":{"rendered":"<p>El inventario de piezas de segunda mano de Houston Gold Exchange refleja el contenido de las colecciones privadas de Houston, y entre ellas se incluyen sistem\u00e1ticamente colgantes de cruz con diamantes de diversos tama\u00f1os, engastes y pesos en quilates. Esta cruz representa el inventario actual: procedente de colecciones de segunda mano, con diamantes verificados y disponible de inmediato para el comprador que est\u00e9 listo para adquirirla, en lugar de realizar un pedido personalizado y tener que esperar. Calidad de segunda mano con disponibilidad inmediata.<\/p>\n<p>Los compradores de colgantes con cruz de las comunidades de League City y Seabrook, en Houston, as\u00ed como de todo el pa\u00eds, conocen el valor de adquirir piezas del inventario de un distribuidor especializado en herencias activas: piezas que est\u00e1n disponibles en este momento, a precios de mercado en lugar de minoristas, y listas para su compra y entrega inmediatas. Gracias a nuestro acceso a colecciones privadas locales, nuestro inventario de colgantes con cruz se renueva continuamente a lo largo del a\u00f1o.<\/p>\n<p>Compre en l\u00ednea con un proceso de pago seguro y env\u00edo asegurado, o visite nuestra sala de exposici\u00f3n en Houston para ver nuestra selecci\u00f3n actual de colgantes con forma de cruz disponibles en stock, con una amplia variedad de precios y pesos de diamantes.<\/p>","protected":false},"excerpt":{"rendered":"<p>Una cruz de diamantes de segunda mano procedente del cat\u00e1logo actual de colgantes con cruz de Houston Gold Exchange; mantenemos esta categor\u00eda en stock de forma permanente, ya que la demanda por parte de la comunidad religiosa de Houston y de compradores de todo el pa\u00eds nunca decae. Disponible en tienda y en l\u00ednea con env\u00edo asegurado.<\/p>","protected":false},"featured_media":44977,"template":"","meta":{"inline_featured_image":false},"product_brand":[],"product_cat":[1590,1593],"product_tag":[1667],"class_list":{"0":"post-45018","1":"product","2":"type-product","3":"status-publish","4":"has-post-thumbnail","6":"product_cat-fine-jewelry-jewelry","7":"product_cat-necklaces-fine-jewelry-jewelry","8":"product_tag-diamond-cross-pendant","10":"first","11":"instock","12":"taxable","13":"shipping-taxable","14":"product-type-simple"},"_links":{"self":[{"href":"https:\/\/www.houstongoldexchange.com\/es\/wp-json\/wp\/v2\/product\/45018","targetHints":{"allow":["GET"]}}],"collection":[{"href":"https:\/\/www.houstongoldexchange.com\/es\/wp-json\/wp\/v2\/product"}],"about":[{"href":"https:\/\/www.houstongoldexchange.com\/es\/wp-json\/wp\/v2\/types\/product"}],"wp:featuredmedia":[{"embeddable":true,"href":"https:\/\/www.houstongoldexchange.com\/es\/wp-json\/wp\/v2\/media\/44977"}],"wp:attachment":[{"href":"https:\/\/www.houstongoldexchange.com\/es\/wp-json\/wp\/v2\/media?parent=45018"}],"wp:term":[{"taxonomy":"product_brand","embeddable":true,"href":"https:\/\/www.houstongoldexchange.com\/es\/wp-json\/wp\/v2\/product_brand?post=45018"},{"taxonomy":"product_cat","embeddable":true,"href":"https:\/\/www.houstongoldexchange.com\/es\/wp-json\/wp\/v2\/product_cat?post=45018"},{"taxonomy":"product_tag","embeddable":true,"href":"https:\/\/www.houstongoldexchange.com\/es\/wp-json\/wp\/v2\/product_tag?post=45018"}],"curies":[{"name":"wp","href":"https:\/\/api.w.org\/{rel}","templated":true}]}}