{"id":45020,"date":"2024-01-30T20:20:18","date_gmt":"2024-01-30T20:20:18","guid":{"rendered":"https:\/\/www.houstongoldexchange.com\/?post_type=product&#038;p=45020"},"modified":"2026-04-11T05:57:57","modified_gmt":"2026-04-11T05:57:57","slug":"colgante-racimo-de-diamantes-2","status":"publish","type":"product","link":"https:\/\/www.houstongoldexchange.com\/es\/product\/jewelry\/fine-jewelry-jewelry\/necklaces-fine-jewelry-jewelry\/diamond-cluster-pendant-2\/","title":{"rendered":"Colgante racimo de diamantes"},"content":{"rendered":"<p>El atractivo de este colgante con grupo de diamantes reside en su eficacia visual: m\u00faltiples diamantes agrupados muy juntos para crear un brillo combinado mayor y m\u00e1s intenso que el de cualquier piedra individual de un peso total en quilates equivalente. Este colgante de segunda mano con grupo de diamantes aplica esta estrategia a la perfecci\u00f3n, ya que los diamantes agrupados crean un punto focal de luz concentrada que queda muy bien en las fotograf\u00edas y se luce con el mismo efecto. Fabricaci\u00f3n de segunda mano y calidad de los diamantes verificada.<\/p>\n<p>Los compradores de colgantes con diamantes en racimo de las comunidades de Kingwood y Humble, en Houston, as\u00ed como los compradores en l\u00ednea que buscan el m\u00e1ximo impacto visual de los diamantes a un precio asequible propio del mercado de segunda mano, siempre encuentran una excelente relaci\u00f3n calidad-precio en el inventario de colgantes con diamantes en racimo de Houston Gold Exchange. Evaluamos minuciosamente los engastes en racimo para garantizar la seguridad de las piedras y la calidad general de la construcci\u00f3n; los engastes en racimo requieren m\u00e1s trabajo de engaste que los solitarios, y en este caso la calidad de segunda mano es fundamental.<\/p>\n<p>Compre en l\u00ednea con env\u00edo asegurado o ac\u00e9rquese a nuestra sala de exposici\u00f3n de Houston para ver de cerca la estructura del panel y el revestimiento de piedra.<\/p>","protected":false},"excerpt":{"rendered":"<p>Los diamantes se agrupan en una llamativa formaci\u00f3n en este colgante de segunda mano, una composici\u00f3n que concentra el brillo en una forma definida que destaca como una pieza \u00fanica, ya sea desde el otro lado de la mesa de cenar en Sugar Land o desde el sal\u00f3n de River Oaks.<\/p>","protected":false},"featured_media":44975,"template":"","meta":{"inline_featured_image":false},"product_brand":[],"product_cat":[1590,1593],"product_tag":[1675],"class_list":{"0":"post-45020","1":"product","2":"type-product","3":"status-publish","4":"has-post-thumbnail","6":"product_cat-fine-jewelry-jewelry","7":"product_cat-necklaces-fine-jewelry-jewelry","8":"product_tag-diamond-cluster-pendant","10":"first","11":"instock","12":"taxable","13":"shipping-taxable","14":"product-type-simple"},"_links":{"self":[{"href":"https:\/\/www.houstongoldexchange.com\/es\/wp-json\/wp\/v2\/product\/45020","targetHints":{"allow":["GET"]}}],"collection":[{"href":"https:\/\/www.houstongoldexchange.com\/es\/wp-json\/wp\/v2\/product"}],"about":[{"href":"https:\/\/www.houstongoldexchange.com\/es\/wp-json\/wp\/v2\/types\/product"}],"wp:featuredmedia":[{"embeddable":true,"href":"https:\/\/www.houstongoldexchange.com\/es\/wp-json\/wp\/v2\/media\/44975"}],"wp:attachment":[{"href":"https:\/\/www.houstongoldexchange.com\/es\/wp-json\/wp\/v2\/media?parent=45020"}],"wp:term":[{"taxonomy":"product_brand","embeddable":true,"href":"https:\/\/www.houstongoldexchange.com\/es\/wp-json\/wp\/v2\/product_brand?post=45020"},{"taxonomy":"product_cat","embeddable":true,"href":"https:\/\/www.houstongoldexchange.com\/es\/wp-json\/wp\/v2\/product_cat?post=45020"},{"taxonomy":"product_tag","embeddable":true,"href":"https:\/\/www.houstongoldexchange.com\/es\/wp-json\/wp\/v2\/product_tag?post=45020"}],"curies":[{"name":"wp","href":"https:\/\/api.w.org\/{rel}","templated":true}]}}