{"id":45021,"date":"2024-01-30T20:21:00","date_gmt":"2024-01-30T20:21:00","guid":{"rendered":"https:\/\/www.houstongoldexchange.com\/?post_type=product&#038;p=45021"},"modified":"2026-04-11T05:57:57","modified_gmt":"2026-04-11T05:57:57","slug":"colgante-amor-diamante","status":"publish","type":"product","link":"https:\/\/www.houstongoldexchange.com\/es\/product\/jewelry\/fine-jewelry-jewelry\/necklaces-fine-jewelry-jewelry\/dangling-diamond-love-pendant\/","title":{"rendered":"Colgante de diamantes Love"},"content":{"rendered":"<p>La palabra \u00abLOVE\u00bb en la joyer\u00eda fina con diamantes transmite una franqueza de la que carecen la mayor\u00eda de los motivos de colgantes: no requiere interpretaci\u00f3n simb\u00f3lica ni hay que adivinar qu\u00e9 sentimiento se expresa. Este colgante de segunda mano presenta la palabra en forma colgante, con las letras movi\u00e9ndose de forma independiente al moverse la cadena, lo que crea un efecto l\u00fadico y din\u00e1mico del que carecen los colgantes est\u00e1ticos. El movimiento amplifica el destello de los diamantes a lo largo de las letras a medida que cada una de ellas se desplaza con el movimiento.<\/p>\n<p>Los colgantes con palabras en forma de diamante y este car\u00e1cter cin\u00e9tico atraen a compradores que buscan joyer\u00eda fina con personalidad: clientes de Memorial Villages y Energy Corridor que aprecian la combinaci\u00f3n de un sentimiento claro y el inter\u00e9s visual que ofrece un colgante en movimiento. Houston Gold Exchange adquiere joyas de segunda mano que abarcan todo el espectro de dise\u00f1os, y las piezas que combinan significado y movimiento f\u00edsico no tardan en agotarse.<\/p>\n<p>Realice su pedido en l\u00ednea con pago seguro y env\u00edo asegurado. Los compradores de la zona de Houston pueden visitar nuestra sala de exposici\u00f3n para ver en persona el movimiento del colgante, que es mucho m\u00e1s din\u00e1mico de lo que sugiere la foto del producto.<\/p>","protected":false},"excerpt":{"rendered":"<p>Las letras de diamantes forman la palabra \u00abLOVE\u00bb en este colgante colgante de estilo \u00abestate\u00bb: cada letra est\u00e1 engastada con diamantes blancos y cuelga de la cadena de forma que se mueve de manera independiente, creando un brillo din\u00e1mico que un colgante fijo simplemente no puede producir.<\/p>","protected":false},"featured_media":44974,"template":"","meta":{"inline_featured_image":false},"product_brand":[],"product_cat":[1590,1593],"product_tag":[1674],"class_list":{"0":"post-45021","1":"product","2":"type-product","3":"status-publish","4":"has-post-thumbnail","6":"product_cat-fine-jewelry-jewelry","7":"product_cat-necklaces-fine-jewelry-jewelry","8":"product_tag-dangling-diamond-love-pendant","10":"first","11":"instock","12":"taxable","13":"shipping-taxable","14":"product-type-simple"},"_links":{"self":[{"href":"https:\/\/www.houstongoldexchange.com\/es\/wp-json\/wp\/v2\/product\/45021","targetHints":{"allow":["GET"]}}],"collection":[{"href":"https:\/\/www.houstongoldexchange.com\/es\/wp-json\/wp\/v2\/product"}],"about":[{"href":"https:\/\/www.houstongoldexchange.com\/es\/wp-json\/wp\/v2\/types\/product"}],"wp:featuredmedia":[{"embeddable":true,"href":"https:\/\/www.houstongoldexchange.com\/es\/wp-json\/wp\/v2\/media\/44974"}],"wp:attachment":[{"href":"https:\/\/www.houstongoldexchange.com\/es\/wp-json\/wp\/v2\/media?parent=45021"}],"wp:term":[{"taxonomy":"product_brand","embeddable":true,"href":"https:\/\/www.houstongoldexchange.com\/es\/wp-json\/wp\/v2\/product_brand?post=45021"},{"taxonomy":"product_cat","embeddable":true,"href":"https:\/\/www.houstongoldexchange.com\/es\/wp-json\/wp\/v2\/product_cat?post=45021"},{"taxonomy":"product_tag","embeddable":true,"href":"https:\/\/www.houstongoldexchange.com\/es\/wp-json\/wp\/v2\/product_tag?post=45021"}],"curies":[{"name":"wp","href":"https:\/\/api.w.org\/{rel}","templated":true}]}}