{"id":45022,"date":"2024-01-30T20:21:44","date_gmt":"2024-01-30T20:21:44","guid":{"rendered":"https:\/\/www.houstongoldexchange.com\/?post_type=product&#038;p=45022"},"modified":"2026-04-11T05:57:57","modified_gmt":"2026-04-11T05:57:57","slug":"pendientes-de-boton-con-pave-de-diamantes","status":"publish","type":"product","link":"https:\/\/www.houstongoldexchange.com\/es\/product\/jewelry\/fine-jewelry-jewelry\/earrings-fine-jewelry-jewelry\/diamond-pave-button-earrings\/","title":{"rendered":"Pendientes de bot\u00f3n con pav\u00e9 de diamantes"},"content":{"rendered":"<p>Los aretes tipo bot\u00f3n con pav\u00e9 son una de las formas m\u00e1s pr\u00e1cticas de la joyer\u00eda fina: la superficie plana del disco permite cubrir al m\u00e1ximo con diamantes un espacio m\u00ednimo en la oreja, lo que proporciona un brillo aut\u00e9ntico con un perfil que se adapta perfectamente y resulta c\u00f3modo para llevarlo puesto todo el d\u00eda. Este par de segunda mano presenta diamantes blancos redondos engastados en un pav\u00e9 muy denso que cubre toda la superficie del bot\u00f3n, con las piedras dispuestas de tal manera que crean un campo de brillo ininterrumpido. El estado de segunda mano confirma la integridad estructural y la sujeci\u00f3n segura de las piedras en el engaste.<\/p>\n<p>Los aretes tipo bot\u00f3n con pav\u00e9 son muy buscados por los compradores de Houston en Cinco Ranch y Firethorne, as\u00ed como por los compradores en l\u00ednea de todo el pa\u00eds que priorizan la versatilidad: aretes que se pueden llevar tanto en un d\u00eda de clases como en una cena sin necesidad de cambiarlos. El inventario de aretes de diamantes de segunda mano de Houston Gold Exchange incluye modelos de bot\u00f3n, colgantes y pendientes de bot\u00f3n, y este arete tipo bot\u00f3n con pav\u00e9 es uno de los m\u00e1s pr\u00e1cticos de todos.<\/p>\n<p>Compre en l\u00ednea con env\u00edo asegurado o visite nuestra sala de exposici\u00f3n en Houston para ver los productos en persona y prob\u00e1rselos.<\/p>","protected":false},"excerpt":{"rendered":"<p>Estos pendientes de bot\u00f3n de segunda mano est\u00e1n cubiertos de diamantes redondos engastados en pav\u00e9, creando un campo ininterrumpido de brillo: una forma limpia y moderna que ofrece una generosa cobertura de diamantes en una silueta discreta, ideal para llevar tanto de d\u00eda como de noche sin necesidad de cambios.<\/p>","protected":false},"featured_media":44973,"template":"","meta":{"inline_featured_image":false},"product_brand":[],"product_cat":[1594,1590],"product_tag":[1673],"class_list":{"0":"post-45022","1":"product","2":"type-product","3":"status-publish","4":"has-post-thumbnail","6":"product_cat-earrings-fine-jewelry-jewelry","7":"product_cat-fine-jewelry-jewelry","8":"product_tag-diamond-pave-button-earrings","10":"first","11":"instock","12":"taxable","13":"shipping-taxable","14":"product-type-simple"},"_links":{"self":[{"href":"https:\/\/www.houstongoldexchange.com\/es\/wp-json\/wp\/v2\/product\/45022","targetHints":{"allow":["GET"]}}],"collection":[{"href":"https:\/\/www.houstongoldexchange.com\/es\/wp-json\/wp\/v2\/product"}],"about":[{"href":"https:\/\/www.houstongoldexchange.com\/es\/wp-json\/wp\/v2\/types\/product"}],"wp:featuredmedia":[{"embeddable":true,"href":"https:\/\/www.houstongoldexchange.com\/es\/wp-json\/wp\/v2\/media\/44973"}],"wp:attachment":[{"href":"https:\/\/www.houstongoldexchange.com\/es\/wp-json\/wp\/v2\/media?parent=45022"}],"wp:term":[{"taxonomy":"product_brand","embeddable":true,"href":"https:\/\/www.houstongoldexchange.com\/es\/wp-json\/wp\/v2\/product_brand?post=45022"},{"taxonomy":"product_cat","embeddable":true,"href":"https:\/\/www.houstongoldexchange.com\/es\/wp-json\/wp\/v2\/product_cat?post=45022"},{"taxonomy":"product_tag","embeddable":true,"href":"https:\/\/www.houstongoldexchange.com\/es\/wp-json\/wp\/v2\/product_tag?post=45022"}],"curies":[{"name":"wp","href":"https:\/\/api.w.org\/{rel}","templated":true}]}}