{"id":45027,"date":"2024-01-30T20:24:42","date_gmt":"2024-01-30T20:24:42","guid":{"rendered":"https:\/\/www.houstongoldexchange.com\/?post_type=product&#038;p=45027"},"modified":"2026-04-11T05:57:57","modified_gmt":"2026-04-11T05:57:57","slug":"colgante-pave-de-diamantes","status":"publish","type":"product","link":"https:\/\/www.houstongoldexchange.com\/es\/product\/jewelry\/fine-jewelry-jewelry\/necklaces-fine-jewelry-jewelry\/diamond-pave-pendant\/","title":{"rendered":"Colgante con pav\u00e9 de diamantes"},"content":{"rendered":"<p>El engaste pav\u00e9 \u2014del franc\u00e9s \u00abpav\u00e9\u00bb, que significa \u00abpavimentado\u00bb\u2014 es exactamente lo que su nombre indica: una superficie cubierta por completo de peque\u00f1os diamantes tan juntos que el metal apenas se ve. El resultado es un colgante que parece estar hecho \u00edntegramente de diamantes, en lugar de metal con piedras, y cuya superficie crea un campo continuo de brillo que refleja la luz desde cualquier \u00e1ngulo. Este colgante pav\u00e9 de segunda mano ofrece ese efecto en una forma limpia y redondeada.<\/p>\n<p>Los compradores de colgantes con pav\u00e9 de las comunidades de Spring Branch y Memorial Villages en Houston, as\u00ed como los compradores en l\u00ednea que prefieren una cobertura de diamantes en lugar de piedras individuales grandes, consideran que el inventario de art\u00edculos de segunda mano de Houston Gold Exchange es una fuente confiable. Nuestro proceso de evaluaci\u00f3n confirma espec\u00edficamente la seguridad de las piedras en engastes de pav\u00e9: las piedras sueltas en pav\u00e9s densos son un problema habitual en los art\u00edculos de segunda mano, y verificamos su integridad antes de ponerlos a la venta.<\/p>\n<p>Compre en l\u00ednea con env\u00edo asegurado o visite nuestra sala de exposici\u00f3n en Houston para ver el efecto pav\u00e9 bajo diferentes condiciones de iluminaci\u00f3n antes de realizar su compra.<\/p>","protected":false},"excerpt":{"rendered":"<p>Un colgante con pav\u00e9 de diamantes: diamantes engastados a ras y muy juntos en toda la superficie para crear un campo de brillo ininterrumpido. Una construcci\u00f3n de estilo \u00abestate\u00bb con una fina cobertura de diamantes que convierte al pav\u00e9 en una de las t\u00e9cnicas de engaste m\u00e1s perdurables de la joyer\u00eda fina.<\/p>","protected":false},"featured_media":44968,"template":"","meta":{"inline_featured_image":false},"product_brand":[],"product_cat":[1590,1593],"product_tag":[1669],"class_list":{"0":"post-45027","1":"product","2":"type-product","3":"status-publish","4":"has-post-thumbnail","6":"product_cat-fine-jewelry-jewelry","7":"product_cat-necklaces-fine-jewelry-jewelry","8":"product_tag-diamond-pave-pendant","10":"first","11":"instock","12":"taxable","13":"shipping-taxable","14":"product-type-simple"},"_links":{"self":[{"href":"https:\/\/www.houstongoldexchange.com\/es\/wp-json\/wp\/v2\/product\/45027","targetHints":{"allow":["GET"]}}],"collection":[{"href":"https:\/\/www.houstongoldexchange.com\/es\/wp-json\/wp\/v2\/product"}],"about":[{"href":"https:\/\/www.houstongoldexchange.com\/es\/wp-json\/wp\/v2\/types\/product"}],"wp:featuredmedia":[{"embeddable":true,"href":"https:\/\/www.houstongoldexchange.com\/es\/wp-json\/wp\/v2\/media\/44968"}],"wp:attachment":[{"href":"https:\/\/www.houstongoldexchange.com\/es\/wp-json\/wp\/v2\/media?parent=45027"}],"wp:term":[{"taxonomy":"product_brand","embeddable":true,"href":"https:\/\/www.houstongoldexchange.com\/es\/wp-json\/wp\/v2\/product_brand?post=45027"},{"taxonomy":"product_cat","embeddable":true,"href":"https:\/\/www.houstongoldexchange.com\/es\/wp-json\/wp\/v2\/product_cat?post=45027"},{"taxonomy":"product_tag","embeddable":true,"href":"https:\/\/www.houstongoldexchange.com\/es\/wp-json\/wp\/v2\/product_tag?post=45027"}],"curies":[{"name":"wp","href":"https:\/\/api.w.org\/{rel}","templated":true}]}}