{"id":45029,"date":"2024-01-30T20:25:53","date_gmt":"2024-01-30T20:25:53","guid":{"rendered":"https:\/\/www.houstongoldexchange.com\/?post_type=product&#038;p=45029"},"modified":"2026-04-11T05:57:57","modified_gmt":"2026-04-11T05:57:57","slug":"colgante-cruz-diamante-12","status":"publish","type":"product","link":"https:\/\/www.houstongoldexchange.com\/es\/product\/jewelry\/fine-jewelry-jewelry\/necklaces-fine-jewelry-jewelry\/diamond-cross-pendant-12\/","title":{"rendered":"Colgante Cruz de Diamantes"},"content":{"rendered":"<p>El proceso de adquisici\u00f3n de herencias de Houston Gold Exchange se adentra en lo m\u00e1s profundo del mercado de colecciones privadas de Houston: compramos continuamente a familias, herencias y coleccionistas de toda el \u00e1rea metropolitana de Houston. El resultado es un inventario que incluye piezas que no se encuentran en ning\u00fan otro lugar, a precios que reflejan el valor real del mercado secundario en lugar del precio de venta al p\u00fablico. Este colgante de cruz con diamantes forma parte de ese inventario: procede de una herencia, ha sido evaluado y se ofrece con la total transparencia que exige nuestra reputaci\u00f3n local.<\/p>\n<p>Los compradores en l\u00ednea que descubren Houston Gold Exchange a trav\u00e9s de un buscador disfrutan del mismo nivel de calidad que nuestros clientes locales de Houston en Atascocita y Fall Creek. Nuestros anuncios en l\u00ednea reflejan fielmente lo que tenemos, y nuestros env\u00edos est\u00e1n asegurados por su valor total. Una joyer\u00eda f\u00edsica con una presencia activa en l\u00ednea significa que recibes la experiencia local directamente en tu puerta.<\/p>\n<p>Compre en l\u00ednea con total confianza, o ll\u00e1menos antes de realizar la compra si desea consultar la calidad de las piedras, las opciones de cadenas o los detalles del estado del art\u00edculo. Estaremos encantados de atenderle.<\/p>","protected":false},"excerpt":{"rendered":"<p>Colgante de cruz con diamantes de segunda mano: el proceso de adquisici\u00f3n de Houston Gold Exchange permite que piezas como esta, procedentes de colecciones privadas de Houston, lleguen a compradores tanto de la zona como de todo el pa\u00eds, con la plena confianza que ofrece nuestro proceso de tasaci\u00f3n en cada uno de nuestros anuncios.<\/p>","protected":false},"featured_media":44966,"template":"","meta":{"inline_featured_image":false},"product_brand":[],"product_cat":[1590,1593],"product_tag":[1667],"class_list":{"0":"post-45029","1":"product","2":"type-product","3":"status-publish","4":"has-post-thumbnail","6":"product_cat-fine-jewelry-jewelry","7":"product_cat-necklaces-fine-jewelry-jewelry","8":"product_tag-diamond-cross-pendant","10":"first","11":"instock","12":"taxable","13":"shipping-taxable","14":"product-type-simple"},"_links":{"self":[{"href":"https:\/\/www.houstongoldexchange.com\/es\/wp-json\/wp\/v2\/product\/45029","targetHints":{"allow":["GET"]}}],"collection":[{"href":"https:\/\/www.houstongoldexchange.com\/es\/wp-json\/wp\/v2\/product"}],"about":[{"href":"https:\/\/www.houstongoldexchange.com\/es\/wp-json\/wp\/v2\/types\/product"}],"wp:featuredmedia":[{"embeddable":true,"href":"https:\/\/www.houstongoldexchange.com\/es\/wp-json\/wp\/v2\/media\/44966"}],"wp:attachment":[{"href":"https:\/\/www.houstongoldexchange.com\/es\/wp-json\/wp\/v2\/media?parent=45029"}],"wp:term":[{"taxonomy":"product_brand","embeddable":true,"href":"https:\/\/www.houstongoldexchange.com\/es\/wp-json\/wp\/v2\/product_brand?post=45029"},{"taxonomy":"product_cat","embeddable":true,"href":"https:\/\/www.houstongoldexchange.com\/es\/wp-json\/wp\/v2\/product_cat?post=45029"},{"taxonomy":"product_tag","embeddable":true,"href":"https:\/\/www.houstongoldexchange.com\/es\/wp-json\/wp\/v2\/product_tag?post=45029"}],"curies":[{"name":"wp","href":"https:\/\/api.w.org\/{rel}","templated":true}]}}