{"id":45030,"date":"2024-01-30T20:26:45","date_gmt":"2024-01-30T20:26:45","guid":{"rendered":"https:\/\/www.houstongoldexchange.com\/?post_type=product&#038;p=45030"},"modified":"2026-04-11T05:57:57","modified_gmt":"2026-04-11T05:57:57","slug":"colgante-de-diamantes-fluer-de-lis","status":"publish","type":"product","link":"https:\/\/www.houstongoldexchange.com\/es\/product\/jewelry\/fine-jewelry-jewelry\/necklaces-fine-jewelry-jewelry\/fluer-de-lis-diamond-pendant\/","title":{"rendered":"Colgante de diamantes Fluer de Lis"},"content":{"rendered":"<p>El hecho de que haya dos colgantes de flor de lis con diamantes en el mismo inventario no es una redundancia, sino una prueba de la demanda real del mercado y de que no hay dos piezas de segunda mano exactamente iguales. Este segundo colgante de flor de lis destaca la forma mediante el uso de diamantes en los bordes exteriores de los p\u00e9talos, creando una versi\u00f3n del dise\u00f1o en la que la geometr\u00eda her\u00e1ldica se expresa con mayor claridad. Engaste en oro fino, calidad de segunda mano, fabricaci\u00f3n verificada.<\/p>\n<p>Los compradores que busquen espec\u00edficamente joyas con motivos de flor de lis en oro fino con diamantes encontrar\u00e1n aqu\u00ed dos opciones: la posibilidad de comparar dos piezas de segunda mano con el mismo motivo es una ventaja real de comprar en un amplio inventario de art\u00edculos de segunda mano. A los clientes de las comunidades de Conroe y The Woodlands, en Houston, as\u00ed como a los compradores de todo el pa\u00eds vinculados a Luisiana a quienes les encanta la flor de lis, les gusta tener opciones.<\/p>\n<p>Compre el colgante que prefiera en l\u00ednea con env\u00edo asegurado, o visite nuestra sala de exposici\u00f3n en Houston para comparar ambos modelos con flor de lis en persona antes de decidirse.<\/p>","protected":false},"excerpt":{"rendered":"<p>Un segundo colgante de diamantes con forma de flor de lis: esta versi\u00f3n resalta las l\u00edneas exteriores de los brazos de la figura her\u00e1ldica, creando una cruz de diamantes en la que la geometr\u00eda de tres p\u00e9talos de la flor de lis francesa se aprecia con una claridad gr\u00e1fica a\u00fan mayor que en un dise\u00f1o con pav\u00e9 continuo.<\/p>","protected":false},"featured_media":44965,"template":"","meta":{"inline_featured_image":false},"product_brand":[],"product_cat":[1590,1593],"product_tag":[1666],"class_list":{"0":"post-45030","1":"product","2":"type-product","3":"status-publish","4":"has-post-thumbnail","6":"product_cat-fine-jewelry-jewelry","7":"product_cat-necklaces-fine-jewelry-jewelry","8":"product_tag-fluer-de-lis-diamond-pendant","10":"first","11":"instock","12":"taxable","13":"shipping-taxable","14":"product-type-simple"},"_links":{"self":[{"href":"https:\/\/www.houstongoldexchange.com\/es\/wp-json\/wp\/v2\/product\/45030","targetHints":{"allow":["GET"]}}],"collection":[{"href":"https:\/\/www.houstongoldexchange.com\/es\/wp-json\/wp\/v2\/product"}],"about":[{"href":"https:\/\/www.houstongoldexchange.com\/es\/wp-json\/wp\/v2\/types\/product"}],"wp:featuredmedia":[{"embeddable":true,"href":"https:\/\/www.houstongoldexchange.com\/es\/wp-json\/wp\/v2\/media\/44965"}],"wp:attachment":[{"href":"https:\/\/www.houstongoldexchange.com\/es\/wp-json\/wp\/v2\/media?parent=45030"}],"wp:term":[{"taxonomy":"product_brand","embeddable":true,"href":"https:\/\/www.houstongoldexchange.com\/es\/wp-json\/wp\/v2\/product_brand?post=45030"},{"taxonomy":"product_cat","embeddable":true,"href":"https:\/\/www.houstongoldexchange.com\/es\/wp-json\/wp\/v2\/product_cat?post=45030"},{"taxonomy":"product_tag","embeddable":true,"href":"https:\/\/www.houstongoldexchange.com\/es\/wp-json\/wp\/v2\/product_tag?post=45030"}],"curies":[{"name":"wp","href":"https:\/\/api.w.org\/{rel}","templated":true}]}}