{"id":45031,"date":"2024-01-30T20:27:20","date_gmt":"2024-01-30T20:27:20","guid":{"rendered":"https:\/\/www.houstongoldexchange.com\/?post_type=product&#038;p=45031"},"modified":"2026-04-11T05:57:57","modified_gmt":"2026-04-11T05:57:57","slug":"pulsera-puno-diamante","status":"publish","type":"product","link":"https:\/\/www.houstongoldexchange.com\/es\/product\/jewelry\/fine-jewelry-jewelry\/bracelets-fine-jewelry-jewelry\/diamond-cuff-bracelet\/","title":{"rendered":"Pulsera de diamantes"},"content":{"rendered":"<p>La pulsera tipo brazalete es un dise\u00f1o en el que el tama\u00f1o marca la diferencia: cuanto m\u00e1s ancha es la banda, mayor es la superficie que se puede cubrir con diamantes y m\u00e1s se percibe la pieza como una declaraci\u00f3n de estilo deliberada. Esta pulsera tipo brazalete de diamantes de segunda mano aprovecha su anchura de forma intencionada, con diamantes blancos engastados a lo largo de toda la superficie para crear una pulsera con aut\u00e9ntica presencia. El t\u00e9rmino \u00abde segunda mano\u00bb significa que la calidad de la construcci\u00f3n ha sido probada por el uso, y la evaluaci\u00f3n de Houston Gold Exchange confirma la seguridad de las piedras y la integridad de la pulsera antes de su puesta a la venta.<\/p>\n<p>Las pulseras tipo brazalete de diamantes atraen a compradores que buscan que sus joyas sean el centro de atenci\u00f3n: clientes de Tanglewood y Memorial que prefieren lucir una sola pieza llamativa en lugar de varias superpuestas, y compradores en l\u00ednea que buscan una pulsera llamativa que acapare todas las miradas. El inventario de pulseras de segunda mano de Houston Gold Exchange incluye brazaletes, pulseras r\u00edgidas y pulseras tipo tenis; este brazalete es el modelo m\u00e1s llamativo de la colecci\u00f3n.<\/p>\n<p>Compre en l\u00ednea con un proceso de pago seguro y env\u00edo asegurado, o visite nuestra sala de exposici\u00f3n en Houston para probarse el brazalete. El tama\u00f1o es importante en los brazaletes, y estaremos encantados de asesorarle sobre el ajuste antes de que haga su pedido.<\/p>","protected":false},"excerpt":{"rendered":"<p>Una pulsera tipo brazalete de diamantes en perfecto estado: lo suficientemente ancha como para lucir en la mu\u00f1eca, con una cobertura de diamantes que le confiere una presencia aut\u00e9ntica. Una pulsera que no necesita nada m\u00e1s a su lado para destacar por s\u00ed misma. Disponible en Houston y en l\u00ednea.<\/p>","protected":false},"featured_media":44964,"template":"","meta":{"inline_featured_image":false},"product_brand":[],"product_cat":[1596,1590],"product_tag":[1665],"class_list":{"0":"post-45031","1":"product","2":"type-product","3":"status-publish","4":"has-post-thumbnail","6":"product_cat-bracelets-fine-jewelry-jewelry","7":"product_cat-fine-jewelry-jewelry","8":"product_tag-diamond-cuff-bracelet","10":"first","11":"instock","12":"taxable","13":"shipping-taxable","14":"product-type-simple"},"_links":{"self":[{"href":"https:\/\/www.houstongoldexchange.com\/es\/wp-json\/wp\/v2\/product\/45031","targetHints":{"allow":["GET"]}}],"collection":[{"href":"https:\/\/www.houstongoldexchange.com\/es\/wp-json\/wp\/v2\/product"}],"about":[{"href":"https:\/\/www.houstongoldexchange.com\/es\/wp-json\/wp\/v2\/types\/product"}],"wp:featuredmedia":[{"embeddable":true,"href":"https:\/\/www.houstongoldexchange.com\/es\/wp-json\/wp\/v2\/media\/44964"}],"wp:attachment":[{"href":"https:\/\/www.houstongoldexchange.com\/es\/wp-json\/wp\/v2\/media?parent=45031"}],"wp:term":[{"taxonomy":"product_brand","embeddable":true,"href":"https:\/\/www.houstongoldexchange.com\/es\/wp-json\/wp\/v2\/product_brand?post=45031"},{"taxonomy":"product_cat","embeddable":true,"href":"https:\/\/www.houstongoldexchange.com\/es\/wp-json\/wp\/v2\/product_cat?post=45031"},{"taxonomy":"product_tag","embeddable":true,"href":"https:\/\/www.houstongoldexchange.com\/es\/wp-json\/wp\/v2\/product_tag?post=45031"}],"curies":[{"name":"wp","href":"https:\/\/api.w.org\/{rel}","templated":true}]}}