{"id":45034,"date":"2024-01-30T20:29:15","date_gmt":"2024-01-30T20:29:15","guid":{"rendered":"https:\/\/www.houstongoldexchange.com\/?post_type=product&#038;p=45034"},"modified":"2026-04-11T05:57:57","modified_gmt":"2026-04-11T05:57:57","slug":"brazalete-cosmico-diamante","status":"publish","type":"product","link":"https:\/\/www.houstongoldexchange.com\/es\/product\/new\/diamond-cosmic-bangle\/","title":{"rendered":"Pulsera Cosmic de diamantes"},"content":{"rendered":"<p>El dise\u00f1o de joyer\u00eda fina a veces va m\u00e1s all\u00e1 de lo meramente decorativo: una pieza con una identidad conceptual que la hace memorable, en lugar de simplemente hermosa. La pulsera Cosmic Bangle es ese tipo de pieza: los diamantes est\u00e1n dispuestos en un patr\u00f3n orbital y celestial alrededor de la forma de la pulsera, sugiriendo planetas en movimiento o estrellas alineadas. Su condici\u00f3n de pieza de segunda mano garantiza su autenticidad; su dise\u00f1o c\u00f3smico invita a la conversaci\u00f3n.<\/p>\n<p>Los compradores que coleccionan joyas de car\u00e1cter conceptual \u2014clientes asiduos a los museos y conocedores del dise\u00f1o en los barrios de Upper Kirby y Museum District de Houston, as\u00ed como coleccionistas en l\u00ednea que siguen con inter\u00e9s el dise\u00f1o de joyas\u2014 buscan piezas que encierren una historia. La pulsera \u00abCosmic Bangle\u00bb, con diamantes de calidad de segunda mano, es precisamente eso: una pieza con una historia, un valor de gemas verificado y una identidad de dise\u00f1o que la convierte en algo verdaderamente \u00fanico en cualquier colecci\u00f3n.<\/p>\n<p>Compre en l\u00ednea con env\u00edo asegurado a todo el pa\u00eds, o concierte una cita para verla en persona en nuestra sala de exposici\u00f3n de Houston. Se trata de una pieza que merece la pena contemplar desde todos los \u00e1ngulos.<\/p>","protected":false},"excerpt":{"rendered":"<p>La pulsera Diamond Cosmic Bangle presenta diamantes dispuestos en un patr\u00f3n orbital y celestial alrededor de la estructura de la pulsera: un dise\u00f1o inspirado en el espacio que confiere a esta pulsera de segunda mano una identidad conceptual que la mayor\u00eda de las piezas de joyer\u00eda fina nunca logran alcanzar.<\/p>","protected":false},"featured_media":44961,"template":"","meta":{"inline_featured_image":false},"product_brand":[],"product_cat":[15],"product_tag":[1663],"class_list":{"0":"post-45034","1":"product","2":"type-product","3":"status-publish","4":"has-post-thumbnail","6":"product_cat-new","7":"product_tag-diamond-cosmic-bangle","9":"first","10":"instock","11":"taxable","12":"shipping-taxable","13":"product-type-simple"},"_links":{"self":[{"href":"https:\/\/www.houstongoldexchange.com\/es\/wp-json\/wp\/v2\/product\/45034","targetHints":{"allow":["GET"]}}],"collection":[{"href":"https:\/\/www.houstongoldexchange.com\/es\/wp-json\/wp\/v2\/product"}],"about":[{"href":"https:\/\/www.houstongoldexchange.com\/es\/wp-json\/wp\/v2\/types\/product"}],"wp:featuredmedia":[{"embeddable":true,"href":"https:\/\/www.houstongoldexchange.com\/es\/wp-json\/wp\/v2\/media\/44961"}],"wp:attachment":[{"href":"https:\/\/www.houstongoldexchange.com\/es\/wp-json\/wp\/v2\/media?parent=45034"}],"wp:term":[{"taxonomy":"product_brand","embeddable":true,"href":"https:\/\/www.houstongoldexchange.com\/es\/wp-json\/wp\/v2\/product_brand?post=45034"},{"taxonomy":"product_cat","embeddable":true,"href":"https:\/\/www.houstongoldexchange.com\/es\/wp-json\/wp\/v2\/product_cat?post=45034"},{"taxonomy":"product_tag","embeddable":true,"href":"https:\/\/www.houstongoldexchange.com\/es\/wp-json\/wp\/v2\/product_tag?post=45034"}],"curies":[{"name":"wp","href":"https:\/\/api.w.org\/{rel}","templated":true}]}}