{"id":45042,"date":"2024-01-30T20:33:03","date_gmt":"2024-01-30T20:33:03","guid":{"rendered":"https:\/\/www.houstongoldexchange.com\/?post_type=product&#038;p=45042"},"modified":"2026-04-11T05:57:58","modified_gmt":"2026-04-11T05:57:58","slug":"colgante-lagrima-pave-de-diamantes","status":"publish","type":"product","link":"https:\/\/www.houstongoldexchange.com\/es\/product\/jewelry\/fine-jewelry-jewelry\/necklaces-fine-jewelry-jewelry\/diamond-pave-teardrop-pendant\/","title":{"rendered":"Colgante l\u00e1grima con pav\u00e9 de diamantes"},"content":{"rendered":"<p>El colgante en forma de l\u00e1grima con pav\u00e9 aprovecha su forma escalonada para crear un efecto de movimiento natural: la mirada sigue a los diamantes desde la amplia curva superior hasta la base puntiaguda, donde el dise\u00f1o llega a su fin y el colgante comienza a balancearse. Engastada con diamantes blancos en un pav\u00e9 muy denso que cubre toda la superficie de la l\u00e1grima, esta pieza de segunda mano capta la luz desde todos los \u00e1ngulos a lo largo del balanceo del colgante, a medida que se mueve con el cuerpo de quien lo lleva.<\/p>\n<p>Los compradores de colgantes en forma de l\u00e1grima de las comunidades de Sugar Land y Riverstone, en Houston, as\u00ed como los compradores en l\u00ednea que siguen de cerca las tendencias en dise\u00f1o de colgantes, reconocen que la forma de l\u00e1grima es una de las que mejor realza el escote: su forma c\u00f3nica hacia abajo se adapta a las l\u00edneas naturales del cuerpo de una manera que los colgantes redondos o cuadrados no logran. El inventario de art\u00edculos de segunda mano de Houston Gold Exchange en colgantes de forma c\u00f3nica incluye sistem\u00e1ticamente modelos en forma de l\u00e1grima, ya que se venden con facilidad entre los compradores que conocen este dise\u00f1o.<\/p>\n<p>Compra en l\u00ednea con env\u00edo asegurado o visita nuestra sala de exposici\u00f3n en Houston para ver c\u00f3mo cuelga y se mueve el colgante en forma de l\u00e1grima en una cadena real.<\/p>","protected":false},"excerpt":{"rendered":"<p>Un colgante en forma de l\u00e1grima con pav\u00e9 de diamantes: ancho en la parte superior y estrecho en la punta, con diamantes blancos engastados por toda la superficie. Un colgante de segunda mano que refleja la luz a lo largo de todo su movimiento oscilante al seguir los movimientos de quien lo lleva.<\/p>","protected":false},"featured_media":45037,"template":"","meta":{"inline_featured_image":false},"product_brand":[],"product_cat":[1590,1593],"product_tag":[1659,196,203,233],"class_list":{"0":"post-45042","1":"product","2":"type-product","3":"status-publish","4":"has-post-thumbnail","6":"product_cat-fine-jewelry-jewelry","7":"product_cat-necklaces-fine-jewelry-jewelry","8":"product_tag-diamond-pave-teardrop-pendant","9":"product_tag-diamonds","10":"product_tag-pave","11":"product_tag-pendant","13":"first","14":"instock","15":"taxable","16":"shipping-taxable","17":"product-type-simple"},"_links":{"self":[{"href":"https:\/\/www.houstongoldexchange.com\/es\/wp-json\/wp\/v2\/product\/45042","targetHints":{"allow":["GET"]}}],"collection":[{"href":"https:\/\/www.houstongoldexchange.com\/es\/wp-json\/wp\/v2\/product"}],"about":[{"href":"https:\/\/www.houstongoldexchange.com\/es\/wp-json\/wp\/v2\/types\/product"}],"wp:featuredmedia":[{"embeddable":true,"href":"https:\/\/www.houstongoldexchange.com\/es\/wp-json\/wp\/v2\/media\/45037"}],"wp:attachment":[{"href":"https:\/\/www.houstongoldexchange.com\/es\/wp-json\/wp\/v2\/media?parent=45042"}],"wp:term":[{"taxonomy":"product_brand","embeddable":true,"href":"https:\/\/www.houstongoldexchange.com\/es\/wp-json\/wp\/v2\/product_brand?post=45042"},{"taxonomy":"product_cat","embeddable":true,"href":"https:\/\/www.houstongoldexchange.com\/es\/wp-json\/wp\/v2\/product_cat?post=45042"},{"taxonomy":"product_tag","embeddable":true,"href":"https:\/\/www.houstongoldexchange.com\/es\/wp-json\/wp\/v2\/product_tag?post=45042"}],"curies":[{"name":"wp","href":"https:\/\/api.w.org\/{rel}","templated":true}]}}