{"id":45043,"date":"2024-01-30T20:33:40","date_gmt":"2024-01-30T20:33:40","guid":{"rendered":"https:\/\/www.houstongoldexchange.com\/?post_type=product&#038;p=45043"},"modified":"2026-04-11T05:57:58","modified_gmt":"2026-04-11T05:57:58","slug":"collar-gota-de-diamante","status":"publish","type":"product","link":"https:\/\/www.houstongoldexchange.com\/es\/product\/jewelry\/fine-jewelry-jewelry\/necklaces-fine-jewelry-jewelry\/diamond-drip-necklace\/","title":{"rendered":"Collar de diamantes"},"content":{"rendered":"<p>El collar \u00abDrip\u00bb se sit\u00faa en la frontera entre la joyer\u00eda y el arte: un dise\u00f1o que toma un fen\u00f3meno natural (el l\u00edquido al caer, la gravedad que empuja una gota hasta convertirla en una larga estela) y lo plasma en metales preciosos y diamantes. El patr\u00f3n de gotas en cascada crea un collar con una narrativa visual integrada en el dise\u00f1o: se entiende de inmediato qu\u00e9 forma est\u00e1 imitando, y el engaste de diamantes en cada gota hace que esa forma brille y refleje la luz tal como lo hace el agua real bajo la luz del sol. Calidad de anticuario con una perspectiva de dise\u00f1o clara.<\/p>\n<p>Los compradores de joyer\u00eda de vanguardia de las comunidades del Distrito de los Museos y Montrose de Houston, as\u00ed como los coleccionistas en l\u00ednea que siguen las tendencias del dise\u00f1o de joyer\u00eda contempor\u00e1nea, descubren que el inventario de piezas de segunda mano de Houston Gold Exchange les sorprende de vez en cuando: a trav\u00e9s de adquisiciones de colecciones privadas surgen piezas con aut\u00e9ntica ambici\u00f3n creativa, y el collar \u00abdrip\u00bb es precisamente ese tipo de hallazgo. Una pieza que da que hablar y que cuenta con aut\u00e9nticas credenciales de joyer\u00eda fina.<\/p>\n<p>Compre en l\u00ednea con env\u00edo asegurado o visite nuestra sala de exposici\u00f3n en Houston para ver en persona el movimiento de la forma de goteo. Se trata de una pieza que se aprecia mejor en movimiento que en una fotograf\u00eda est\u00e1tica.<\/p>","protected":false},"excerpt":{"rendered":"<p>El collar Diamond Drip plasma el movimiento del l\u00edquido en oro fino con diamantes: piedras engastadas en un dise\u00f1o en forma de gota en cascada que plasma la fluidez del agua al caer en una pieza de joyer\u00eda de colecci\u00f3n. Un dise\u00f1o con aut\u00e9ntica ambici\u00f3n art\u00edstica.<\/p>","protected":false},"featured_media":45036,"template":"","meta":{"inline_featured_image":false},"product_brand":[],"product_cat":[1590,1593],"product_tag":[1658,196,233],"class_list":{"0":"post-45043","1":"product","2":"type-product","3":"status-publish","4":"has-post-thumbnail","6":"product_cat-fine-jewelry-jewelry","7":"product_cat-necklaces-fine-jewelry-jewelry","8":"product_tag-diamond-drip-necklace","9":"product_tag-diamonds","10":"product_tag-pendant","12":"first","13":"instock","14":"taxable","15":"shipping-taxable","16":"product-type-simple"},"_links":{"self":[{"href":"https:\/\/www.houstongoldexchange.com\/es\/wp-json\/wp\/v2\/product\/45043","targetHints":{"allow":["GET"]}}],"collection":[{"href":"https:\/\/www.houstongoldexchange.com\/es\/wp-json\/wp\/v2\/product"}],"about":[{"href":"https:\/\/www.houstongoldexchange.com\/es\/wp-json\/wp\/v2\/types\/product"}],"wp:featuredmedia":[{"embeddable":true,"href":"https:\/\/www.houstongoldexchange.com\/es\/wp-json\/wp\/v2\/media\/45036"}],"wp:attachment":[{"href":"https:\/\/www.houstongoldexchange.com\/es\/wp-json\/wp\/v2\/media?parent=45043"}],"wp:term":[{"taxonomy":"product_brand","embeddable":true,"href":"https:\/\/www.houstongoldexchange.com\/es\/wp-json\/wp\/v2\/product_brand?post=45043"},{"taxonomy":"product_cat","embeddable":true,"href":"https:\/\/www.houstongoldexchange.com\/es\/wp-json\/wp\/v2\/product_cat?post=45043"},{"taxonomy":"product_tag","embeddable":true,"href":"https:\/\/www.houstongoldexchange.com\/es\/wp-json\/wp\/v2\/product_tag?post=45043"}],"curies":[{"name":"wp","href":"https:\/\/api.w.org\/{rel}","templated":true}]}}