{"id":45072,"date":"2024-02-09T17:09:07","date_gmt":"2024-02-09T17:09:07","guid":{"rendered":"https:\/\/www.houstongoldexchange.com\/?post_type=product&#038;p=45072"},"modified":"2026-04-11T05:57:58","modified_gmt":"2026-04-11T05:57:58","slug":"colgante-cruz-de-rubi","status":"publish","type":"product","link":"https:\/\/www.houstongoldexchange.com\/es\/product\/jewelry\/fine-jewelry-jewelry\/necklaces-fine-jewelry-jewelry\/ruby-cross-pendant\/","title":{"rendered":"Colgante Cruz de Rub\u00ed"},"content":{"rendered":"<p>La decisi\u00f3n de engastar una cruz con rub\u00edes naturales en lugar de diamantes es una elecci\u00f3n deliberada en la que prima la emoci\u00f3n sobre la convenci\u00f3n: los rub\u00edes transmiten pasi\u00f3n, devoci\u00f3n e intensidad de una forma que los diamantes blancos no pueden igualar. Esta cruz de rub\u00edes de segunda mano cuenta con rub\u00edes naturales engastados en cada brazo de la cruz sobre una base de oro c\u00e1lido; el rojo intenso de las piedras crea un colgante con una calidez visual que queda muy bien en las fotos y se luce con una presencia memorable. Un colgante en forma de cruz que transmite un mensaje diferente al que podr\u00eda transmitir cualquier versi\u00f3n con diamantes.<\/p>\n<p>Los colgantes con cruz de rub\u00ed atraen a compradores que sienten un fuerte v\u00ednculo personal y religioso tanto con la gema como con la forma: clientes de Bellaire y The Woodlands que desean que sus joyas devocionales tengan un valor emocional, adem\u00e1s de la calidad de la gema. Houston Gold Exchange eval\u00faa espec\u00edficamente la saturaci\u00f3n del color del rub\u00ed natural antes de poner a la venta cualquier pieza de rub\u00ed, ya que la calidad del rub\u00ed natural var\u00eda mucho y es importante ofrecer una descripci\u00f3n honesta.<\/p>\n<p>Haga su pedido en l\u00ednea con env\u00edo asegurado o visite nuestra sala de exposici\u00f3n en Houston para apreciar la intensidad del color rub\u00ed bajo la luz natural. El color rub\u00ed se aprecia con mayor precisi\u00f3n a la luz del d\u00eda; le invitamos a que venga a ver esta pieza en persona.<\/p>","protected":false},"excerpt":{"rendered":"<p>Los rub\u00edes naturales cubren los brazos de esta cruz colgante con un rojo intenso y saturado que convierte una forma devocional en una llamativa pieza de joyer\u00eda con piedras preciosas. La cruz de rub\u00edes es una de las piezas de joyer\u00eda fina con mayor carga emocional.<\/p>","protected":false},"featured_media":45067,"template":"","meta":{"inline_featured_image":false},"product_brand":[],"product_cat":[1590,1593],"product_tag":[198,495,1652,1651],"class_list":{"0":"post-45072","1":"product","2":"type-product","3":"status-publish","4":"has-post-thumbnail","6":"product_cat-fine-jewelry-jewelry","7":"product_cat-necklaces-fine-jewelry-jewelry","8":"product_tag-14k","9":"product_tag-cross","10":"product_tag-cross-pendant","11":"product_tag-ruby-cross","13":"first","14":"instock","15":"taxable","16":"shipping-taxable","17":"product-type-simple"},"_links":{"self":[{"href":"https:\/\/www.houstongoldexchange.com\/es\/wp-json\/wp\/v2\/product\/45072","targetHints":{"allow":["GET"]}}],"collection":[{"href":"https:\/\/www.houstongoldexchange.com\/es\/wp-json\/wp\/v2\/product"}],"about":[{"href":"https:\/\/www.houstongoldexchange.com\/es\/wp-json\/wp\/v2\/types\/product"}],"wp:featuredmedia":[{"embeddable":true,"href":"https:\/\/www.houstongoldexchange.com\/es\/wp-json\/wp\/v2\/media\/45067"}],"wp:attachment":[{"href":"https:\/\/www.houstongoldexchange.com\/es\/wp-json\/wp\/v2\/media?parent=45072"}],"wp:term":[{"taxonomy":"product_brand","embeddable":true,"href":"https:\/\/www.houstongoldexchange.com\/es\/wp-json\/wp\/v2\/product_brand?post=45072"},{"taxonomy":"product_cat","embeddable":true,"href":"https:\/\/www.houstongoldexchange.com\/es\/wp-json\/wp\/v2\/product_cat?post=45072"},{"taxonomy":"product_tag","embeddable":true,"href":"https:\/\/www.houstongoldexchange.com\/es\/wp-json\/wp\/v2\/product_tag?post=45072"}],"curies":[{"name":"wp","href":"https:\/\/api.w.org\/{rel}","templated":true}]}}