{"id":45396,"date":"2025-03-24T16:30:48","date_gmt":"2025-03-24T16:30:48","guid":{"rendered":"https:\/\/www.houstongoldexchange.com\/?post_type=product&#038;p=45396"},"modified":"2026-04-11T05:57:58","modified_gmt":"2026-04-11T05:57:58","slug":"tudor-submariner-vintage","status":"publish","type":"product","link":"https:\/\/www.houstongoldexchange.com\/es\/product\/luxury-watches\/mens-watches\/tudor-submariner-vintage\/","title":{"rendered":"Tudor Submariner - Vintage"},"content":{"rendered":"<p>El Tudor Submariner es la marca hermana de Rolex que cumple la misma misi\u00f3n de reloj funcional a un nivel de precios diferente, y los Tudor Submariner vintage de referencias como la 76100 han desarrollado su propia cultura de coleccionismo, totalmente independiente de su asociaci\u00f3n con Rolex. La denominaci\u00f3n \u00abLollipop\u00bb hace referencia al caracter\u00edstico segundero circular que presenta esta referencia, un detalle que los coleccionistas de Tudor vintage buscan espec\u00edficamente y que hace que la 76100 sea inmediatamente identificable. El n\u00famero de serie 12**** sit\u00faa este reloj en el periodo de producci\u00f3n vintage correspondiente. Esfera negra, cristal acr\u00edlico que le confiere un aut\u00e9ntico car\u00e1cter vintage, brazalete Oyster en su configuraci\u00f3n original. Sin caja ni papeles, como es de esperar en una pieza vintage de esta \u00e9poca.<\/p>\n<p>Los compradores de relojes Tudor Submariner vintage forman una comunidad espec\u00edfica y bien informada: coleccionistas de los barrios de Kingwood y Humble, en Houston, y de todo el pa\u00eds, que conocen el sistema de referencias de Tudor y aprecian la diferencia de valor entre un Tudor vintage aut\u00e9ntico y un Rolex vintage comparable. Houston Gold Exchange gestiona los relojes vintage de la familia Rolex con el mismo rigor de autenticaci\u00f3n que las piezas modernas.<\/p>\n<p>Disponible para su inspecci\u00f3n en persona en nuestra sala de exposici\u00f3n de Houston; recomendamos encarecidamente que pruebe los relojes de buceo vintage antes de comprarlos. Se puede comprar en l\u00ednea con env\u00edo asegurado y documentaci\u00f3n completa sobre el estado del producto.<\/p>","protected":false},"excerpt":{"rendered":"<p>Tudor Submariner \u2018Lollipop\u2019 \u2014 Ref. 76100, esfera negra, cristal acr\u00edlico, brazalete Oyster, n\u00famero de serie 12****. El codiciado segundero \u2018Lollipop\u2019 hace que esta referencia sea f\u00e1cilmente reconocible para los coleccionistas de relojes de buceo vintage de todo el mundo.<\/p>","protected":false},"featured_media":45390,"template":"","meta":{"inline_featured_image":false},"product_brand":[],"product_cat":[1598,1599],"product_tag":[1608,168,1607,1808],"class_list":{"0":"post-45396","1":"product","2":"type-product","3":"status-publish","4":"has-post-thumbnail","6":"product_cat-mens-watches","7":"product_cat-rolex-luxury-watches","8":"product_tag-diver-watch","9":"product_tag-stainless-steel","10":"product_tag-submariner","11":"product_tag-tudor","13":"first","14":"instock","15":"taxable","16":"shipping-taxable","17":"purchasable","18":"product-type-simple"},"desktop_mode_lock":null,"desktop_mode_contributors":[],"_links":{"self":[{"href":"https:\/\/www.houstongoldexchange.com\/es\/wp-json\/wp\/v2\/product\/45396","targetHints":{"allow":["GET"]}}],"collection":[{"href":"https:\/\/www.houstongoldexchange.com\/es\/wp-json\/wp\/v2\/product"}],"about":[{"href":"https:\/\/www.houstongoldexchange.com\/es\/wp-json\/wp\/v2\/types\/product"}],"wp:featuredmedia":[{"embeddable":true,"href":"https:\/\/www.houstongoldexchange.com\/es\/wp-json\/wp\/v2\/media\/45390"}],"wp:attachment":[{"href":"https:\/\/www.houstongoldexchange.com\/es\/wp-json\/wp\/v2\/media?parent=45396"}],"wp:term":[{"taxonomy":"product_brand","embeddable":true,"href":"https:\/\/www.houstongoldexchange.com\/es\/wp-json\/wp\/v2\/product_brand?post=45396"},{"taxonomy":"product_cat","embeddable":true,"href":"https:\/\/www.houstongoldexchange.com\/es\/wp-json\/wp\/v2\/product_cat?post=45396"},{"taxonomy":"product_tag","embeddable":true,"href":"https:\/\/www.houstongoldexchange.com\/es\/wp-json\/wp\/v2\/product_tag?post=45396"}],"curies":[{"name":"wp","href":"https:\/\/api.w.org\/{rel}","templated":true}]}}