{"id":45397,"date":"2025-03-25T14:53:08","date_gmt":"2025-03-25T14:53:08","guid":{"rendered":"https:\/\/www.houstongoldexchange.com\/?post_type=product&#038;p=45397"},"modified":"2026-04-11T05:57:58","modified_gmt":"2026-04-11T05:57:58","slug":"rolex-datejust-36mm","status":"publish","type":"product","link":"https:\/\/www.houstongoldexchange.com\/es\/product\/luxury-watches\/mens-watches\/rolex-datejust-36mm\/","title":{"rendered":"Rolex Datejust 36mm"},"content":{"rendered":"<p>Un Rolex Datejust de 1962 es un reloj de sesenta a\u00f1os de antig\u00fcedad fabricado cuando el Datejust a\u00fan era un modelo relativamente nuevo: antes de que la lente \u00abC\u00edclope\u00bb se convirtiera en est\u00e1ndar, antes de que el cristal de zafiro sustituyera al acr\u00edlico y cuando los biseles guilloch\u00e9 eran una opci\u00f3n de fabricaci\u00f3n leg\u00edtima. Este ejemplar presenta una esfera negra con \u00edndices de diamantes dentro de una caja de acero inoxidable y un brazalete Jubilee. El cristal acr\u00edlico es de la \u00e9poca y contribuye a la est\u00e9tica vintage. No incluye caja ni documentos, lo cual es de esperar y apropiado para un modelo de 1962.<\/p>\n<p>Los compradores de relojes Datejust vintage de los barrios de Meyerland y Braeswood Place en Houston, as\u00ed como de todo el pa\u00eds, que coleccionan espec\u00edficamente modelos fabricados antes de 1970, saben que un ejemplar de 1962 en buen estado representa tanto una pieza de la historia de Rolex como un reloj en perfecto funcionamiento. Houston Gold Exchange se especializa en relojes Rolex vintage con los conocimientos espec\u00edficos que estas piezas requieren: sabemos qu\u00e9 es lo aut\u00e9ntico para cada \u00e9poca y lo describimos en consecuencia.<\/p>\n<p>Se recomienda encarecidamente realizar una inspecci\u00f3n en persona, disponible en nuestra sala de exposici\u00f3n de Houston. Se puede comprar en l\u00ednea gracias a las fotograf\u00edas detalladas del estado del veh\u00edculo y a la documentaci\u00f3n completa de los detalles observados.<\/p>","protected":false},"excerpt":{"rendered":"<p>Rolex Datejust de 36 mm, modelo vintage de 1962: acero inoxidable, esfera negra con \u00edndices de diamantes, bisel guilloch\u00e9, cristal acr\u00edlico y brazalete Jubilee. Un aut\u00e9ntico Rolex Datejust de 1962, lo que lo sit\u00faa en la \u00e9poca vintage m\u00e1s codiciada por los coleccionistas.<\/p>","protected":false},"featured_media":45391,"template":"","meta":{"inline_featured_image":false},"product_brand":[],"product_cat":[1598,1599],"product_tag":[1462,534,1621,536,168],"class_list":{"0":"post-45397","1":"product","2":"type-product","3":"status-publish","4":"has-post-thumbnail","6":"product_cat-mens-watches","7":"product_cat-rolex-luxury-watches","8":"product_tag-36mm","9":"product_tag-datejust","10":"product_tag-diamond-dial","11":"product_tag-rolex","12":"product_tag-stainless-steel","14":"first","15":"instock","16":"taxable","17":"shipping-taxable","18":"purchasable","19":"product-type-simple"},"desktop_mode_lock":null,"desktop_mode_contributors":[],"_links":{"self":[{"href":"https:\/\/www.houstongoldexchange.com\/es\/wp-json\/wp\/v2\/product\/45397","targetHints":{"allow":["GET"]}}],"collection":[{"href":"https:\/\/www.houstongoldexchange.com\/es\/wp-json\/wp\/v2\/product"}],"about":[{"href":"https:\/\/www.houstongoldexchange.com\/es\/wp-json\/wp\/v2\/types\/product"}],"wp:featuredmedia":[{"embeddable":true,"href":"https:\/\/www.houstongoldexchange.com\/es\/wp-json\/wp\/v2\/media\/45391"}],"wp:attachment":[{"href":"https:\/\/www.houstongoldexchange.com\/es\/wp-json\/wp\/v2\/media?parent=45397"}],"wp:term":[{"taxonomy":"product_brand","embeddable":true,"href":"https:\/\/www.houstongoldexchange.com\/es\/wp-json\/wp\/v2\/product_brand?post=45397"},{"taxonomy":"product_cat","embeddable":true,"href":"https:\/\/www.houstongoldexchange.com\/es\/wp-json\/wp\/v2\/product_cat?post=45397"},{"taxonomy":"product_tag","embeddable":true,"href":"https:\/\/www.houstongoldexchange.com\/es\/wp-json\/wp\/v2\/product_tag?post=45397"}],"curies":[{"name":"wp","href":"https:\/\/api.w.org\/{rel}","templated":true}]}}