{"id":45407,"date":"2025-03-25T15:54:04","date_gmt":"2025-03-25T15:54:04","guid":{"rendered":"https:\/\/www.houstongoldexchange.com\/?post_type=product&#038;p=45407"},"modified":"2026-04-11T05:57:58","modified_gmt":"2026-04-11T05:57:58","slug":"rolex-datejust-36","status":"publish","type":"product","link":"https:\/\/www.houstongoldexchange.com\/es\/product\/luxury-watches\/mens-watches\/rolex-datejust-36\/","title":{"rendered":"Rolex Datejust 36"},"content":{"rendered":"<p>La referencia 1603 es una denominaci\u00f3n vintage del Datejust \u2014anterior a la introducci\u00f3n del cristal de zafiro y del ajuste r\u00e1pido de la fecha\u2014, fabricada en una \u00e9poca en la que Rolex utilizaba oro de 14k en sus modelos bicolor, en lugar del oro de 18k que se convirti\u00f3 en el est\u00e1ndar m\u00e1s tarde. El n\u00famero de serie, que se encuentra en el rango de los 2 millones, sit\u00faa su fabricaci\u00f3n entre finales de la d\u00e9cada de 1960 y principios de la de 1970 \u2014un periodo vintage que despierta un gran inter\u00e9s entre los coleccionistas\u2014. La esfera negra con \u00edndices de diamantes, combinada con el brazalete Jubilee de eslabones ovalados, crea una combinaci\u00f3n elegante. El cristal acr\u00edlico le confiere el perfil ligeramente convexo caracter\u00edstico de su \u00e9poca. Las dimensiones de la caja, de 36 mm, se consideran ideales tanto para mu\u00f1ecas masculinas como femeninas.<\/p>\n<p>Los coleccionistas del Datejust de referencia 1603 vintage de los barrios de Tanglewood y Memorial de Houston, as\u00ed como de todo el pa\u00eds, conocen bien los matices del debate entre el oro de 14k y el de 18k, as\u00ed como las variaciones espec\u00edficas de las esferas dentro de esta referencia. En Houston Gold Exchange adquirimos relojes Rolex vintage prestando especial atenci\u00f3n a estos detalles, ya que nuestros compradores de relojes vintage exigen descripciones precisas y espec\u00edficas, en lugar de descripciones gen\u00e9ricas de relojes de segunda mano.<\/p>\n<p>Se puede ver el reloj en persona en nuestra sala de exposici\u00f3n de Houston; los Rolex vintage se benefician enormemente de una evaluaci\u00f3n presencial. Se puede comprar en l\u00ednea con fotograf\u00edas detalladas del estado del reloj, incluyendo primeros planos de la esfera y documentaci\u00f3n sobre el estado del brazalete.<\/p>","protected":false},"excerpt":{"rendered":"<p>Rolex Datejust 36 \u2014 Oro amarillo de 14k y acero inoxidable, esfera negra con \u00edndices de diamantes, cristal acr\u00edlico, brazalete Jubilee de eslabones ovalados. Referencia 1603, n\u00famero de serie aproximado: 2 millones. Un Datejust vintage de finales de la d\u00e9cada de 1960 y principios de la de 1970.<\/p>","protected":false},"featured_media":45404,"template":"","meta":{"inline_featured_image":false},"product_brand":[],"product_cat":[1598,1599],"product_tag":[198,1462,178,534,1621,163,536,168],"class_list":{"0":"post-45407","1":"product","2":"type-product","3":"status-publish","4":"has-post-thumbnail","6":"product_cat-mens-watches","7":"product_cat-rolex-luxury-watches","8":"product_tag-14k","9":"product_tag-36mm","10":"product_tag-black-dial","11":"product_tag-datejust","12":"product_tag-diamond-dial","13":"product_tag-mens","14":"product_tag-rolex","15":"product_tag-stainless-steel","17":"first","18":"instock","19":"taxable","20":"shipping-taxable","21":"purchasable","22":"product-type-simple"},"desktop_mode_lock":null,"desktop_mode_contributors":[],"_links":{"self":[{"href":"https:\/\/www.houstongoldexchange.com\/es\/wp-json\/wp\/v2\/product\/45407","targetHints":{"allow":["GET"]}}],"collection":[{"href":"https:\/\/www.houstongoldexchange.com\/es\/wp-json\/wp\/v2\/product"}],"about":[{"href":"https:\/\/www.houstongoldexchange.com\/es\/wp-json\/wp\/v2\/types\/product"}],"wp:featuredmedia":[{"embeddable":true,"href":"https:\/\/www.houstongoldexchange.com\/es\/wp-json\/wp\/v2\/media\/45404"}],"wp:attachment":[{"href":"https:\/\/www.houstongoldexchange.com\/es\/wp-json\/wp\/v2\/media?parent=45407"}],"wp:term":[{"taxonomy":"product_brand","embeddable":true,"href":"https:\/\/www.houstongoldexchange.com\/es\/wp-json\/wp\/v2\/product_brand?post=45407"},{"taxonomy":"product_cat","embeddable":true,"href":"https:\/\/www.houstongoldexchange.com\/es\/wp-json\/wp\/v2\/product_cat?post=45407"},{"taxonomy":"product_tag","embeddable":true,"href":"https:\/\/www.houstongoldexchange.com\/es\/wp-json\/wp\/v2\/product_tag?post=45407"}],"curies":[{"name":"wp","href":"https:\/\/api.w.org\/{rel}","templated":true}]}}