{"id":45408,"date":"2025-03-25T15:55:59","date_gmt":"2025-03-25T15:55:59","guid":{"rendered":"https:\/\/www.houstongoldexchange.com\/?post_type=product&#038;p=45408"},"modified":"2026-04-11T05:57:58","modified_gmt":"2026-04-11T05:57:58","slug":"rolex-lady-no-date","status":"publish","type":"product","link":"https:\/\/www.houstongoldexchange.com\/es\/product\/luxury-watches\/rolex-luxury-watches\/rolex-lady-no-date\/","title":{"rendered":"Rolex Lady Sin Fecha"},"content":{"rendered":"<p>La versi\u00f3n sin fecha de Rolex se ha ganado sus propios seguidores en el mercado de segunda mano: compradores que prefieren la limpieza de la esfera que se consigue al eliminar la ventana de la fecha, creando as\u00ed una esfera perfectamente sim\u00e9trica en la que nada compite con los \u00edndices y las manecillas. Este modelo para mujer sin fecha de 24 mm (Ref. 76080) se presenta en acero inoxidable con una esfera negra 369 \u2014la cl\u00e1sica configuraci\u00f3n con n\u00fameros ar\u00e1bigos en las posiciones tres, seis y nueve\u2014 sobre un brazalete Oyster con cristal de zafiro. Fabricado en el a\u00f1o 2000, n\u00famero de serie P9*****. Sin caja ni documentos, a un precio honesto de mercado para un ejemplar limpio y bien conservado.<\/p>\n<p>Los compradores de relojes Rolex para mujer sin fecha en las comunidades de Friendswood y Clear Lake, en Houston, as\u00ed como a nivel nacional, reflejan una preferencia espec\u00edfica entre los coleccionistas: la idea de que una esfera sin fecha ofrece un aspecto m\u00e1s limpio y visualmente equilibrado, y que las cajas de Rolex m\u00e1s peque\u00f1as, de entre 24 y 26 mm, quedan muy bien en las mu\u00f1ecas femeninas. Houston Gold Exchange mantiene un inventario activo de relojes Rolex para mujer, ya que el mercado de compra de relojes de Houston presenta una demanda significativa en esta categor\u00eda.<\/p>\n<p>Visite nuestra sala de exposici\u00f3n en Houston para probarse la caja de 24 mm en la mu\u00f1eca: la mejor forma de evaluar el tama\u00f1o de una caja de Rolex es en persona. Se puede comprar en l\u00ednea con env\u00edo asegurado a todo el pa\u00eds y descripciones detalladas del estado del producto.<\/p>","protected":false},"excerpt":{"rendered":"<p>Rolex Lady sin fecha, 24 mm: acero inoxidable, esfera negra 369, brazalete Oyster, cristal de zafiro. Referencia 76080, n\u00famero de serie P9*****, a\u00f1o 2000. Un reloj Rolex para mujer en perfecto estado, con la sencilla configuraci\u00f3n de esfera sin fecha que ha ganado su propio grupo de seguidores entre los coleccionistas.<\/p>","protected":false},"featured_media":45402,"template":"","meta":{"inline_featured_image":false},"product_brand":[],"product_cat":[1599,1600],"product_tag":[178,171,536,168],"class_list":{"0":"post-45408","1":"product","2":"type-product","3":"status-publish","4":"has-post-thumbnail","6":"product_cat-rolex-luxury-watches","7":"product_cat-womens-watches","8":"product_tag-black-dial","9":"product_tag-ladies","10":"product_tag-rolex","11":"product_tag-stainless-steel","13":"first","14":"instock","15":"taxable","16":"shipping-taxable","17":"purchasable","18":"product-type-simple"},"_links":{"self":[{"href":"https:\/\/www.houstongoldexchange.com\/es\/wp-json\/wp\/v2\/product\/45408","targetHints":{"allow":["GET"]}}],"collection":[{"href":"https:\/\/www.houstongoldexchange.com\/es\/wp-json\/wp\/v2\/product"}],"about":[{"href":"https:\/\/www.houstongoldexchange.com\/es\/wp-json\/wp\/v2\/types\/product"}],"wp:featuredmedia":[{"embeddable":true,"href":"https:\/\/www.houstongoldexchange.com\/es\/wp-json\/wp\/v2\/media\/45402"}],"wp:attachment":[{"href":"https:\/\/www.houstongoldexchange.com\/es\/wp-json\/wp\/v2\/media?parent=45408"}],"wp:term":[{"taxonomy":"product_brand","embeddable":true,"href":"https:\/\/www.houstongoldexchange.com\/es\/wp-json\/wp\/v2\/product_brand?post=45408"},{"taxonomy":"product_cat","embeddable":true,"href":"https:\/\/www.houstongoldexchange.com\/es\/wp-json\/wp\/v2\/product_cat?post=45408"},{"taxonomy":"product_tag","embeddable":true,"href":"https:\/\/www.houstongoldexchange.com\/es\/wp-json\/wp\/v2\/product_tag?post=45408"}],"curies":[{"name":"wp","href":"https:\/\/api.w.org\/{rel}","templated":true}]}}