{"id":45409,"date":"2025-03-25T15:59:14","date_gmt":"2025-03-25T15:59:14","guid":{"rendered":"https:\/\/www.houstongoldexchange.com\/?post_type=product&#038;p=45409"},"modified":"2026-04-11T05:57:59","modified_gmt":"2026-04-11T05:57:59","slug":"rolex-lady-president-26mm","status":"publish","type":"product","link":"https:\/\/www.houstongoldexchange.com\/es\/product\/relojes-de-lujo\/relojes-de-lujo-rolex\/rolex-lady-president-26mm\/","title":{"rendered":"Rolex Lady President 26mm"},"content":{"rendered":"<p>El Lady President es la m\u00e1xima expresi\u00f3n del lujo femenino de Rolex: el exclusivo brazalete President reducido a 26 mm en oro amarillo macizo de 18 quilates. Este ejemplar incorpora un bisel con diamantes de 0,88 quilates, a\u00f1adido posteriormente, a un reloj que ya de por s\u00ed llama la atenci\u00f3n; la caja y el brazalete President, ambos en oro amarillo, crean un Rolex que se destaca de inmediato. La esfera de color champ\u00e1n con diamantes completa una configuraci\u00f3n que define lo que las mujeres m\u00e1s exigentes de Houston esperan de su reloj de vestir. Fecha sin ajuste r\u00e1pido. Sin caja ni papeles. Bisel de recambio declarado y con precio correspondiente.<\/p>\n<p>El Lady President es una opci\u00f3n muy codiciada entre los compradores de relojes de lujo de River Oaks y Piney Point Village: un Rolex que transmite \u00e9xito y feminidad al mismo tiempo, ofrece una gran estabilidad en su reventa y se luce tanto como una pieza de joyer\u00eda fina como un reloj. Houston Gold Exchange gestiona habitualmente el inventario del Lady President, ya que el mercado de Houston para este modelo es amplio y constante.<\/p>\n<p>Se puede realizar una inspecci\u00f3n presencial en nuestra sala de exposici\u00f3n de Houston, donde se puede evaluar directamente la calidad del bisel de diamantes y la p\u00e1tina del oro amarillo. Se ofrece la posibilidad de compra en l\u00ednea, con un amplio \u00e1lbum de fotograf\u00edas y documentaci\u00f3n detallada que acredita la autenticidad.<\/p>","protected":false},"excerpt":{"rendered":"<p>Rolex Lady President 26 mm \u2014 Oro amarillo de 18 quilates, esfera de oro champ\u00e1n con diamantes, brazalete President, cristal de zafiro, bisel con diamantes de 0,88 quilates (peso total) de recambio. Sin ajuste r\u00e1pido. El modelo m\u00e1s exclusivo de la gama Rolex para mujer, en oro amarillo macizo con bisel de diamantes.<\/p>","protected":false},"featured_media":45400,"template":"","meta":{"inline_featured_image":false},"product_brand":[],"product_cat":[1599,1600],"product_tag":[194,196,1811,1553,536],"class_list":{"0":"post-45409","1":"product","2":"type-product","3":"status-publish","4":"has-post-thumbnail","6":"product_cat-rolex-luxury-watches","7":"product_cat-womens-watches","8":"product_tag-18k","9":"product_tag-diamonds","10":"product_tag-lady-rolex","11":"product_tag-president","12":"product_tag-rolex","14":"first","15":"instock","16":"taxable","17":"shipping-taxable","18":"purchasable","19":"product-type-simple"},"_links":{"self":[{"href":"https:\/\/www.houstongoldexchange.com\/es\/wp-json\/wp\/v2\/product\/45409","targetHints":{"allow":["GET"]}}],"collection":[{"href":"https:\/\/www.houstongoldexchange.com\/es\/wp-json\/wp\/v2\/product"}],"about":[{"href":"https:\/\/www.houstongoldexchange.com\/es\/wp-json\/wp\/v2\/types\/product"}],"wp:featuredmedia":[{"embeddable":true,"href":"https:\/\/www.houstongoldexchange.com\/es\/wp-json\/wp\/v2\/media\/45400"}],"wp:attachment":[{"href":"https:\/\/www.houstongoldexchange.com\/es\/wp-json\/wp\/v2\/media?parent=45409"}],"wp:term":[{"taxonomy":"product_brand","embeddable":true,"href":"https:\/\/www.houstongoldexchange.com\/es\/wp-json\/wp\/v2\/product_brand?post=45409"},{"taxonomy":"product_cat","embeddable":true,"href":"https:\/\/www.houstongoldexchange.com\/es\/wp-json\/wp\/v2\/product_cat?post=45409"},{"taxonomy":"product_tag","embeddable":true,"href":"https:\/\/www.houstongoldexchange.com\/es\/wp-json\/wp\/v2\/product_tag?post=45409"}],"curies":[{"name":"wp","href":"https:\/\/api.w.org\/{rel}","templated":true}]}}