{"id":45412,"date":"2025-03-25T18:23:15","date_gmt":"2025-03-25T18:23:15","guid":{"rendered":"https:\/\/www.houstongoldexchange.com\/?post_type=product&#038;p=45412"},"modified":"2026-04-11T05:57:59","modified_gmt":"2026-04-11T05:57:59","slug":"rolex-lady-date-25mm","status":"publish","type":"product","link":"https:\/\/www.houstongoldexchange.com\/es\/product\/luxury-watches\/rolex-luxury-watches\/rolex-lady-date-25mm\/","title":{"rendered":"Rolex Lady Date 25mm"},"content":{"rendered":"<p>El Rolex Lady Date en oro de 18 quilates y acero inoxidable con brazalete Oyster es un ejemplo perfecto de la f\u00f3rmula de Rolex en un tama\u00f1o de caja m\u00e1s peque\u00f1o: la misma aplicaci\u00f3n proporcional de oro, la misma funci\u00f3n de fecha en una caja de 25 mm que se adapta a mu\u00f1ecas delicadas con las proporciones exactas. La referencia 6917 es un modelo ic\u00f3nico para mujer; el n\u00famero de serie 7.5M indica que se fabric\u00f3 en 1983. El cristal acr\u00edlico le confiere la calidad caracter\u00edstica de las lentes de la \u00e9poca, que los compradores de Rolex vintage consideran una caracter\u00edstica, no un defecto. Brazalete Oyster de construcci\u00f3n s\u00f3lida. Sin caja ni papeles.<\/p>\n<p>Los relojes Lady Date vintage de dos tonos atraen a compradores que valoran la relaci\u00f3n calidad-precio de Rolex: la calidez de los metales preciosos y la practicidad del acero inoxidable en una caja Oyster vintage que ha demostrado su durabilidad a lo largo de cuatro d\u00e9cadas. Los clientes de las comunidades de Champions Forest y Gleannloch Farms, en Houston, as\u00ed como de todo el pa\u00eds, que compran Rolex de segunda mano, saben que los modelos vintage de dos tonos ofrecen un valor significativo en comparaci\u00f3n con los equivalentes de nueva fabricaci\u00f3n.<\/p>\n<p>Visite nuestra sala de exposici\u00f3n en Houston para ver el art\u00edculo en persona: el estado de la correa y el desgaste de la caja de las piezas vintage se eval\u00faan mejor en persona. Se puede comprar en l\u00ednea con documentaci\u00f3n completa sobre el estado del art\u00edculo y env\u00edo asegurado.<\/p>","protected":false},"excerpt":{"rendered":"<p>Rolex Lady Date 25 mm \u2014 Oro amarillo de 18 quilates y acero inoxidable, esfera con \u00edndices plateados, brazalete Oyster, cristal acr\u00edlico. Sin ajuste r\u00e1pido. Referencia 6917, n\u00famero de serie 7.5M. Un cl\u00e1sico Rolex Lady Date bicolor con la configuraci\u00f3n vintage de la caja Oyster.<\/p>","protected":false},"featured_media":45401,"template":"","meta":{"inline_featured_image":false},"product_brand":[],"product_cat":[1599,1600],"product_tag":[194,1813,1812,168,344],"class_list":{"0":"post-45412","1":"product","2":"type-product","3":"status-publish","4":"has-post-thumbnail","6":"product_cat-rolex-luxury-watches","7":"product_cat-womens-watches","8":"product_tag-18k","9":"product_tag-lady-date","10":"product_tag-rolex-date","11":"product_tag-stainless-steel","12":"product_tag-vintage","14":"first","15":"instock","16":"taxable","17":"shipping-taxable","18":"purchasable","19":"product-type-simple"},"desktop_mode_lock":null,"desktop_mode_contributors":[],"_links":{"self":[{"href":"https:\/\/www.houstongoldexchange.com\/es\/wp-json\/wp\/v2\/product\/45412","targetHints":{"allow":["GET"]}}],"collection":[{"href":"https:\/\/www.houstongoldexchange.com\/es\/wp-json\/wp\/v2\/product"}],"about":[{"href":"https:\/\/www.houstongoldexchange.com\/es\/wp-json\/wp\/v2\/types\/product"}],"wp:featuredmedia":[{"embeddable":true,"href":"https:\/\/www.houstongoldexchange.com\/es\/wp-json\/wp\/v2\/media\/45401"}],"wp:attachment":[{"href":"https:\/\/www.houstongoldexchange.com\/es\/wp-json\/wp\/v2\/media?parent=45412"}],"wp:term":[{"taxonomy":"product_brand","embeddable":true,"href":"https:\/\/www.houstongoldexchange.com\/es\/wp-json\/wp\/v2\/product_brand?post=45412"},{"taxonomy":"product_cat","embeddable":true,"href":"https:\/\/www.houstongoldexchange.com\/es\/wp-json\/wp\/v2\/product_cat?post=45412"},{"taxonomy":"product_tag","embeddable":true,"href":"https:\/\/www.houstongoldexchange.com\/es\/wp-json\/wp\/v2\/product_tag?post=45412"}],"curies":[{"name":"wp","href":"https:\/\/api.w.org\/{rel}","templated":true}]}}