{"id":45414,"date":"2025-03-25T18:26:31","date_gmt":"2025-03-25T18:26:31","guid":{"rendered":"https:\/\/www.houstongoldexchange.com\/?post_type=product&#038;p=45414"},"modified":"2026-04-11T05:57:59","modified_gmt":"2026-04-11T05:57:59","slug":"rolex-lady-datejust-26mm","status":"publish","type":"product","link":"https:\/\/www.houstongoldexchange.com\/es\/product\/luxury-watches\/rolex-luxury-watches\/rolex-lady-datejust-26mm\/","title":{"rendered":"Rolex Lady Datejust 26mm"},"content":{"rendered":"<p>La transici\u00f3n de la fecha sin ajuste r\u00e1pido a la de ajuste r\u00e1pido en la producci\u00f3n de Rolex supuso una mejora significativa en la calidad de uso, y este Lady Datejust Ref. 69173 (n\u00famero de serie 9.7M) representa esa funcionalidad moderna en la cl\u00e1sica configuraci\u00f3n bicolor. La combinaci\u00f3n de oro de 18 quilates y acero inoxidable, junto con la esfera con \u00edndices color champ\u00e1n y el cristal de zafiro, da como resultado un Lady Datejust que se percibe como un reloj actual a pesar de ser de segunda mano. Brazalete Jubilee. Sin caja ni papeles; referencia y n\u00famero de serie documentados.<\/p>\n<p>Los compradores del Lady Datejust Quickset en las comunidades de Bellaire y Southside Place de Houston, as\u00ed como en todo el pa\u00eds, suelen buscar espec\u00edficamente la configuraci\u00f3n Quickset por su practicidad y su a\u00f1o de fabricaci\u00f3n relativamente reciente. El inventario de Lady Datejust bicolor de Houston Gold Exchange incluye tanto modelos Quickset como no Quickset, lo que permite a los compradores elegir su configuraci\u00f3n y rango de precios preferidos. Describimos ambos con claridad y honestidad.<\/p>\n<p>Disponible para su evaluaci\u00f3n en persona en nuestra sala de exposici\u00f3n de Houston o para su compra en l\u00ednea con env\u00edo asegurado. Le proporcionaremos fotograf\u00edas del estado de la correa y primeros planos de la esfera antes de que confirme la compra.<\/p>","protected":false},"excerpt":{"rendered":"<p>Rolex Lady Datejust 26 mm \u2014 Oro amarillo de 18 quilates y acero inoxidable, esfera con \u00edndices color champ\u00e1n, cristal de zafiro, fecha de ajuste r\u00e1pido, brazalete Jubilee. Referencia 69173, n\u00famero de serie 9.7M. Un Lady Datejust bicolor con fecha de ajuste r\u00e1pido que cuenta con la pr\u00e1ctica funci\u00f3n de avance de la fecha de la que carecen los modelos sin esta caracter\u00edstica.<\/p>","protected":false},"featured_media":45393,"template":"","meta":{"inline_featured_image":false},"product_brand":[],"product_cat":[1599,1600],"product_tag":[194,1807,1554,1814,168],"class_list":{"0":"post-45414","1":"product","2":"type-product","3":"status-publish","4":"has-post-thumbnail","6":"product_cat-rolex-luxury-watches","7":"product_cat-womens-watches","8":"product_tag-18k","9":"product_tag-26mm","10":"product_tag-lady-datejust","11":"product_tag-rolex-datejust","12":"product_tag-stainless-steel","14":"first","15":"instock","16":"taxable","17":"shipping-taxable","18":"purchasable","19":"product-type-simple"},"desktop_mode_lock":null,"desktop_mode_contributors":[],"_links":{"self":[{"href":"https:\/\/www.houstongoldexchange.com\/es\/wp-json\/wp\/v2\/product\/45414","targetHints":{"allow":["GET"]}}],"collection":[{"href":"https:\/\/www.houstongoldexchange.com\/es\/wp-json\/wp\/v2\/product"}],"about":[{"href":"https:\/\/www.houstongoldexchange.com\/es\/wp-json\/wp\/v2\/types\/product"}],"wp:featuredmedia":[{"embeddable":true,"href":"https:\/\/www.houstongoldexchange.com\/es\/wp-json\/wp\/v2\/media\/45393"}],"wp:attachment":[{"href":"https:\/\/www.houstongoldexchange.com\/es\/wp-json\/wp\/v2\/media?parent=45414"}],"wp:term":[{"taxonomy":"product_brand","embeddable":true,"href":"https:\/\/www.houstongoldexchange.com\/es\/wp-json\/wp\/v2\/product_brand?post=45414"},{"taxonomy":"product_cat","embeddable":true,"href":"https:\/\/www.houstongoldexchange.com\/es\/wp-json\/wp\/v2\/product_cat?post=45414"},{"taxonomy":"product_tag","embeddable":true,"href":"https:\/\/www.houstongoldexchange.com\/es\/wp-json\/wp\/v2\/product_tag?post=45414"}],"curies":[{"name":"wp","href":"https:\/\/api.w.org\/{rel}","templated":true}]}}