{"id":45435,"date":"2025-03-25T19:02:47","date_gmt":"2025-03-25T19:02:47","guid":{"rendered":"https:\/\/www.houstongoldexchange.com\/?post_type=product&#038;p=45435"},"modified":"2026-04-11T05:57:59","modified_gmt":"2026-04-11T05:57:59","slug":"rolex-lady-president","status":"publish","type":"product","link":"https:\/\/www.houstongoldexchange.com\/es\/product\/luxury-watches\/rolex-luxury-watches\/rolex-lady-president\/","title":{"rendered":"Rolex Lady President"},"content":{"rendered":"<p>Hay dos caracter\u00edsticas que hacen que este Lady President de 1979 sea especialmente notable entre los coleccionistas: la esfera de diamantes rosas y el brazalete President con textura \u00abbark\u00bb de f\u00e1brica. La textura \u00abbark\u00bb \u2014aplicada a los eslabones del brazalete mediante un tratamiento de superficie martillado e irregular\u2014 es una opci\u00f3n de acabado de f\u00e1brica que Rolex ofrec\u00eda a finales de la d\u00e9cada de 1970 y que ahora es muy buscada por los coleccionistas que reconocen su rareza. En combinaci\u00f3n con el rosa suave de la esfera de diamantes de f\u00e1brica, esto da lugar a un Lady President con un car\u00e1cter distintivamente femenino y espec\u00edfico de la \u00e9poca. Referencia 6927, n\u00famero de serie 6.4M, a\u00f1o 1979. Sin caja ni papeles.<\/p>\n<p>Las pulseras \u00abLady Presidents\u00bb con textura de corteza constituyen una categor\u00eda de coleccionismo muy conocida: los compradores de los barrios de River Oaks y Tanglewood, en Houston, as\u00ed como de todo el pa\u00eds, que buscan espec\u00edficamente esta textura saben que estos ejemplares alcanzan precios elevados y que rara vez salen al mercado. Houston Gold Exchange fotograf\u00eda espec\u00edficamente la textura de la corteza para documentar su estado y autenticidad.<\/p>\n<p>Se recomienda encarecidamente realizar una inspecci\u00f3n en persona, disponible en nuestra sala de exposici\u00f3n de Houston. La textura de la corteza y la esfera rosa se aprecian mejor en persona. Se puede comprar en l\u00ednea con un \u00e1lbum fotogr\u00e1fico completo y documentaci\u00f3n que acredita la autenticidad.<\/p>","protected":false},"excerpt":{"rendered":"<p>Rolex Lady President 26 mm \u2014 Oro amarillo de 18 quilates, esfera con diamantes rosas, brazalete President de f\u00e1brica con textura de corteza. Referencia 6927, sin ajuste r\u00e1pido, a\u00f1o 1979, n\u00famero de serie 6.4M. Un President de f\u00e1brica con esfera rosa y el exclusivo brazalete con textura de corteza que los coleccionistas buscan espec\u00edficamente.<\/p>","protected":false},"featured_media":45427,"template":"","meta":{"inline_featured_image":false},"product_brand":[],"product_cat":[1599,1600],"product_tag":[194,196,1818,1819,1553,536],"class_list":{"0":"post-45435","1":"product","2":"type-product","3":"status-publish","4":"has-post-thumbnail","6":"product_cat-rolex-luxury-watches","7":"product_cat-womens-watches","8":"product_tag-18k","9":"product_tag-diamonds","10":"product_tag-ladies-datejust","11":"product_tag-pink-dial","12":"product_tag-president","13":"product_tag-rolex","15":"first","16":"instock","17":"taxable","18":"shipping-taxable","19":"purchasable","20":"product-type-simple"},"_links":{"self":[{"href":"https:\/\/www.houstongoldexchange.com\/es\/wp-json\/wp\/v2\/product\/45435","targetHints":{"allow":["GET"]}}],"collection":[{"href":"https:\/\/www.houstongoldexchange.com\/es\/wp-json\/wp\/v2\/product"}],"about":[{"href":"https:\/\/www.houstongoldexchange.com\/es\/wp-json\/wp\/v2\/types\/product"}],"wp:featuredmedia":[{"embeddable":true,"href":"https:\/\/www.houstongoldexchange.com\/es\/wp-json\/wp\/v2\/media\/45427"}],"wp:attachment":[{"href":"https:\/\/www.houstongoldexchange.com\/es\/wp-json\/wp\/v2\/media?parent=45435"}],"wp:term":[{"taxonomy":"product_brand","embeddable":true,"href":"https:\/\/www.houstongoldexchange.com\/es\/wp-json\/wp\/v2\/product_brand?post=45435"},{"taxonomy":"product_cat","embeddable":true,"href":"https:\/\/www.houstongoldexchange.com\/es\/wp-json\/wp\/v2\/product_cat?post=45435"},{"taxonomy":"product_tag","embeddable":true,"href":"https:\/\/www.houstongoldexchange.com\/es\/wp-json\/wp\/v2\/product_tag?post=45435"}],"curies":[{"name":"wp","href":"https:\/\/api.w.org\/{rel}","templated":true}]}}