{"id":45436,"date":"2025-03-25T19:04:58","date_gmt":"2025-03-25T19:04:58","guid":{"rendered":"https:\/\/www.houstongoldexchange.com\/?post_type=product&#038;p=45436"},"modified":"2026-04-11T05:57:59","modified_gmt":"2026-04-11T05:57:59","slug":"rolex-lady-date","status":"publish","type":"product","link":"https:\/\/www.houstongoldexchange.com\/es\/product\/luxury-watches\/rolex-luxury-watches\/rolex-lady-date\/","title":{"rendered":"Rolex Lady Date"},"content":{"rendered":"<p>El bisel de diamantes de recambio es una personalizaci\u00f3n habitual y leg\u00edtima en los relojes Rolex de mujer vintage: aporta un toque de joyer\u00eda a un reloj que, en su configuraci\u00f3n original, se percibe principalmente como un simple reloj. Este Lady Date de acero inoxidable de 1979 (Ref. 6916) cuenta con un bisel de diamantes de recambio de 0,75 quilates, lo cual se indica y se valora en consecuencia en comparaci\u00f3n con un ejemplar con bisel de f\u00e1brica. Esfera con \u00edndices negros en brazalete Jubilee con cristal acr\u00edlico de la \u00e9poca, acorde con la producci\u00f3n de 1979. La calidad b\u00e1sica de Rolex no ha cambiado: la adici\u00f3n del bisel es una mejora est\u00e9tica, no una alteraci\u00f3n estructural.<\/p>\n<p>Los compradores de las comunidades de Sugar Land y Missouri City, en Houston, as\u00ed como de todo el pa\u00eds, que buscan un reloj Rolex de mujer de estilo vintage con un toque de joyer\u00eda a un precio inferior al de los modelos de f\u00e1brica con bisel de diamantes, consideran que la configuraci\u00f3n de bisel de diamantes del mercado de accesorios es una opci\u00f3n v\u00e1lida y atractiva. Houston Gold Exchange informa siempre de las modificaciones realizadas en el mercado de accesorios, ya que la descripci\u00f3n precisa es la base de nuestra reputaci\u00f3n.<\/p>\n<p>Visite nuestra sala de exposici\u00f3n en Houston para evaluar en persona la calidad del bisel de diamantes y el estado general del reloj. Se ofrece la posibilidad de comprar en l\u00ednea, con fotograf\u00edas detalladas del estado del producto y informaci\u00f3n completa sobre todas las modificaciones realizadas.<\/p>","protected":false},"excerpt":{"rendered":"<p>Rolex Lady Date de 25 mm: acero inoxidable, esfera con \u00edndices negros, bisel con diamantes de recambio de 0,75 quilates en total, brazalete Jubilee y cristal acr\u00edlico. Referencia 6916, a\u00f1o 1979. Un Lady Date vintage de acero inoxidable con un bisel adornado con diamantes que aporta un toque joyero a la forma Oyster.<\/p>","protected":false},"featured_media":45426,"template":"","meta":{"inline_featured_image":false},"product_brand":[],"product_cat":[1599,1600],"product_tag":[1820,1821,535,171,536],"class_list":{"0":"post-45436","1":"product","2":"type-product","3":"status-publish","4":"has-post-thumbnail","6":"product_cat-rolex-luxury-watches","7":"product_cat-womens-watches","8":"product_tag-date","9":"product_tag-diamond-bezel","10":"product_tag-jubilee","11":"product_tag-ladies","12":"product_tag-rolex","14":"first","15":"instock","16":"taxable","17":"shipping-taxable","18":"purchasable","19":"product-type-simple"},"desktop_mode_lock":null,"desktop_mode_contributors":[],"_links":{"self":[{"href":"https:\/\/www.houstongoldexchange.com\/es\/wp-json\/wp\/v2\/product\/45436","targetHints":{"allow":["GET"]}}],"collection":[{"href":"https:\/\/www.houstongoldexchange.com\/es\/wp-json\/wp\/v2\/product"}],"about":[{"href":"https:\/\/www.houstongoldexchange.com\/es\/wp-json\/wp\/v2\/types\/product"}],"wp:featuredmedia":[{"embeddable":true,"href":"https:\/\/www.houstongoldexchange.com\/es\/wp-json\/wp\/v2\/media\/45426"}],"wp:attachment":[{"href":"https:\/\/www.houstongoldexchange.com\/es\/wp-json\/wp\/v2\/media?parent=45436"}],"wp:term":[{"taxonomy":"product_brand","embeddable":true,"href":"https:\/\/www.houstongoldexchange.com\/es\/wp-json\/wp\/v2\/product_brand?post=45436"},{"taxonomy":"product_cat","embeddable":true,"href":"https:\/\/www.houstongoldexchange.com\/es\/wp-json\/wp\/v2\/product_cat?post=45436"},{"taxonomy":"product_tag","embeddable":true,"href":"https:\/\/www.houstongoldexchange.com\/es\/wp-json\/wp\/v2\/product_tag?post=45436"}],"curies":[{"name":"wp","href":"https:\/\/api.w.org\/{rel}","templated":true}]}}