{"id":45438,"date":"-0001-11-30T00:00:00","date_gmt":"-0001-11-30T00:00:00","guid":{"rendered":""},"modified":"-0001-11-30T00:00:00","modified_gmt":"-0001-11-30T00:00:00","slug":"rolex-lady-president-2","status":"publish","type":"product","link":"https:\/\/www.houstongoldexchange.com\/es\/product\/luxury-watches\/rolex-luxury-watches\/rolex-lady-president-2\/","title":{"rendered":"Rolex Lady President"},"content":{"rendered":"<p>Un Lady President de 1973 con su hebilla original es una configuraci\u00f3n especialmente codiciada entre los coleccionistas de Rolex vintage. La hebilla desplegable original del brazalete President es uno de los componentes que con mayor frecuencia se pierden o se reemplazan en los modelos vintage, por lo que encontrar uno intacto a\u00f1ade un aut\u00e9ntico valor de colecci\u00f3n m\u00e1s all\u00e1 del propio reloj. Este President de oro amarillo de 18 quilates (n\u00famero de serie 3.9M, a\u00f1o 1973) presenta una esfera con \u00edndices plateados, cristal acr\u00edlico de la \u00e9poca, correspondiente a 1973, y esa hebilla original intacta que lo distingue de otros ejemplares equivalentes que carecen del cierre original. Referencia 6917. Sin caja ni documentos.<\/p>\n<p>Las relojes \u00abLady President\u00bb con hebilla original atraen a los coleccionistas de Rolex m\u00e1s exigentes en cuanto a los detalles de los barrios de Bunker Hill Village y Hedwig Village de Houston, as\u00ed como a nivel nacional: compradores que consideran que la integridad del brazalete es un componente del valor de los relojes vintage y que prestan especial atenci\u00f3n a si los cierres son originales o de repuesto. Houston Gold Exchange fotograf\u00eda los componentes del brazalete precisamente por este motivo.<\/p>\n<p>Se puede realizar una inspecci\u00f3n presencial en nuestra sala de exposici\u00f3n de Houston para examinar la hebilla original y el estado general del reloj. Se ofrece la posibilidad de compra en l\u00ednea con env\u00edo asegurado y documentaci\u00f3n completa de la correa.<\/p>","protected":false},"excerpt":{"rendered":"<p>A 1973 Lady President with its original buckle is a specifically desirable configuration in vintage Rolex collecting. The President bracelet&#8217;s original deployant buckle or clasp is among the most frequently lost or replaced components on vintage examples \u2014 and finding one intact adds genuine collector value beyond the watch itself. This 18K yellow gold President [&#8230;]\n","protected":false},"featured_media":45422,"template":"","meta":{"inline_featured_image":false},"product_brand":[],"product_cat":[1599,1600],"product_tag":[194,1824,536,1641,344],"class_list":{"0":"post-45438","1":"product","2":"type-product","3":"status-publish","4":"has-post-thumbnail","6":"product_cat-rolex-luxury-watches","7":"product_cat-womens-watches","8":"product_tag-18k","9":"product_tag-lady-president","10":"product_tag-rolex","11":"product_tag-silver-dial","12":"product_tag-vintage","14":"first","15":"instock","16":"taxable","17":"shipping-taxable","18":"purchasable","19":"product-type-simple"},"desktop_mode_lock":null,"desktop_mode_contributors":[{"userId":2,"userName":"Donald","userAvatarUrl":"\/\/www.houstongoldexchange.com\/_tara\/avatar\/52e031c0161d7044b0b4254aa258ccb0.jpg?ver=1777781247"}],"_links":{"self":[{"href":"https:\/\/www.houstongoldexchange.com\/es\/wp-json\/wp\/v2\/product\/45438","targetHints":{"allow":["GET"]}}],"collection":[{"href":"https:\/\/www.houstongoldexchange.com\/es\/wp-json\/wp\/v2\/product"}],"about":[{"href":"https:\/\/www.houstongoldexchange.com\/es\/wp-json\/wp\/v2\/types\/product"}],"wp:featuredmedia":[{"embeddable":true,"href":"https:\/\/www.houstongoldexchange.com\/es\/wp-json\/wp\/v2\/media\/45422"}],"wp:attachment":[{"href":"https:\/\/www.houstongoldexchange.com\/es\/wp-json\/wp\/v2\/media?parent=45438"}],"wp:term":[{"taxonomy":"product_brand","embeddable":true,"href":"https:\/\/www.houstongoldexchange.com\/es\/wp-json\/wp\/v2\/product_brand?post=45438"},{"taxonomy":"product_cat","embeddable":true,"href":"https:\/\/www.houstongoldexchange.com\/es\/wp-json\/wp\/v2\/product_cat?post=45438"},{"taxonomy":"product_tag","embeddable":true,"href":"https:\/\/www.houstongoldexchange.com\/es\/wp-json\/wp\/v2\/product_tag?post=45438"}],"curies":[{"name":"wp","href":"https:\/\/api.w.org\/{rel}","templated":true}]}}