{"id":45440,"date":"2025-03-26T15:05:46","date_gmt":"2025-03-26T15:05:46","guid":{"rendered":"https:\/\/www.houstongoldexchange.com\/?post_type=product&#038;p=45440"},"modified":"2026-04-11T05:57:59","modified_gmt":"2026-04-11T05:57:59","slug":"rolex-lady-date-2","status":"publish","type":"product","link":"https:\/\/www.houstongoldexchange.com\/es\/product\/luxury-watches\/rolex-luxury-watches\/rolex-lady-date-2\/","title":{"rendered":"Rolex Lady Date"},"content":{"rendered":"<p>Un Rolex de 1969 representa m\u00e1s de 55 a\u00f1os de funcionamiento mec\u00e1nico, lo que da fe de la calidad de la relojer\u00eda suiza, algo que los movimientos de cuarzo fabricados en serie no pueden igualar. Este Lady Date de acero inoxidable (Ref. 6917, n.\u00ba de serie 2.8M) presenta una esfera limpia con \u00edndices plateados y un brazalete Jubilee propio de la \u00e9poca; el cristal acr\u00edlico le confiere el perfil vintage caracter\u00edstico de su \u00e9poca. La fecha sin ajuste r\u00e1pido es est\u00e1ndar en este periodo de producci\u00f3n. Con m\u00e1s de 55 a\u00f1os de antig\u00fcedad y en perfecto estado de funcionamiento, este reloj es a la vez una pieza de colecci\u00f3n vintage y un instrumento de precisi\u00f3n en funcionamiento. Sin caja ni papeles; la documentaci\u00f3n se basa en el n\u00famero de serie y la referencia.<\/p>\n<p>Los relojes Rolex Date para mujer de 1969 atraen a coleccionistas de las comunidades de Atascocita y Fall Creek, en Houston, as\u00ed como de todo el pa\u00eds, que aprecian el car\u00e1cter distintivo de la producci\u00f3n de Rolex de finales de la d\u00e9cada de 1960. Houston Gold Exchange fecha y autentifica los Rolex vintage mediante la investigaci\u00f3n del n\u00famero de serie y la verificaci\u00f3n de las caracter\u00edsticas propias de la \u00e9poca antes de ponerlos a la venta.<\/p>\n<p>Visite nuestra sala de exposici\u00f3n en Houston para descubrir en primera persona la calidad artesanal de un Rolex de 1969. Se puede comprar en l\u00ednea con documentaci\u00f3n detallada sobre el estado del reloj vintage y env\u00edo asegurado.<\/p>","protected":false},"excerpt":{"rendered":"<p>Rolex Lady Date 25 mm: acero inoxidable, esfera con \u00edndices plateados, brazalete Jubilee, cristal acr\u00edlico, sin ajuste r\u00e1pido. Referencia 6917, n\u00famero de serie 2.8M, a\u00f1o 1969. Un Rolex de 1969 \u2014con m\u00e1s de 55 a\u00f1os de funcionamiento ininterrumpido\u2014 que representa lo que realmente significa la calidad mec\u00e1nica suiza.<\/p>","protected":false},"featured_media":45421,"template":"","meta":{"inline_featured_image":false},"product_brand":[],"product_cat":[1599,1600],"product_tag":[1820,171,536,1641,168],"class_list":{"0":"post-45440","1":"product","2":"type-product","3":"status-publish","4":"has-post-thumbnail","6":"product_cat-rolex-luxury-watches","7":"product_cat-womens-watches","8":"product_tag-date","9":"product_tag-ladies","10":"product_tag-rolex","11":"product_tag-silver-dial","12":"product_tag-stainless-steel","14":"first","15":"instock","16":"taxable","17":"shipping-taxable","18":"purchasable","19":"product-type-simple"},"desktop_mode_lock":null,"desktop_mode_contributors":[],"_links":{"self":[{"href":"https:\/\/www.houstongoldexchange.com\/es\/wp-json\/wp\/v2\/product\/45440","targetHints":{"allow":["GET"]}}],"collection":[{"href":"https:\/\/www.houstongoldexchange.com\/es\/wp-json\/wp\/v2\/product"}],"about":[{"href":"https:\/\/www.houstongoldexchange.com\/es\/wp-json\/wp\/v2\/types\/product"}],"wp:featuredmedia":[{"embeddable":true,"href":"https:\/\/www.houstongoldexchange.com\/es\/wp-json\/wp\/v2\/media\/45421"}],"wp:attachment":[{"href":"https:\/\/www.houstongoldexchange.com\/es\/wp-json\/wp\/v2\/media?parent=45440"}],"wp:term":[{"taxonomy":"product_brand","embeddable":true,"href":"https:\/\/www.houstongoldexchange.com\/es\/wp-json\/wp\/v2\/product_brand?post=45440"},{"taxonomy":"product_cat","embeddable":true,"href":"https:\/\/www.houstongoldexchange.com\/es\/wp-json\/wp\/v2\/product_cat?post=45440"},{"taxonomy":"product_tag","embeddable":true,"href":"https:\/\/www.houstongoldexchange.com\/es\/wp-json\/wp\/v2\/product_tag?post=45440"}],"curies":[{"name":"wp","href":"https:\/\/api.w.org\/{rel}","templated":true}]}}