{"id":45441,"date":"2025-03-26T15:41:46","date_gmt":"2025-03-26T15:41:46","guid":{"rendered":"https:\/\/www.houstongoldexchange.com\/?post_type=product&#038;p=45441"},"modified":"2026-04-11T05:57:59","modified_gmt":"2026-04-11T05:57:59","slug":"piaget-clou-de-paris-18k","status":"publish","type":"product","link":"https:\/\/www.houstongoldexchange.com\/es\/product\/luxury-watches\/mens-watches\/piaget-clou-de-paris-18k\/","title":{"rendered":"Piaget Clou de Paris 18K"},"content":{"rendered":"<p>El \u00abClou de Paris\u00bb \u2014o \u00abclavo de Par\u00eds\u00bb\u2014 es la textura superficial caracter\u00edstica de Piaget: un motivo piramidal repetido aplicado a las superficies met\u00e1licas que crea el brillo distintivo de las piezas m\u00e1s emblem\u00e1ticas de Piaget. En este reloj autom\u00e1tico para hombre de oro blanco de 18 quilates de la d\u00e9cada de 1970, esa textura recubre los eslabones del brazalete con la configuraci\u00f3n de la \u00e9poca que convirti\u00f3 a Piaget en sin\u00f3nimo de relojer\u00eda de lujo, en la encrucijada entre la relojer\u00eda y la alta joyer\u00eda. La esfera con n\u00fameros romanos en la caja de la \u00e9poca transmite la elegancia cl\u00e1sica europea que Piaget cultiv\u00f3 en esta \u00e9poca. Referencia 12441 C4, movimiento autom\u00e1tico: una aut\u00e9ntica pieza de la relojer\u00eda de lujo suiza de los a\u00f1os 70.<\/p>\n<p>Los coleccionistas de Piaget Clou de Paris se encuentran entre los compradores de relojes m\u00e1s exigentes en cuanto al dise\u00f1o: se trata de clientes de los barrios de Upper Kirby y Museum District de Houston, as\u00ed como de todo el pa\u00eds, que coleccionan relojes suizos tanto por su car\u00e1cter est\u00e9tico como por su ingenier\u00eda relojera. En esta \u00e9poca, Piaget fabricaba relojes que realmente encajan tanto en una colecci\u00f3n de relojes como en una de joyer\u00eda, y Houston Gold Exchange los trata en consecuencia.<\/p>\n<p>Disponible para su visualizaci\u00f3n en persona en nuestra sala de exposici\u00f3n de Houston, donde se puede apreciar la textura \u00abClou de Paris\u00bb bajo una iluminaci\u00f3n adecuada. Se puede comprar en l\u00ednea con env\u00edo asegurado a todo el pa\u00eds y fotograf\u00edas detalladas del estado del producto.<\/p>","protected":false},"excerpt":{"rendered":"<p>Reloj autom\u00e1tico para hombre Piaget Clou de Paris de oro blanco de 18 quilates: brazalete con textura de clavo de zapato, esfera con n\u00fameros romanos. Referencia 12441 C4, fabricado en la d\u00e9cada de 1970. Un Piaget vintage con la ic\u00f3nica textura Clou de Paris, que define el lenguaje de dise\u00f1o m\u00e1s reconocido de la marca.<\/p>","protected":false},"featured_media":45430,"template":"","meta":{"inline_featured_image":false},"product_brand":[],"product_cat":[1597,1598],"product_tag":[228,1828,1826,1825,1827],"class_list":{"0":"post-45441","1":"product","2":"type-product","3":"status-publish","4":"has-post-thumbnail","6":"product_cat-luxury-watches","7":"product_cat-mens-watches","8":"product_tag-18k-white-gold","9":"product_tag-automatic-movement","10":"product_tag-clou-de-paris","11":"product_tag-paiget","12":"product_tag-roman-numberals","14":"first","15":"instock","16":"taxable","17":"shipping-taxable","18":"purchasable","19":"product-type-simple"},"desktop_mode_lock":null,"desktop_mode_contributors":[],"_links":{"self":[{"href":"https:\/\/www.houstongoldexchange.com\/es\/wp-json\/wp\/v2\/product\/45441","targetHints":{"allow":["GET"]}}],"collection":[{"href":"https:\/\/www.houstongoldexchange.com\/es\/wp-json\/wp\/v2\/product"}],"about":[{"href":"https:\/\/www.houstongoldexchange.com\/es\/wp-json\/wp\/v2\/types\/product"}],"wp:featuredmedia":[{"embeddable":true,"href":"https:\/\/www.houstongoldexchange.com\/es\/wp-json\/wp\/v2\/media\/45430"}],"wp:attachment":[{"href":"https:\/\/www.houstongoldexchange.com\/es\/wp-json\/wp\/v2\/media?parent=45441"}],"wp:term":[{"taxonomy":"product_brand","embeddable":true,"href":"https:\/\/www.houstongoldexchange.com\/es\/wp-json\/wp\/v2\/product_brand?post=45441"},{"taxonomy":"product_cat","embeddable":true,"href":"https:\/\/www.houstongoldexchange.com\/es\/wp-json\/wp\/v2\/product_cat?post=45441"},{"taxonomy":"product_tag","embeddable":true,"href":"https:\/\/www.houstongoldexchange.com\/es\/wp-json\/wp\/v2\/product_tag?post=45441"}],"curies":[{"name":"wp","href":"https:\/\/api.w.org\/{rel}","templated":true}]}}