{"id":45443,"date":"2025-03-26T15:49:43","date_gmt":"2025-03-26T15:49:43","guid":{"rendered":"https:\/\/www.houstongoldexchange.com\/?post_type=product&#038;p=45443"},"modified":"2026-04-11T05:57:59","modified_gmt":"2026-04-11T05:57:59","slug":"14k-concord-classic","status":"publish","type":"product","link":"https:\/\/www.houstongoldexchange.com\/es\/product\/luxury-watches\/mens-watches\/14k-concord-classic\/","title":{"rendered":"Concord Classic de 14 quilates"},"content":{"rendered":"<p>La colecci\u00f3n Classic de Concord representa una de las propuestas m\u00e1s infravaloradas en el mercado de relojes de lujo de segunda mano: caja y brazalete de oro amarillo macizo de 14 quilates con movimiento de cuarzo suizo y la refinada ejecuci\u00f3n de la esfera con n\u00fameros romanos que el nombre \u00abClassic\u00bb implica, a precios de mercado secundario que reflejan el menor reconocimiento de la marca Concord m\u00e1s que una disminuci\u00f3n en la calidad de los materiales. Este ejemplar de 2007 (Ref. 28-14-268) se presenta en oro amarillo macizo de 14k con una esfera de n\u00fameros romanos blancos y funci\u00f3n de fecha: una esfera de reloj limpia y cl\u00e1sica que se percibe como genuinamente refinada.<\/p>\n<p>Los compradores de relojes Concord en las comunidades de Champions Forest y Gleannloch Farms de Houston, as\u00ed como en todo el pa\u00eds, que entienden que la calidad de un reloj de oro macizo no necesita la marca Rolex para ser aut\u00e9ntica, encuentran irresistible el inventario de Concord de Houston Gold Exchange. Fabricado en oro macizo de 14 quilates, con la fiabilidad del cuarzo suizo y fabricado en 2007 \u2014lo que implica intervalos de mantenimiento acordes con los est\u00e1ndares modernos\u2014: se trata de un reloj de lujo pr\u00e1ctico a un precio de segunda mano que resulta totalmente l\u00f3gico para el comprador informado.<\/p>\n<p>Compre en l\u00ednea con env\u00edo asegurado a todo el pa\u00eds, o visite nuestra sala de exposici\u00f3n en Houston para comparar este Concord Classic con otros relojes de oro que tenemos actualmente en stock.<\/p>","protected":false},"excerpt":{"rendered":"<p>Concord Classic de oro amarillo de 14 quilates: esfera blanca con n\u00fameros romanos, indicador de fecha, mecanismo de cuarzo suizo. Referencia 28-14-268, a\u00f1o 2007. Un Concord del siglo XXI en oro amarillo macizo de 14 quilates: ofrece m\u00e1s por el precio de lo que cabr\u00eda esperar dada la prima que supone el reconocimiento de la marca.<\/p>","protected":false},"featured_media":45431,"template":"","meta":{"inline_featured_image":false},"product_brand":[],"product_cat":[1597,1598],"product_tag":[289,1831,1832,176],"class_list":{"0":"post-45443","1":"product","2":"type-product","3":"status-publish","4":"has-post-thumbnail","6":"product_cat-luxury-watches","7":"product_cat-mens-watches","8":"product_tag-14k-yellow-gold","9":"product_tag-concord","10":"product_tag-roman-dial","11":"product_tag-swiss-quartz","13":"first","14":"instock","15":"taxable","16":"shipping-taxable","17":"purchasable","18":"product-type-simple"},"desktop_mode_lock":null,"desktop_mode_contributors":[],"_links":{"self":[{"href":"https:\/\/www.houstongoldexchange.com\/es\/wp-json\/wp\/v2\/product\/45443","targetHints":{"allow":["GET"]}}],"collection":[{"href":"https:\/\/www.houstongoldexchange.com\/es\/wp-json\/wp\/v2\/product"}],"about":[{"href":"https:\/\/www.houstongoldexchange.com\/es\/wp-json\/wp\/v2\/types\/product"}],"wp:featuredmedia":[{"embeddable":true,"href":"https:\/\/www.houstongoldexchange.com\/es\/wp-json\/wp\/v2\/media\/45431"}],"wp:attachment":[{"href":"https:\/\/www.houstongoldexchange.com\/es\/wp-json\/wp\/v2\/media?parent=45443"}],"wp:term":[{"taxonomy":"product_brand","embeddable":true,"href":"https:\/\/www.houstongoldexchange.com\/es\/wp-json\/wp\/v2\/product_brand?post=45443"},{"taxonomy":"product_cat","embeddable":true,"href":"https:\/\/www.houstongoldexchange.com\/es\/wp-json\/wp\/v2\/product_cat?post=45443"},{"taxonomy":"product_tag","embeddable":true,"href":"https:\/\/www.houstongoldexchange.com\/es\/wp-json\/wp\/v2\/product_tag?post=45443"}],"curies":[{"name":"wp","href":"https:\/\/api.w.org\/{rel}","templated":true}]}}