{"id":45445,"date":"2025-03-26T17:04:02","date_gmt":"2025-03-26T17:04:02","guid":{"rendered":"https:\/\/www.houstongoldexchange.com\/?post_type=product&#038;p=45445"},"modified":"2026-04-11T05:57:59","modified_gmt":"2026-04-11T05:57:59","slug":"rolex-lady-date-3","status":"publish","type":"product","link":"https:\/\/www.houstongoldexchange.com\/es\/product\/luxury-watches\/rolex-luxury-watches\/rolex-lady-date-3\/","title":{"rendered":"Rolex Lady Date"},"content":{"rendered":"<p>El Lady Date bicolor, en oro de 18 quilates y acero inoxidable, es un ejemplo de la elegante funcionalidad de la f\u00f3rmula de Rolex: el tono dorado aporta calidez visual, mientras que el acero garantiza la durabilidad, en unas proporciones que Rolex ha perfeccionado a lo largo de d\u00e9cadas de fabricaci\u00f3n de modelos bicolores. La esfera con \u00edndices dorados crea una lectura monocrom\u00e1tica de oro sobre oro cuando el reloj capta la luz; los \u00edndices desaparecen en el fondo dorado bajo la luz brillante y emergen con nitidez en la sombra. Brazalete Jubilee, cristal acr\u00edlico, fecha sin ajuste r\u00e1pido. Una configuraci\u00f3n cl\u00e1sica a un precio honesto en el mercado secundario.<\/p>\n<p>Los relojes Lady Date bicolor son una opci\u00f3n habitual para quienes compran un Rolex por primera vez en las comunidades de Pearland y Friendswood, en Houston, as\u00ed como a nivel nacional: tienen un precio asequible, un dise\u00f1o cl\u00e1sico y siguen siendo actuales incluso tras d\u00e9cadas de uso. El inventario de relojes Rolex para mujer bicolor de Houston Gold Exchange ofrece opciones de distintos periodos de fabricaci\u00f3n y estados de conservaci\u00f3n, y describimos cada uno de ellos con total transparencia para ayudar a los compradores a tomar la decisi\u00f3n correcta.<\/p>\n<p>Visite nuestra sala de exposici\u00f3n en Houston para probarse la combinaci\u00f3n de dos tonos antes de decidirse. Se puede comprar en l\u00ednea con env\u00edo asegurado; p\u00f3ngase en contacto con nosotros para recibir fotograf\u00edas detalladas del estado del producto antes de realizar la compra.<\/p>","protected":false},"excerpt":{"rendered":"<p>Rolex Lady Date 25 mm \u2014 Oro amarillo de 18 quilates y acero inoxidable, esfera con \u00edndices dorados, brazalete Jubilee, cristal acr\u00edlico, sin ajuste r\u00e1pido. Un Rolex Lady Date bicolor con la c\u00e1lida combinaci\u00f3n de oro y acero que Rolex ha perfeccionado a lo largo de d\u00e9cadas de fabricaci\u00f3n de modelos bicolores.<\/p>","protected":false},"featured_media":45418,"template":"","meta":{"inline_featured_image":false},"product_brand":[],"product_cat":[1599,1600],"product_tag":[194,1820,1810,536,168],"class_list":{"0":"post-45445","1":"product","2":"type-product","3":"status-publish","4":"has-post-thumbnail","6":"product_cat-rolex-luxury-watches","7":"product_cat-womens-watches","8":"product_tag-18k","9":"product_tag-date","10":"product_tag-gold-dial","11":"product_tag-rolex","12":"product_tag-stainless-steel","14":"first","15":"instock","16":"taxable","17":"shipping-taxable","18":"purchasable","19":"product-type-simple"},"desktop_mode_lock":null,"desktop_mode_contributors":[],"_links":{"self":[{"href":"https:\/\/www.houstongoldexchange.com\/es\/wp-json\/wp\/v2\/product\/45445","targetHints":{"allow":["GET"]}}],"collection":[{"href":"https:\/\/www.houstongoldexchange.com\/es\/wp-json\/wp\/v2\/product"}],"about":[{"href":"https:\/\/www.houstongoldexchange.com\/es\/wp-json\/wp\/v2\/types\/product"}],"wp:featuredmedia":[{"embeddable":true,"href":"https:\/\/www.houstongoldexchange.com\/es\/wp-json\/wp\/v2\/media\/45418"}],"wp:attachment":[{"href":"https:\/\/www.houstongoldexchange.com\/es\/wp-json\/wp\/v2\/media?parent=45445"}],"wp:term":[{"taxonomy":"product_brand","embeddable":true,"href":"https:\/\/www.houstongoldexchange.com\/es\/wp-json\/wp\/v2\/product_brand?post=45445"},{"taxonomy":"product_cat","embeddable":true,"href":"https:\/\/www.houstongoldexchange.com\/es\/wp-json\/wp\/v2\/product_cat?post=45445"},{"taxonomy":"product_tag","embeddable":true,"href":"https:\/\/www.houstongoldexchange.com\/es\/wp-json\/wp\/v2\/product_tag?post=45445"}],"curies":[{"name":"wp","href":"https:\/\/api.w.org\/{rel}","templated":true}]}}