{"id":45447,"date":"2025-03-26T17:22:52","date_gmt":"2025-03-26T17:22:52","guid":{"rendered":"https:\/\/www.houstongoldexchange.com\/?post_type=product&#038;p=45447"},"modified":"2026-04-11T05:57:59","modified_gmt":"2026-04-11T05:57:59","slug":"baume-mercier-rivera","status":"publish","type":"product","link":"https:\/\/www.houstongoldexchange.com\/es\/product\/luxury-watches\/mens-watches\/baume-mercier-rivera\/","title":{"rendered":"Baume Mercier Rivera"},"content":{"rendered":"<p>Baume &amp; Mercier lleva fabricando distinguidos relojes suizos desde 1830 \u2014una tradici\u00f3n m\u00e1s antigua que la de muchas marcas de relojes con mayor reconocimiento\u2014 y la colecci\u00f3n Riviera representa lo mejor de su l\u00ednea de lujo para el hogar. Este Riviera de oro amarillo macizo de 18 quilates cuenta con una esfera color crema con n\u00fameros romanos y indicador de fecha, adem\u00e1s de cristal de zafiro, todo ello en una caja de 33 mm que puede llevarse como una caja m\u00e1s peque\u00f1a para hombre o como una caja m\u00e1s grande para mujer, dependiendo de la mu\u00f1eca. Movimiento de cuarzo suizo para una fiabilidad diaria. La construcci\u00f3n en oro macizo de 18 quilates es la realidad material que los precios de segunda mano a menudo subestiman: se trata de un aut\u00e9ntico reloj suizo de oro a una fracci\u00f3n de su precio de venta al p\u00fablico nuevo.<\/p>\n<p>Los compradores de Baume &amp; Mercier de las comunidades de Meyerland y Braeswood Place en Houston, as\u00ed como de todo el pa\u00eds, que van m\u00e1s all\u00e1 del renombre de la marca para fijarse en la realidad del producto, descubren que los relojes suizos de oro macizo de la firma ginebrina, a precios de segunda mano, ofrecen una relaci\u00f3n calidad-precio realmente atractiva. Houston Gold Exchange eval\u00faa el estado de la bater\u00eda y la integridad de la corona y las juntas de los relojes suizos de cuarzo antes de ponerlos a la venta.<\/p>\n<p>Compre en l\u00ednea con un proceso de pago seguro y env\u00edo asegurado a todo el pa\u00eds, o visite nuestra sala de exposici\u00f3n en Houston para comparar este reloj Baume &amp; Mercier con otros relojes suizos de oro que tenemos actualmente en stock.<\/p>","protected":false},"excerpt":{"rendered":"<p>Baume &amp; Mercier Riviera de oro amarillo de 18 quilates: esfera color crema con n\u00fameros romanos, cristal de zafiro, indicador de fecha, caja de 33 mm, mecanismo de cuarzo suizo. Un reloj de vestir suizo de oro macizo en la versi\u00f3n m\u00e1s elegante de la colecci\u00f3n Riviera, a un precio de segunda mano que hace justicia a la calidad de sus materiales.<\/p>","protected":false},"featured_media":45419,"template":"","meta":{"inline_featured_image":false},"product_brand":[],"product_cat":[1597,1598],"product_tag":[194,1835,1611,176],"class_list":{"0":"post-45447","1":"product","2":"type-product","3":"status-publish","4":"has-post-thumbnail","6":"product_cat-luxury-watches","7":"product_cat-mens-watches","8":"product_tag-18k","9":"product_tag-baume-mercier","10":"product_tag-rivera","11":"product_tag-swiss-quartz","13":"first","14":"instock","15":"sale","16":"taxable","17":"shipping-taxable","18":"purchasable","19":"product-type-simple"},"desktop_mode_lock":null,"desktop_mode_contributors":[],"_links":{"self":[{"href":"https:\/\/www.houstongoldexchange.com\/es\/wp-json\/wp\/v2\/product\/45447","targetHints":{"allow":["GET"]}}],"collection":[{"href":"https:\/\/www.houstongoldexchange.com\/es\/wp-json\/wp\/v2\/product"}],"about":[{"href":"https:\/\/www.houstongoldexchange.com\/es\/wp-json\/wp\/v2\/types\/product"}],"wp:featuredmedia":[{"embeddable":true,"href":"https:\/\/www.houstongoldexchange.com\/es\/wp-json\/wp\/v2\/media\/45419"}],"wp:attachment":[{"href":"https:\/\/www.houstongoldexchange.com\/es\/wp-json\/wp\/v2\/media?parent=45447"}],"wp:term":[{"taxonomy":"product_brand","embeddable":true,"href":"https:\/\/www.houstongoldexchange.com\/es\/wp-json\/wp\/v2\/product_brand?post=45447"},{"taxonomy":"product_cat","embeddable":true,"href":"https:\/\/www.houstongoldexchange.com\/es\/wp-json\/wp\/v2\/product_cat?post=45447"},{"taxonomy":"product_tag","embeddable":true,"href":"https:\/\/www.houstongoldexchange.com\/es\/wp-json\/wp\/v2\/product_tag?post=45447"}],"curies":[{"name":"wp","href":"https:\/\/api.w.org\/{rel}","templated":true}]}}