{"id":45448,"date":"2025-03-26T17:28:23","date_gmt":"2025-03-26T17:28:23","guid":{"rendered":"https:\/\/www.houstongoldexchange.com\/?post_type=product&#038;p=45448"},"modified":"2026-04-11T05:57:59","modified_gmt":"2026-04-11T05:57:59","slug":"reloj-senora-18k-concord-diamante","status":"publish","type":"product","link":"https:\/\/www.houstongoldexchange.com\/es\/product\/luxury-watches\/womens-watches\/18k-concord-diamond-lady-watch\/","title":{"rendered":"Reloj Concord Diamond Lady 18K"},"content":{"rendered":"<p>El Concord Diamond Lady representa la faceta m\u00e1s centrada en la joyer\u00eda de la marca suiza: una caja de oro amarillo de 18 quilates que alberga un movimiento de cuarzo suizo, con una esfera de n\u00e1car y diamantes y un bisel de diamantes que, en conjunto, crean un reloj en el que la l\u00ednea divisoria entre el reloj y la joyer\u00eda fina pr\u00e1cticamente desaparece. Con 23,5 mm, la caja es \u00edntima y femenina. Se incluye la caja original, lo que a\u00f1ade valor documental a una pieza que se beneficia de una procedencia confirmada. En este contexto, las esferas de n\u00e1car captan la luz de manera diferente a las esferas lacadas o met\u00e1licas: la cualidad iridiscente y cambiante del n\u00e1car genuino crea una esfera que cambia de car\u00e1cter con la luz del d\u00eda.<\/p>\n<p>Los relojes suizos para mujer totalmente engastados en oro macizo y con sus cajas originales atraen a compradores de las comunidades de Bellaire y Southside Place, en Houston, as\u00ed como de todo el pa\u00eds, que buscan la calidad de un reloj de alta gama junto con la est\u00e9tica de la joyer\u00eda fina aut\u00e9ntica. El menor perfil de Concord en el mercado secundario, en comparaci\u00f3n con Rolex y Omega, significa que los compradores que conocen la calidad de los materiales de la marca obtienen un reloj de mucho mayor valor por su inversi\u00f3n de lo que sugerir\u00eda la prima por el reconocimiento de la marca.<\/p>\n<p>Disponible para ver en persona en nuestra sala de exposici\u00f3n de Houston o para comprar directamente en l\u00ednea con env\u00edo asegurado a todo el pa\u00eds. La caja original se incluye con la compra.<\/p>","protected":false},"excerpt":{"rendered":"<p>Reloj Concord Diamond Lady de oro amarillo de 18 quilates: esfera de n\u00e1car con diamantes, bisel con diamantes, mecanismo de cuarzo suizo, caja de 23,5 mm. Incluye caja original. Un Concord totalmente engastado en el que la distinci\u00f3n entre reloj y joyer\u00eda fina se desvanece por completo.<\/p>","protected":false},"featured_media":45403,"template":"","meta":{"inline_featured_image":false},"product_brand":[],"product_cat":[1597,1600],"product_tag":[194,1831,196,1836,513,176],"class_list":{"0":"post-45448","1":"product","2":"type-product","3":"status-publish","4":"has-post-thumbnail","6":"product_cat-luxury-watches","7":"product_cat-womens-watches","8":"product_tag-18k","9":"product_tag-concord","10":"product_tag-diamonds","11":"product_tag-lady-watch","12":"product_tag-mother-of-pearl","13":"product_tag-swiss-quartz","15":"first","16":"instock","17":"sale","18":"taxable","19":"shipping-taxable","20":"purchasable","21":"product-type-simple"},"desktop_mode_lock":null,"desktop_mode_contributors":[],"_links":{"self":[{"href":"https:\/\/www.houstongoldexchange.com\/es\/wp-json\/wp\/v2\/product\/45448","targetHints":{"allow":["GET"]}}],"collection":[{"href":"https:\/\/www.houstongoldexchange.com\/es\/wp-json\/wp\/v2\/product"}],"about":[{"href":"https:\/\/www.houstongoldexchange.com\/es\/wp-json\/wp\/v2\/types\/product"}],"wp:featuredmedia":[{"embeddable":true,"href":"https:\/\/www.houstongoldexchange.com\/es\/wp-json\/wp\/v2\/media\/45403"}],"wp:attachment":[{"href":"https:\/\/www.houstongoldexchange.com\/es\/wp-json\/wp\/v2\/media?parent=45448"}],"wp:term":[{"taxonomy":"product_brand","embeddable":true,"href":"https:\/\/www.houstongoldexchange.com\/es\/wp-json\/wp\/v2\/product_brand?post=45448"},{"taxonomy":"product_cat","embeddable":true,"href":"https:\/\/www.houstongoldexchange.com\/es\/wp-json\/wp\/v2\/product_cat?post=45448"},{"taxonomy":"product_tag","embeddable":true,"href":"https:\/\/www.houstongoldexchange.com\/es\/wp-json\/wp\/v2\/product_tag?post=45448"}],"curies":[{"name":"wp","href":"https:\/\/api.w.org\/{rel}","templated":true}]}}